{"id":1062,"date":"2024-04-10T13:18:26","date_gmt":"2024-04-10T13:18:26","guid":{"rendered":"https:\/\/doctoralaurafernandez.com\/?page_id=1062"},"modified":"2024-11-21T15:44:27","modified_gmt":"2024-11-21T15:44:27","slug":"aviso-legal","status":"publish","type":"page","link":"https:\/\/doctoralaurafernandez.com\/en\/aviso-legal\/","title":{"rendered":"aviso legal"},"content":{"rendered":"<h1 class=\"wp-block-heading\">Legal Notice<\/h1>\n\n\n\n<h3 class=\"wp-block-heading\"><strong>AVISO LEGAL<\/strong><\/h3>\n\n\n\n<h3 class=\"wp-block-heading\"><strong>DATOS IDENTIFICATIVOS<\/strong><\/h3>\n\n\n\n<ul class=\"wp-block-list\">\n<li>Identidad: Cl\u00ednica Laura Fern\u00e1ndez<\/li>\n\n\n\n<li>CIF: B13920848<\/li>\n\n\n\n<li>Domicilio:&nbsp;Edificio Las Terrazas de Botafoch, Paseo Joan Carles I, 39, local 12, 07800 Ibiza, Balearic Islands<\/li>\n\n\n\n<li>Tel\u00e9fono: 971 93 11 77<\/li>\n\n\n\n<li>Inscripci\u00f3n: Paseo Joan Car<\/li>\n\n\n\n<li>Correo electr\u00f3nico: info@clinicalf.com<br><\/li>\n<\/ul>\n\n\n\n<h2 class=\"wp-block-heading\"><strong>CONDICIONES GENERALES DE USO<\/strong><\/h2>\n\n\n\n<p><strong><br><\/strong>Con car\u00e1cter general, el Usuario se obliga al cumplimiento de las presentes condiciones y t\u00e9rminos de uso, y obrar siempre conforme a la ley, a las buenas<br>costumbres y a las exigencias de la buena fe, empleando la diligencia adecuada a la naturaleza del servicio del que disfruta, y absteni\u00e9ndose de utilizar el presente sitio web de cualquier forma que pueda impedir, da\u00f1ar o deteriorar el normal funcionamiento del mismo, los bienes o derechos del titular del sitio web, del resto de Usuarios o, en general, de cualquier tercero.<br>Cl\u00ednica Laura Fern\u00e1ndez podr\u00e1, en todo momento y sin previo aviso, modificar las presentes Condiciones Generales, as\u00ed como las Condiciones Particulares que, en su caso, se incluyan, mediante la publicaci\u00f3n de dichas modificaciones en el sitio web con el fin de que puedan ser conocidas por los Usuarios.<\/p>\n\n\n\n<p><strong>PROPIEDAD INTELECTUAL E INDUSTRIAL<br><\/strong>Cl\u00ednica Laura Fern\u00e1ndez es titular de todos los derechos de propiedad intelectual e industrial de su sitio web www.doctoralaurafernandez.com, as\u00ed como de los elementos contenidos en el mismo.<br>En virtud de lo dispuesto en la Ley de Propiedad Intelectual, queda expresamente prohibida la reproducci\u00f3n, la distribuci\u00f3n y la comunicaci\u00f3n p\u00fablica, incluida su modalidad de puesta a disposici\u00f3n, de la totalidad o parte de los contenidos de esta p\u00e1gina web, con fines comerciales, en cualquier soporte y por cualquier medio t\u00e9cnico, sin la autorizaci\u00f3n de Cl\u00ednica Laura Fern\u00e1ndez.<br>El Usuario se compromete a respetar los derechos de Propiedad Intelectual e Industrial titularidad de Cl\u00ednica Laura Fern\u00e1ndez.<br>El Usuario que acceda a este sitio web www.doctoralaurafernandez.com no est\u00e1 autorizado a ceder, distribuir o difundir por ning\u00fan medio, ni en todo ni en parte, elementos propiedad de Cl\u00ednica Laura Fern\u00e1ndez contenidos en este sitio web, ni a enviarlos por correo electr\u00f3nico con fines distintos a los autorizados previamente por Cl\u00ednica Laura Fern\u00e1ndez, ni a modificarlos o alterarlos en modo alguno. En ning\u00fan caso podr\u00e1 ser cedida o<br>transmitida a terceros la informaci\u00f3n y elementos bajados o copiados de este sitio web.<br>Queda prohibida la utilizaci\u00f3n del nombre comercial, las marcas, logo, servicios incluidos en este sitio web por terceros que carezcan de autorizaci\u00f3n previa de Cl\u00ednica Laura Fern\u00e1ndez<br>Cl\u00ednica Laura Fern\u00e1ndez se reserva la posibilidad de ejercer las acciones judiciales que correspondan contra el Usuario que viole o infrinja los derechos de propiedad intelectual, industrial, derechos de explotaci\u00f3n del valor comercial y publicitario de la imagen y otros derechos an\u00e1logos.<\/p>\n\n\n\n<h3 class=\"wp-block-heading\"><strong>HIPERENLACES<\/strong><\/h3>\n\n\n\n<p><strong><br><\/strong>En relaci\u00f3n con la creaci\u00f3n de hiperenlaces entre las p\u00e1ginas webs de usuarios de Internet y este sitio web www.doctoralaurafernandez.com, los usuarios de Internet deber\u00e1n realizar el hiperenlace teniendo este \u00fanicamente acceso a la homepage, no pudiendo reproducirlas de otra forma. No se permite la creaci\u00f3n de un frame sobre las p\u00e1ginas internas del este sitio web www.doctoralaurafernandez.com, y tampoco se permite la utilizaci\u00f3n de<br>elementos propiedad de Cl\u00ednica Laura Fern\u00e1ndez, sin su previo y expreso consentimiento.<br>El establecimiento de un hiperenlace como el indicado anteriormente, no significar\u00e1 la existencia de relaciones entre Cl\u00ednica Laura Fern\u00e1ndez y el propietario de la p\u00e1gina web en la cual el hiperenlace estuviera establecido, salvo que fuera expresamente manifestado lo contrario por las partes, en virtud de acuerdos comerciales con el propietario de esa p\u00e1gina web.<\/p>\n\n\n\n<h2 class=\"wp-block-heading\"><strong>EXONERACI\u00d3N DE RESPONSABILIDAD<\/strong><\/h2>\n\n\n\n<p><br>Tanto el acceso al sitio web www.doctoralaurafernandez.com propiedad de Cl\u00ednica Laura Fern\u00e1ndez, como el uso que pueda hacerse de la informaci\u00f3n contenida en el mismo es de la exclusiva responsabilidad de quien lo realiza, el Usuario.<br>Cl\u00ednica Laura Fern\u00e1ndez podr\u00e1, cuando lo considere conveniente, realizar correcciones, mejoras o modificaciones en la informaci\u00f3n contenida en el presente sitio web sin que ello de lugar, ni derecho a ninguna reclamaci\u00f3n o indemnizaci\u00f3n, ni implique reconocimiento de responsabilidad alguna. Tampoco se har\u00e1 responsable por los da\u00f1os y perjuicios de cualquier naturaleza que se pudieran derivar de la disponibilidad y continuidad t\u00e9cnica del funcionamiento del presente sitio web.<br>Cl\u00ednica Laura Fern\u00e1ndez no se hace responsable de los posibles errores de seguridad que se puedan producir, ni de los posibles da\u00f1os que puedan causarse al sistema inform\u00e1tico del Usuario (hardware y software), de los ficheros o documentos almacenados en el<br>mismo, como consecuencia de la presencia de un virus en el ordenador del Usuario utilizado para la conexi\u00f3n a los servicios y contenidos de la Web, de un mal funcionamiento del navegador o del uso de versiones no actualizadas del mismo.<\/p>\n\n\n\n<h3 class=\"wp-block-heading\"><strong>LEY Y JURISDICCI\u00d3N APLICABLE<\/strong><\/h3>\n\n\n\n<p><br>Cualquier controversia que pudiera derivarse del acceso o de la utilizaci\u00f3n del sitio web www.doctoralaurafernandez.com, se somete a la exclusiva jurisdicci\u00f3n de los tribunales de la ciudad de Ibiza y sus superiores jer\u00e1rquicos.<br>Los t\u00e9rminos y condiciones que rigen este sitio web y todas las relaciones que pudieran derivarse se encuentran salvaguardadas por la legislaci\u00f3n espa\u00f1ola.<\/p>\n\n\n\n<p><\/p>","protected":false},"excerpt":{"rendered":"<p>Aviso Legal AVISO LEGAL DATOS IDENTIFICATIVOS CONDICIONES GENERALES DE USO Con car\u00e1cter general, el Usuario se obliga al cumplimiento de las presentes condiciones y t\u00e9rminos de uso, y obrar siempre conforme a la ley, a las buenascostumbres y a las exigencias de la buena fe, empleando la diligencia adecuada a la naturaleza del servicio del&hellip;&nbsp;<a href=\"https:\/\/doctoralaurafernandez.com\/en\/aviso-legal\/\" rel=\"bookmark\">Read More &raquo;<span class=\"screen-reader-text\">aviso legal<\/span><\/a><\/p>","protected":false},"author":1,"featured_media":0,"parent":0,"menu_order":0,"comment_status":"closed","ping_status":"closed","template":"","meta":{"neve_meta_sidebar":"","neve_meta_container":"","neve_meta_enable_content_width":"","neve_meta_content_width":0,"neve_meta_title_alignment":"","neve_meta_author_avatar":"","neve_post_elements_order":"","neve_meta_disable_header":"","neve_meta_disable_footer":"","neve_meta_disable_title":"","_themeisle_gutenberg_block_has_review":false,"_joinchat":[],"footnotes":""},"class_list":["post-1062","page","type-page","status-publish","hentry"],"yoast_head":"<!-- This site is optimized with the Yoast SEO plugin v27.6 - https:\/\/yoast.com\/product\/yoast-seo-wordpress\/ -->\n<title>aviso legal | Dra Laura Fern\u00e1ndez Medicina Est\u00e9tica Ibiza<\/title>\n<meta name=\"description\" content=\"Cl\u00ednica Laura Fern\u00e1ndez: Aviso Legal. Condiciones generales de uso. Aviso legal con la informaci\u00f3n legal y las condiciones de uso de la web.\" \/>\n<meta name=\"robots\" content=\"index, follow, max-snippet:-1, max-image-preview:large, max-video-preview:-1\" \/>\n<link rel=\"canonical\" href=\"https:\/\/doctoralaurafernandez.com\/en\/aviso-legal\/\" \/>\n<meta property=\"og:locale\" content=\"en_GB\" \/>\n<meta property=\"og:type\" content=\"article\" \/>\n<meta property=\"og:title\" content=\"aviso legal | Dra Laura Fern\u00e1ndez Medicina Est\u00e9tica Ibiza\" \/>\n<meta property=\"og:description\" content=\"Cl\u00ednica Laura Fern\u00e1ndez: Aviso Legal. Condiciones generales de uso. Aviso legal con la informaci\u00f3n legal y las condiciones de uso de la web.\" \/>\n<meta property=\"og:url\" content=\"https:\/\/doctoralaurafernandez.com\/en\/aviso-legal\/\" \/>\n<meta property=\"og:site_name\" content=\"Dra Laura Fern\u00e1ndez Medicina Est\u00e9tica Ibiza\" \/>\n<meta property=\"article:publisher\" content=\"https:\/\/www.facebook.com\/laura.clinicamedicinaestetica\" \/>\n<meta property=\"article:modified_time\" content=\"2024-11-21T15:44:27+00:00\" \/>\n<meta property=\"og:image\" content=\"https:\/\/doctoralaurafernandez.com\/wp-content\/uploads\/2024\/04\/DSC01132-scaled.jpg\" \/>\n\t<meta property=\"og:image:width\" content=\"1707\" \/>\n\t<meta property=\"og:image:height\" content=\"2560\" \/>\n\t<meta property=\"og:image:type\" content=\"image\/jpeg\" \/>\n<meta name=\"twitter:card\" content=\"summary_large_image\" \/>\n<meta name=\"twitter:label1\" content=\"Estimated reading time\" \/>\n\t<meta name=\"twitter:data1\" content=\"4 minutes\" \/>\n<script type=\"application\/ld+json\" class=\"yoast-schema-graph\">{\"@context\":\"https:\\\/\\\/schema.org\",\"@graph\":[{\"@type\":\"WebPage\",\"@id\":\"https:\\\/\\\/doctoralaurafernandez.com\\\/aviso-legal\\\/\",\"url\":\"https:\\\/\\\/doctoralaurafernandez.com\\\/aviso-legal\\\/\",\"name\":\"aviso legal | Dra Laura Fern\u00e1ndez Medicina Est\u00e9tica Ibiza\",\"isPartOf\":{\"@id\":\"https:\\\/\\\/doctoralaurafernandez.com\\\/#website\"},\"datePublished\":\"2024-04-10T13:18:26+00:00\",\"dateModified\":\"2024-11-21T15:44:27+00:00\",\"description\":\"Cl\u00ednica Laura Fern\u00e1ndez: Aviso Legal. Condiciones generales de uso. Aviso legal con la informaci\u00f3n legal y las condiciones de uso de la web.\",\"breadcrumb\":{\"@id\":\"https:\\\/\\\/doctoralaurafernandez.com\\\/aviso-legal\\\/#breadcrumb\"},\"inLanguage\":\"en-GB\",\"potentialAction\":[{\"@type\":\"ReadAction\",\"target\":[\"https:\\\/\\\/doctoralaurafernandez.com\\\/aviso-legal\\\/\"]}]},{\"@type\":\"BreadcrumbList\",\"@id\":\"https:\\\/\\\/doctoralaurafernandez.com\\\/aviso-legal\\\/#breadcrumb\",\"itemListElement\":[{\"@type\":\"ListItem\",\"position\":1,\"name\":\"Portada\",\"item\":\"https:\\\/\\\/doctoralaurafernandez.com\\\/\"},{\"@type\":\"ListItem\",\"position\":2,\"name\":\"aviso legal\"}]},{\"@type\":\"WebSite\",\"@id\":\"https:\\\/\\\/doctoralaurafernandez.com\\\/#website\",\"url\":\"https:\\\/\\\/doctoralaurafernandez.com\\\/\",\"name\":\"Dra. Laura Fern\u00e1ndez\",\"description\":\"Medicina Est\u00e9tica en Ibiza\",\"publisher\":{\"@id\":\"https:\\\/\\\/doctoralaurafernandez.com\\\/#organization\"},\"potentialAction\":[{\"@type\":\"SearchAction\",\"target\":{\"@type\":\"EntryPoint\",\"urlTemplate\":\"https:\\\/\\\/doctoralaurafernandez.com\\\/?s={search_term_string}\"},\"query-input\":{\"@type\":\"PropertyValueSpecification\",\"valueRequired\":true,\"valueName\":\"search_term_string\"}}],\"inLanguage\":\"en-GB\"},{\"@type\":\"Organization\",\"@id\":\"https:\\\/\\\/doctoralaurafernandez.com\\\/#organization\",\"name\":\"Dra. Laura Fern\u00e1ndez\",\"url\":\"https:\\\/\\\/doctoralaurafernandez.com\\\/\",\"logo\":{\"@type\":\"ImageObject\",\"inLanguage\":\"en-GB\",\"@id\":\"https:\\\/\\\/doctoralaurafernandez.com\\\/#\\\/schema\\\/logo\\\/image\\\/\",\"url\":\"https:\\\/\\\/doctoralaurafernandez.com\\\/wp-content\\\/uploads\\\/2024\\\/04\\\/cropped-Logo-Clinica-1.jpg\",\"contentUrl\":\"https:\\\/\\\/doctoralaurafernandez.com\\\/wp-content\\\/uploads\\\/2024\\\/04\\\/cropped-Logo-Clinica-1.jpg\",\"width\":512,\"height\":512,\"caption\":\"Dra. Laura Fern\u00e1ndez\"},\"image\":{\"@id\":\"https:\\\/\\\/doctoralaurafernandez.com\\\/#\\\/schema\\\/logo\\\/image\\\/\"},\"sameAs\":[\"https:\\\/\\\/www.facebook.com\\\/laura.clinicamedicinaestetica\",\"https:\\\/\\\/www.instagram.com\\\/dralaurafernandezibiza\\\/\"]}]}<\/script>\n<!-- \/ Yoast SEO plugin. -->","yoast_head_json":{"title":"aviso legal | Dra Laura Fern\u00e1ndez Medicina Est\u00e9tica Ibiza","description":"Cl\u00ednica Laura Fern\u00e1ndez: Aviso Legal. Condiciones generales de uso. Aviso legal con la informaci\u00f3n legal y las condiciones de uso de la web.","robots":{"index":"index","follow":"follow","max-snippet":"max-snippet:-1","max-image-preview":"max-image-preview:large","max-video-preview":"max-video-preview:-1"},"canonical":"https:\/\/doctoralaurafernandez.com\/en\/aviso-legal\/","og_locale":"en_GB","og_type":"article","og_title":"aviso legal | Dra Laura Fern\u00e1ndez Medicina Est\u00e9tica Ibiza","og_description":"Cl\u00ednica Laura Fern\u00e1ndez: Aviso Legal. Condiciones generales de uso. Aviso legal con la informaci\u00f3n legal y las condiciones de uso de la web.","og_url":"https:\/\/doctoralaurafernandez.com\/en\/aviso-legal\/","og_site_name":"Dra Laura Fern\u00e1ndez Medicina Est\u00e9tica Ibiza","article_publisher":"https:\/\/www.facebook.com\/laura.clinicamedicinaestetica","article_modified_time":"2024-11-21T15:44:27+00:00","og_image":[{"width":1707,"height":2560,"url":"https:\/\/doctoralaurafernandez.com\/wp-content\/uploads\/2024\/04\/DSC01132-scaled.jpg","type":"image\/jpeg"}],"twitter_card":"summary_large_image","twitter_misc":{"Estimated reading time":"4 minutes"},"schema":{"@context":"https:\/\/schema.org","@graph":[{"@type":"WebPage","@id":"https:\/\/doctoralaurafernandez.com\/aviso-legal\/","url":"https:\/\/doctoralaurafernandez.com\/aviso-legal\/","name":"aviso legal | Dra Laura Fern\u00e1ndez Medicina Est\u00e9tica Ibiza","isPartOf":{"@id":"https:\/\/doctoralaurafernandez.com\/#website"},"datePublished":"2024-04-10T13:18:26+00:00","dateModified":"2024-11-21T15:44:27+00:00","description":"Cl\u00ednica Laura Fern\u00e1ndez: Aviso Legal. Condiciones generales de uso. Aviso legal con la informaci\u00f3n legal y las condiciones de uso de la web.","breadcrumb":{"@id":"https:\/\/doctoralaurafernandez.com\/aviso-legal\/#breadcrumb"},"inLanguage":"en-GB","potentialAction":[{"@type":"ReadAction","target":["https:\/\/doctoralaurafernandez.com\/aviso-legal\/"]}]},{"@type":"BreadcrumbList","@id":"https:\/\/doctoralaurafernandez.com\/aviso-legal\/#breadcrumb","itemListElement":[{"@type":"ListItem","position":1,"name":"Portada","item":"https:\/\/doctoralaurafernandez.com\/"},{"@type":"ListItem","position":2,"name":"aviso legal"}]},{"@type":"WebSite","@id":"https:\/\/doctoralaurafernandez.com\/#website","url":"https:\/\/doctoralaurafernandez.com\/","name":"Dra. Laura Fern\u00e1ndez","description":"Medicina Est\u00e9tica en Ibiza","publisher":{"@id":"https:\/\/doctoralaurafernandez.com\/#organization"},"potentialAction":[{"@type":"SearchAction","target":{"@type":"EntryPoint","urlTemplate":"https:\/\/doctoralaurafernandez.com\/?s={search_term_string}"},"query-input":{"@type":"PropertyValueSpecification","valueRequired":true,"valueName":"search_term_string"}}],"inLanguage":"en-GB"},{"@type":"Organization","@id":"https:\/\/doctoralaurafernandez.com\/#organization","name":"Dra. Laura Fern\u00e1ndez","url":"https:\/\/doctoralaurafernandez.com\/","logo":{"@type":"ImageObject","inLanguage":"en-GB","@id":"https:\/\/doctoralaurafernandez.com\/#\/schema\/logo\/image\/","url":"https:\/\/doctoralaurafernandez.com\/wp-content\/uploads\/2024\/04\/cropped-Logo-Clinica-1.jpg","contentUrl":"https:\/\/doctoralaurafernandez.com\/wp-content\/uploads\/2024\/04\/cropped-Logo-Clinica-1.jpg","width":512,"height":512,"caption":"Dra. Laura Fern\u00e1ndez"},"image":{"@id":"https:\/\/doctoralaurafernandez.com\/#\/schema\/logo\/image\/"},"sameAs":["https:\/\/www.facebook.com\/laura.clinicamedicinaestetica","https:\/\/www.instagram.com\/dralaurafernandezibiza\/"]}]}},"jetpack_sharing_enabled":true,"_links":{"self":[{"href":"https:\/\/doctoralaurafernandez.com\/en\/wp-json\/wp\/v2\/pages\/1062","targetHints":{"allow":["GET"]}}],"collection":[{"href":"https:\/\/doctoralaurafernandez.com\/en\/wp-json\/wp\/v2\/pages"}],"about":[{"href":"https:\/\/doctoralaurafernandez.com\/en\/wp-json\/wp\/v2\/types\/page"}],"author":[{"embeddable":true,"href":"https:\/\/doctoralaurafernandez.com\/en\/wp-json\/wp\/v2\/users\/1"}],"replies":[{"embeddable":true,"href":"https:\/\/doctoralaurafernandez.com\/en\/wp-json\/wp\/v2\/comments?post=1062"}],"version-history":[{"count":4,"href":"https:\/\/doctoralaurafernandez.com\/en\/wp-json\/wp\/v2\/pages\/1062\/revisions"}],"predecessor-version":[{"id":1371,"href":"https:\/\/doctoralaurafernandez.com\/en\/wp-json\/wp\/v2\/pages\/1062\/revisions\/1371"}],"wp:attachment":[{"href":"https:\/\/doctoralaurafernandez.com\/en\/wp-json\/wp\/v2\/media?parent=1062"}],"curies":[{"name":"wp","href":"https:\/\/api.w.org\/{rel}","templated":true}]}}