{"id":2,"date":"2023-01-25T12:32:10","date_gmt":"2023-01-25T12:32:10","guid":{"rendered":"http:\/\/doctoralaurafernandez.com\/?page_id=2"},"modified":"2024-04-11T13:42:33","modified_gmt":"2024-04-11T13:42:33","slug":"sample-page","status":"publish","type":"page","link":"https:\/\/doctoralaurafernandez.com\/en\/sample-page\/","title":{"rendered":"Cookie Policy"},"content":{"rendered":"<h1 class=\"wp-block-heading\">Cookie Policy<\/h1>\n\n\n\n<h2 class=\"wp-block-heading\"><strong>POL\u00cdTICA DE COOKIES<\/strong><\/h2>\n\n\n\n<p>En cumplimiento con el deber de informaci\u00f3n establecido en el art\u00edculo 22 de la Ley 34\/2002, de 11 de julio, de Servicios de la Sociedad de la Informaci\u00f3n y del Comercio Electr\u00f3nico (LSSI), y del Considerando 30 del Reglamento General de Protecci\u00f3n de Datos (RGPD), le informamos que el presente Sitio Web www.doctoralaurafernandez.com utiliza Cookies tanto propias como de terceros con diversas finalidades.<\/p>\n\n\n\n<h2 class=\"wp-block-heading\">1. \u00bfQu\u00e9 son las Cookies?<\/h2>\n\n\n\n<p>Las Cookies son archivos que los sitios web o las aplicaciones instalan en el navegador o en el dispositivo (ordenador, smartphone, tablet o televisi\u00f3n conectada) del usuario durante su recorrido por las p\u00e1ginas del sitio web o por la aplicaci\u00f3n, y sirven para almacenar informaci\u00f3n sobre su visita.<\/p>\n\n\n\n<p>Como la mayor\u00eda de los sitios en internet, este sitio web www.doctoralaurafernandez.com utiliza Cookies para:<\/p>\n\n\n\n<p>\u2013 Asegurar que las p\u00e1ginas web pueden funcionar correctamente.<br>\u2013 Almacenar las preferencias, como el idioma que ha seleccionado o el tama\u00f1o de letra.<br>\u2013 Conocer la experiencia de navegaci\u00f3n del usuario.<br>\u2013 Recopilar informaci\u00f3n estad\u00edstica an\u00f3nima, como qu\u00e9 p\u00e1ginas ha visitado el usuario o cu\u00e1nto tiempo ha permanecido en el sitio web.<\/p>\n\n\n\n<p>El uso de Cookies permite optimizar la navegaci\u00f3n, adaptando la informaci\u00f3n y los servicios ofrecidos a los intereses del usuario, para proporcionarle una mejor experiencia siempre que visita el sitio web.<\/p>\n\n\n\n<p>Este sitio web utiliza Cookies para funcionar, adaptar y facilitar al m\u00e1ximo la navegaci\u00f3n del usuario.<\/p>\n\n\n\n<h2 class=\"wp-block-heading\">2. Tipolog\u00eda, finalidad y funcionamiento.<\/h2>\n\n\n\n<p>Las Cookies, en funci\u00f3n de su permanencia, pueden dividirse en Cookies de sesi\u00f3n o permanentes. Las primeras expiran cuando el usuario cierra el navegador. Las segundas expiran cuando se cumple el objetivo para el que sirven (por ejemplo, para que el usuario se mantenga identificado en el sitio web) o bien cuando se borran manualmente.<\/p>\n\n\n\n<p>Adicionalmente,&nbsp;en funci\u00f3n de su objetivo, las&nbsp;Cookies&nbsp;pueden clasificarse de la siguiente forma:<\/p>\n\n\n\n<p>\uf0b7 Estrictamente necesarias (t\u00e9cnicas): Son aquellas imprescindibles para el correcto funcionamiento de la p\u00e1gina. Normalmente se generan cuando el usuario accede al sitio web o inicia sesi\u00f3n en el mismo y se utilizan para identificarle en el sitio web con los siguientes objetivos:<\/p>\n\n\n\n<p>\uf0fc Mantener al usuario identificado de forma que, si abandona el sitio web, el navegador o el dispositivo y en otro momento vuelve a acceder a dicho sitio web, seguir\u00e1 identificado, facilitando as\u00ed su navegaci\u00f3n sin tener que volver a identificarse.<\/p>\n\n\n\n<p>\uf0fc Comprobar si el usuario est\u00e1 autorizado para acceder a ciertosservicios o zonas del sitio web.<\/p>\n\n\n\n<p>\uf0b7 De rendimiento: Se utilizan para mejorar la experiencia de navegaci\u00f3n y optimizar el funcionamiento del sitio web como, por ejemplo, almacenar las configuraciones de servicios, o almacenar la compra realizada en un carrito de la compra.<\/p>\n\n\n\n<p>\uf0b7 De publicidad: Son aquellas que recaban informaci\u00f3n sobre los anuncios mostrados a los usuarios del sitio web. Pueden ser de dos tipos:<\/p>\n\n\n\n<p>\uf0fc An\u00f3nimas:&nbsp;Solo recopilan informaci\u00f3n sobre los espacios publicitarios mostrados en el sitio web, con independencia del usuario que accede al sitio web, es decir, sin identificarle expresamente.<\/p>\n\n\n\n<p>\uf0fc Personalizadas:&nbsp;Recopilan informaci\u00f3n personal del usuario del sitio web por parte de un tercero, para la personalizaci\u00f3n de dichos espacios publicitarios.<\/p>\n\n\n\n<p>\uf0b7 De geo-localizaci\u00f3n: Se utilizan para averiguar en qu\u00e9 pa\u00eds o regi\u00f3n se encuentra el usuario cuando accede a un servicio del sitio web con el fin de ofrecerle contenidos o servicios adecuados a su localizaci\u00f3n.<\/p>\n\n\n\n<p>\uf0b7 Anal\u00edticas (de an\u00e1lisis): Obtienen datos estad\u00edsticos para su procesamiento y presentaci\u00f3n. Recopilan informaci\u00f3n sobre la experiencia de navegaci\u00f3n del usuario en el sitio web, normalmente de forma an\u00f3nima, aunque en ocasiones tambi\u00e9n permiten identificar de manera \u00fanica e inequ\u00edvoca al usuario con el fin de obtener informes sobre los intereses de los usuarios en los servicios que ofrece el sitio web.<\/p>\n\n\n\n<p>\uf0b7 De registro: Mantienen sesiones de usuarios registrados en el sitio web.<\/p>\n\n\n\n<p>\uf0b7 De personalizaci\u00f3n: Guarda las preferencias de visualizaci\u00f3n del usuario para futuras visitas.<\/p>\n\n\n\n<p>\uf0b7 De redes sociales: utilizadas por plugins de tipo social.<\/p>\n\n\n\n<h2 class=\"wp-block-heading\">3. Cookies utilizadas en este sitio web.<\/h2>\n\n\n\n<p>Tabla de Cookies propias y de terceros usadas en el presente sitio web:<\/p>\n\n\n\n<p>Cookies Anal\u00edticas (Estad\u00edsticas).<\/p>\n\n\n\n<p>Son Cookies estad\u00edsticas aquellas que ayudan a los propietarios del Sitio Web a comprender c\u00f3mo interact\u00faan los visitantes con su Sitio Web, reuniendo y proporcionando informaci\u00f3n de forma an\u00f3nima.<\/p>\n\n\n\n<p>Cookie Duraci\u00f3n Tipo Origen \/ Prop\u00f3sito<\/p>\n\n\n\n<h2 class=\"wp-block-heading\">4. Deshabilitar el uso de Cookies.<\/h2>\n\n\n\n<p><br>Si el usuario as\u00ed lo desea, es posible dejar de aceptar las&nbsp;Cookies&nbsp;del navegador, o dejar de aceptar las&nbsp;Cookies&nbsp;de un servicio en particular.Todos los navegadores modernos permiten cambiar la configuraci\u00f3n de Cookies. Estos ajustes normalmente se encuentran en las \u201cOpciones\u201d o \u201cPreferencias\u201d del men\u00fa del navegador.<\/p>\n\n\n\n<p>El usuario podr\u00e1, en cualquier momento, deshabilitar el uso de Cookies en este sitio web mediante:<\/p>\n\n\n\n<p>La configuraci\u00f3n del&nbsp;navegador, por ejemplo:<\/p>\n\n\n\n<p>\u2013<\/p>\n\n\n\n<p>GoogleChrome:&nbsp;http:\/\/support.google.com\/chrome\/bin\/answer.py?hl=es&amp;answer=95647<\/p>\n\n\n\n<p>\u2013 InternetExplorer:&nbsp;http:\/\/windows.microsoft.com\/es-es\/windows7\/how-to-manage-cookies-in-internet-explorer-9<\/p>\n\n\n\n<p>\u2013 Mozilla Firefox:&nbsp;http:\/\/support.mozilla.org\/es\/kb\/habilitar-y-deshabilitar-cookies-que-los-sitios-we<\/p>\n\n\n\n<p>\u2013 Apple Safari:&nbsp;http:\/\/support.apple.com\/kb\/ph5042<\/p>\n\n\n\n<h2 class=\"wp-block-heading\">5. \u00bfQu\u00e9 ocurre al deshabilitar las Cookies?<\/h2>\n\n\n\n<p>Algunas funcionalidades y servicios pueden quedar deshabilitados o tener un comportamiento diferente al esperado como, por ejemplo, permanecer identificado, mantener las modificaciones realizadas en la plataforma o recibir informaci\u00f3n dirigida a su localizaci\u00f3n, entre otros.<\/p>\n\n\n\n<p>Si deshabilita el uso de&nbsp;Cookies&nbsp;en este sitio web es probable que deje de poder acceder a ciertas zonas del mismo o que se degrade notablemente la experiencia de navegaci\u00f3n en el mismo.<\/p>\n\n\n\n<h2 class=\"wp-block-heading\">6. Actualizaci\u00f3n de la Pol\u00edtica de Cookies.<\/h2>\n\n\n\n<p>Este sitio web www.doctoralaurafernandez.com puede modificar esta\u00a0Pol\u00edtica de Cookies\u00a0en funci\u00f3n de exigencias legislativas, reglamentarias, o con la finalidad de adaptar dicha pol\u00edtica a las instrucciones dictadas por la Agencia Espa\u00f1ola de Protecci\u00f3n de Datos, por ello se aconseja a los usuarios que la visiten peri\u00f3dicamente.<\/p>\n\n\n\n<p>Cuando se produzcan cambios significativos en esta&nbsp;Pol\u00edtica de Cookies, se comunicar\u00e1 a los usuarios bien mediante la web o a trav\u00e9s de correo electr\u00f3nico a los usuarios registrados.<\/p>\n\n\n\n<h2 class=\"wp-block-heading\">7. Aviso Legal \u2013 Google Analytics.<\/h2>\n\n\n\n<p>Esta p\u00e1gina web utiliza Google Analytics, un servicio anal\u00edtico de web prestado por Google, Inc., una compa\u00f1\u00eda de Delaware cuya oficina principal est\u00e1 en 1600 Amphitheatre Parkway, Mountain View (California), CA 94043, Estados Unidos (\u201cGoogle\u201d).<\/p>\n\n\n\n<p>Google Analytics utiliza \u201ccookies\u201d, que son archivos de texto ubicados en su ordenador, para ayudar al sitio web a analizar el uso que hacen los usuarios del sitio web. La informaci\u00f3n que genera la cookie acerca de su uso del sitio web (incluyendo su direcci\u00f3n IP) ser\u00e1 directamente transmitida y archivada por Google en los servidores de Estados Unidos. Google usar\u00e1 esta informaci\u00f3n por cuenta nuestra con el prop\u00f3sito de seguir la pista de su uso del sitio web, recopilando informes de la actividad del sitio web y prestando otros servicios relacionados con la actividad del sitio web y el uso de Internet. Google podr\u00e1 transmitir dicha informaci\u00f3n a terceros cuando as\u00ed se lo requiera la legislaci\u00f3n, o cuando dichos terceros procesen la informaci\u00f3n por cuentade Google. Google no asociar\u00e1 su direcci\u00f3n IP con ning\u00fan otro dato del que disponga Google.<\/p>\n\n\n\n<p>Puede usted rechazar el tratamiento de los datos o la informaci\u00f3n rechazando el uso de cookies mediante la selecci\u00f3n de la configuraci\u00f3n apropiada de su navegador, sin embargo, debe usted saber que si lo hace puede ser que no pueda usar la plena funcionabilidad de este sitio web. Al utilizar este sitio web, usted consiente el tratamiento de informaci\u00f3n acerca de usted por Google en la forma y para los finesarriba indicados.<\/p>\n\n\n\n<p>[http:\/\/www.google.com\/intl\/es\/policies\/privacy<\/p>","protected":false},"excerpt":{"rendered":"<p>Pol\u00edtica de Cookies POL\u00cdTICA DE COOKIES En cumplimiento con el deber de informaci\u00f3n establecido en el art\u00edculo 22 de la Ley 34\/2002, de 11 de julio, de Servicios de la Sociedad de la Informaci\u00f3n y del Comercio Electr\u00f3nico (LSSI), y del Considerando 30 del Reglamento General de Protecci\u00f3n de Datos (RGPD), le informamos que el&hellip;&nbsp;<a href=\"https:\/\/doctoralaurafernandez.com\/en\/sample-page\/\" rel=\"bookmark\">Read More &raquo;<span class=\"screen-reader-text\">Cookie Policy<\/span><\/a><\/p>","protected":false},"author":1,"featured_media":0,"parent":0,"menu_order":0,"comment_status":"closed","ping_status":"open","template":"","meta":{"neve_meta_sidebar":"","neve_meta_container":"","neve_meta_enable_content_width":"","neve_meta_content_width":0,"neve_meta_title_alignment":"","neve_meta_author_avatar":"","neve_post_elements_order":"","neve_meta_disable_header":"","neve_meta_disable_footer":"","neve_meta_disable_title":"","_themeisle_gutenberg_block_has_review":false,"_joinchat":[],"footnotes":""},"class_list":["post-2","page","type-page","status-publish","hentry"],"yoast_head":"<!-- This site is optimized with the Yoast SEO plugin v27.5 - https:\/\/yoast.com\/product\/yoast-seo-wordpress\/ -->\n<title>Pol\u00edtica de Cookies | Dra Laura Fern\u00e1ndez Medicina Est\u00e9tica Ibiza<\/title>\n<meta name=\"robots\" content=\"index, follow, max-snippet:-1, max-image-preview:large, max-video-preview:-1\" \/>\n<link rel=\"canonical\" href=\"https:\/\/doctoralaurafernandez.com\/en\/sample-page\/\" \/>\n<meta property=\"og:locale\" content=\"en_GB\" \/>\n<meta property=\"og:type\" content=\"article\" \/>\n<meta property=\"og:title\" content=\"Pol\u00edtica de Cookies | Dra Laura Fern\u00e1ndez Medicina Est\u00e9tica Ibiza\" \/>\n<meta property=\"og:description\" content=\"Pol\u00edtica de Cookies POL\u00cdTICA DE COOKIES En cumplimiento con el deber de informaci\u00f3n establecido en el art\u00edculo 22 de la Ley 34\/2002, de 11 de julio, de Servicios de la Sociedad de la Informaci\u00f3n y del Comercio Electr\u00f3nico (LSSI), y del Considerando 30 del Reglamento General de Protecci\u00f3n de Datos (RGPD), le informamos que el&hellip;&nbsp;Read More &raquo;Pol\u00edtica de Cookies\" \/>\n<meta property=\"og:url\" content=\"https:\/\/doctoralaurafernandez.com\/en\/sample-page\/\" \/>\n<meta property=\"og:site_name\" content=\"Dra Laura Fern\u00e1ndez Medicina Est\u00e9tica Ibiza\" \/>\n<meta property=\"article:publisher\" content=\"https:\/\/www.facebook.com\/laura.clinicamedicinaestetica\" \/>\n<meta property=\"article:modified_time\" content=\"2024-04-11T13:42:33+00:00\" \/>\n<meta property=\"og:image\" content=\"https:\/\/doctoralaurafernandez.com\/wp-content\/uploads\/2024\/04\/DSC01132-scaled.jpg\" \/>\n\t<meta property=\"og:image:width\" content=\"1707\" \/>\n\t<meta property=\"og:image:height\" content=\"2560\" \/>\n\t<meta property=\"og:image:type\" content=\"image\/jpeg\" \/>\n<meta name=\"twitter:card\" content=\"summary_large_image\" \/>\n<meta name=\"twitter:label1\" content=\"Estimated reading time\" \/>\n\t<meta name=\"twitter:data1\" content=\"6 minutes\" \/>\n<script type=\"application\/ld+json\" class=\"yoast-schema-graph\">{\"@context\":\"https:\\\/\\\/schema.org\",\"@graph\":[{\"@type\":\"WebPage\",\"@id\":\"https:\\\/\\\/doctoralaurafernandez.com\\\/sample-page\\\/\",\"url\":\"https:\\\/\\\/doctoralaurafernandez.com\\\/sample-page\\\/\",\"name\":\"Pol\u00edtica de Cookies | Dra Laura Fern\u00e1ndez Medicina Est\u00e9tica Ibiza\",\"isPartOf\":{\"@id\":\"https:\\\/\\\/doctoralaurafernandez.com\\\/#website\"},\"datePublished\":\"2023-01-25T12:32:10+00:00\",\"dateModified\":\"2024-04-11T13:42:33+00:00\",\"breadcrumb\":{\"@id\":\"https:\\\/\\\/doctoralaurafernandez.com\\\/sample-page\\\/#breadcrumb\"},\"inLanguage\":\"en-GB\",\"potentialAction\":[{\"@type\":\"ReadAction\",\"target\":[\"https:\\\/\\\/doctoralaurafernandez.com\\\/sample-page\\\/\"]}]},{\"@type\":\"BreadcrumbList\",\"@id\":\"https:\\\/\\\/doctoralaurafernandez.com\\\/sample-page\\\/#breadcrumb\",\"itemListElement\":[{\"@type\":\"ListItem\",\"position\":1,\"name\":\"Portada\",\"item\":\"https:\\\/\\\/doctoralaurafernandez.com\\\/\"},{\"@type\":\"ListItem\",\"position\":2,\"name\":\"Pol\u00edtica de Cookies\"}]},{\"@type\":\"WebSite\",\"@id\":\"https:\\\/\\\/doctoralaurafernandez.com\\\/#website\",\"url\":\"https:\\\/\\\/doctoralaurafernandez.com\\\/\",\"name\":\"Dra. Laura Fern\u00e1ndez\",\"description\":\"Medicina Est\u00e9tica en Ibiza\",\"publisher\":{\"@id\":\"https:\\\/\\\/doctoralaurafernandez.com\\\/#organization\"},\"potentialAction\":[{\"@type\":\"SearchAction\",\"target\":{\"@type\":\"EntryPoint\",\"urlTemplate\":\"https:\\\/\\\/doctoralaurafernandez.com\\\/?s={search_term_string}\"},\"query-input\":{\"@type\":\"PropertyValueSpecification\",\"valueRequired\":true,\"valueName\":\"search_term_string\"}}],\"inLanguage\":\"en-GB\"},{\"@type\":\"Organization\",\"@id\":\"https:\\\/\\\/doctoralaurafernandez.com\\\/#organization\",\"name\":\"Dra. Laura Fern\u00e1ndez\",\"url\":\"https:\\\/\\\/doctoralaurafernandez.com\\\/\",\"logo\":{\"@type\":\"ImageObject\",\"inLanguage\":\"en-GB\",\"@id\":\"https:\\\/\\\/doctoralaurafernandez.com\\\/#\\\/schema\\\/logo\\\/image\\\/\",\"url\":\"https:\\\/\\\/doctoralaurafernandez.com\\\/wp-content\\\/uploads\\\/2024\\\/04\\\/cropped-Logo-Clinica-1.jpg\",\"contentUrl\":\"https:\\\/\\\/doctoralaurafernandez.com\\\/wp-content\\\/uploads\\\/2024\\\/04\\\/cropped-Logo-Clinica-1.jpg\",\"width\":512,\"height\":512,\"caption\":\"Dra. Laura Fern\u00e1ndez\"},\"image\":{\"@id\":\"https:\\\/\\\/doctoralaurafernandez.com\\\/#\\\/schema\\\/logo\\\/image\\\/\"},\"sameAs\":[\"https:\\\/\\\/www.facebook.com\\\/laura.clinicamedicinaestetica\",\"https:\\\/\\\/www.instagram.com\\\/dralaurafernandezibiza\\\/\"]}]}<\/script>\n<!-- \/ Yoast SEO plugin. -->","yoast_head_json":{"title":"Pol\u00edtica de Cookies | Dra Laura Fern\u00e1ndez Medicina Est\u00e9tica Ibiza","robots":{"index":"index","follow":"follow","max-snippet":"max-snippet:-1","max-image-preview":"max-image-preview:large","max-video-preview":"max-video-preview:-1"},"canonical":"https:\/\/doctoralaurafernandez.com\/en\/sample-page\/","og_locale":"en_GB","og_type":"article","og_title":"Pol\u00edtica de Cookies | Dra Laura Fern\u00e1ndez Medicina Est\u00e9tica Ibiza","og_description":"Pol\u00edtica de Cookies POL\u00cdTICA DE COOKIES En cumplimiento con el deber de informaci\u00f3n establecido en el art\u00edculo 22 de la Ley 34\/2002, de 11 de julio, de Servicios de la Sociedad de la Informaci\u00f3n y del Comercio Electr\u00f3nico (LSSI), y del Considerando 30 del Reglamento General de Protecci\u00f3n de Datos (RGPD), le informamos que el&hellip;&nbsp;Read More &raquo;Pol\u00edtica de Cookies","og_url":"https:\/\/doctoralaurafernandez.com\/en\/sample-page\/","og_site_name":"Dra Laura Fern\u00e1ndez Medicina Est\u00e9tica Ibiza","article_publisher":"https:\/\/www.facebook.com\/laura.clinicamedicinaestetica","article_modified_time":"2024-04-11T13:42:33+00:00","og_image":[{"width":1707,"height":2560,"url":"https:\/\/doctoralaurafernandez.com\/wp-content\/uploads\/2024\/04\/DSC01132-scaled.jpg","type":"image\/jpeg"}],"twitter_card":"summary_large_image","twitter_misc":{"Estimated reading time":"6 minutes"},"schema":{"@context":"https:\/\/schema.org","@graph":[{"@type":"WebPage","@id":"https:\/\/doctoralaurafernandez.com\/sample-page\/","url":"https:\/\/doctoralaurafernandez.com\/sample-page\/","name":"Pol\u00edtica de Cookies | Dra Laura Fern\u00e1ndez Medicina Est\u00e9tica Ibiza","isPartOf":{"@id":"https:\/\/doctoralaurafernandez.com\/#website"},"datePublished":"2023-01-25T12:32:10+00:00","dateModified":"2024-04-11T13:42:33+00:00","breadcrumb":{"@id":"https:\/\/doctoralaurafernandez.com\/sample-page\/#breadcrumb"},"inLanguage":"en-GB","potentialAction":[{"@type":"ReadAction","target":["https:\/\/doctoralaurafernandez.com\/sample-page\/"]}]},{"@type":"BreadcrumbList","@id":"https:\/\/doctoralaurafernandez.com\/sample-page\/#breadcrumb","itemListElement":[{"@type":"ListItem","position":1,"name":"Portada","item":"https:\/\/doctoralaurafernandez.com\/"},{"@type":"ListItem","position":2,"name":"Pol\u00edtica de Cookies"}]},{"@type":"WebSite","@id":"https:\/\/doctoralaurafernandez.com\/#website","url":"https:\/\/doctoralaurafernandez.com\/","name":"Dra. Laura Fern\u00e1ndez","description":"Medicina Est\u00e9tica en Ibiza","publisher":{"@id":"https:\/\/doctoralaurafernandez.com\/#organization"},"potentialAction":[{"@type":"SearchAction","target":{"@type":"EntryPoint","urlTemplate":"https:\/\/doctoralaurafernandez.com\/?s={search_term_string}"},"query-input":{"@type":"PropertyValueSpecification","valueRequired":true,"valueName":"search_term_string"}}],"inLanguage":"en-GB"},{"@type":"Organization","@id":"https:\/\/doctoralaurafernandez.com\/#organization","name":"Dra. Laura Fern\u00e1ndez","url":"https:\/\/doctoralaurafernandez.com\/","logo":{"@type":"ImageObject","inLanguage":"en-GB","@id":"https:\/\/doctoralaurafernandez.com\/#\/schema\/logo\/image\/","url":"https:\/\/doctoralaurafernandez.com\/wp-content\/uploads\/2024\/04\/cropped-Logo-Clinica-1.jpg","contentUrl":"https:\/\/doctoralaurafernandez.com\/wp-content\/uploads\/2024\/04\/cropped-Logo-Clinica-1.jpg","width":512,"height":512,"caption":"Dra. Laura Fern\u00e1ndez"},"image":{"@id":"https:\/\/doctoralaurafernandez.com\/#\/schema\/logo\/image\/"},"sameAs":["https:\/\/www.facebook.com\/laura.clinicamedicinaestetica","https:\/\/www.instagram.com\/dralaurafernandezibiza\/"]}]}},"jetpack_sharing_enabled":true,"_links":{"self":[{"href":"https:\/\/doctoralaurafernandez.com\/en\/wp-json\/wp\/v2\/pages\/2","targetHints":{"allow":["GET"]}}],"collection":[{"href":"https:\/\/doctoralaurafernandez.com\/en\/wp-json\/wp\/v2\/pages"}],"about":[{"href":"https:\/\/doctoralaurafernandez.com\/en\/wp-json\/wp\/v2\/types\/page"}],"author":[{"embeddable":true,"href":"https:\/\/doctoralaurafernandez.com\/en\/wp-json\/wp\/v2\/users\/1"}],"replies":[{"embeddable":true,"href":"https:\/\/doctoralaurafernandez.com\/en\/wp-json\/wp\/v2\/comments?post=2"}],"version-history":[{"count":1,"href":"https:\/\/doctoralaurafernandez.com\/en\/wp-json\/wp\/v2\/pages\/2\/revisions"}],"predecessor-version":[{"id":1373,"href":"https:\/\/doctoralaurafernandez.com\/en\/wp-json\/wp\/v2\/pages\/2\/revisions\/1373"}],"wp:attachment":[{"href":"https:\/\/doctoralaurafernandez.com\/en\/wp-json\/wp\/v2\/media?parent=2"}],"curies":[{"name":"wp","href":"https:\/\/api.w.org\/{rel}","templated":true}]}}