{"id":680,"date":"2024-04-09T07:57:15","date_gmt":"2024-04-09T07:57:15","guid":{"rendered":"https:\/\/doctoralaurafernandez.com\/?page_id=680"},"modified":"2024-12-19T10:15:07","modified_gmt":"2024-12-19T10:15:07","slug":"dermatologia-dermatologia-estetica-en-ibiza","status":"publish","type":"page","link":"https:\/\/doctoralaurafernandez.com\/en\/dermatologia-dermatologia-estetica-en-ibiza\/","title":{"rendered":"Dermatolog\u00eda + Dermatolog\u00eda est\u00e9tica en Ibiza"},"content":{"rendered":"<div class=\"wp-block-cover alignfull\" style=\"min-height:700px;aspect-ratio:unset;\"><span aria-hidden=\"true\" class=\"wp-block-cover__background has-neve-link-hover-color-background-color has-background-dim\"><\/span><img loading=\"lazy\" decoding=\"async\" width=\"750\" height=\"450\" class=\"wp-block-cover__image-background wp-image-1659\" alt=\"\" src=\"http:\/\/doctoralaurafernandez.com\/wp-content\/uploads\/2024\/04\/especialidades-en-dermatologia.webp\" style=\"object-position:52% 84%\" data-object-fit=\"cover\" data-object-position=\"52% 84%\" srcset=\"https:\/\/doctoralaurafernandez.com\/wp-content\/uploads\/2024\/04\/especialidades-en-dermatologia.webp 750w, https:\/\/doctoralaurafernandez.com\/wp-content\/uploads\/2024\/04\/especialidades-en-dermatologia-300x180.webp 300w, https:\/\/doctoralaurafernandez.com\/wp-content\/uploads\/2024\/04\/especialidades-en-dermatologia-18x12.webp 18w\" sizes=\"auto, (max-width: 750px) 100vw, 750px\" \/><div class=\"wp-block-cover__inner-container is-layout-constrained wp-block-cover-is-layout-constrained\">\n<h1 class=\"wp-block-heading has-text-align-center has-nv-site-bg-color has-text-color has-link-color wp-elements-2463f2263e3ade11a52c5bac66b37191\">Dermatolog\u00eda en Ibiza<\/h1>\n\n\n\n<p class=\"has-text-align-center has-nv-site-bg-color has-text-color has-link-color wp-elements-27e6978e4dcecad77dafcd76335fabb6\">En nuestra Cl\u00ednica contamos con un equipo de profesionales altamente cualificados y especializados en el diagn\u00f3stico y tratamiento de las enfermedades de la piel.<\/p>\n<\/div><\/div>\n\n\n\n<div class=\"wp-block-cover alignfull\"><span aria-hidden=\"true\" class=\"wp-block-cover__background has-nv-light-bg-background-color has-background-dim-100 has-background-dim\"><\/span><div class=\"wp-block-cover__inner-container is-layout-constrained wp-block-cover-is-layout-constrained\">\n<div style=\"height:100px\" aria-hidden=\"true\" class=\"wp-block-spacer\"><\/div>\n\n\n\n<div class=\"wp-block-group alignfull\"><div class=\"wp-block-group__inner-container is-layout-constrained wp-block-group-is-layout-constrained\">\n<div style=\"height:0px;width:0px\" aria-hidden=\"true\" class=\"wp-block-spacer\"><\/div>\n\n\n\n<div class=\"wp-block-columns are-vertically-aligned-center is-layout-flex wp-container-core-columns-is-layout-9d6595d7 wp-block-columns-is-layout-flex\">\n<div class=\"wp-block-column is-vertically-aligned-center is-layout-flow wp-block-column-is-layout-flow\" style=\"flex-basis:50%\">\n<figure class=\"wp-block-image size-full\"><img loading=\"lazy\" decoding=\"async\" width=\"1707\" height=\"2560\" src=\"http:\/\/doctoralaurafernandez.com\/wp-content\/uploads\/2024\/04\/DSC01304-scaled.webp\" alt=\"Cl\u00ednica Dermatol\u00f3gica Medicina Est\u00e9tica en Ibiza Laura Fern\u00e1ndez\" class=\"wp-image-1662\" style=\"aspect-ratio:3\/2;object-fit:cover\" srcset=\"https:\/\/doctoralaurafernandez.com\/wp-content\/uploads\/2024\/04\/DSC01304-scaled.webp 1707w, https:\/\/doctoralaurafernandez.com\/wp-content\/uploads\/2024\/04\/DSC01304-200x300.webp 200w, https:\/\/doctoralaurafernandez.com\/wp-content\/uploads\/2024\/04\/DSC01304-683x1024.webp 683w, https:\/\/doctoralaurafernandez.com\/wp-content\/uploads\/2024\/04\/DSC01304-768x1152.webp 768w, https:\/\/doctoralaurafernandez.com\/wp-content\/uploads\/2024\/04\/DSC01304-1024x1536.webp 1024w, https:\/\/doctoralaurafernandez.com\/wp-content\/uploads\/2024\/04\/DSC01304-1365x2048.webp 1365w, https:\/\/doctoralaurafernandez.com\/wp-content\/uploads\/2024\/04\/DSC01304-8x12.webp 8w\" sizes=\"auto, (max-width: 1707px) 100vw, 1707px\" \/><\/figure>\n<\/div>\n\n\n\n<div class=\"wp-block-column is-vertically-aligned-center is-layout-flow wp-block-column-is-layout-flow\" style=\"flex-basis:50%\">\n<div style=\"height:20px\" aria-hidden=\"true\" class=\"wp-block-spacer\"><\/div>\n\n\n\n<h2 class=\"wp-block-heading has-text-align-left has-neve-text-color-color has-text-color has-large-font-size\"><strong>\u00bfQu\u00e9 nos diferencia? En la unidad de dermatolog\u00eda\u00a0de la Cl\u00ednica Laura Fern\u00e1ndez\u00a0en Ibiza<\/strong><\/h2>\n\n\n\n<ul class=\"wp-block-list has-neve-link-hover-color-color has-text-color has-link-color wp-elements-9c5c183781cccdfdb33e73a594583f1f\">\n<li class=\"translation-block\"><strong>Comprehensive Approach: <\/strong>We take a holistic approach to your skin, considering your overall health, lifestyle, and specific needs.<\/li>\n\n\n\n<li class=\"translation-block\"><strong>Cutting-Edge Technology: <\/strong>Embracing the Latest Advancements for Safe and Effective Treatments<\/li>\n\n\n\n<li class=\"translation-block\"><strong>Personalized Treatment Plans: <\/strong>We tailor treatment plans to each patient's unique needs and goals.<\/li>\n\n\n\n<li class=\"translation-block\"><strong>Experienced and Professional Care: <\/strong>Our team of highly qualified dermatologists with extensive industry experience is dedicated to providing you with the best possible care.<\/li>\n<\/ul>\n<\/div>\n<\/div>\n\n\n\n<div style=\"height:30px;width:0px\" aria-hidden=\"true\" class=\"wp-block-spacer\"><\/div>\n<\/div><\/div>\n<\/div><\/div>\n\n\n\n<div class=\"wp-block-cover alignfull ticss-972877f7\"><span aria-hidden=\"true\" class=\"wp-block-cover__background has-nv-light-bg-background-color has-background-dim-100 has-background-dim\"><\/span><div class=\"wp-block-cover__inner-container is-layout-flow wp-block-cover-is-layout-flow\">\n<div style=\"height:50px;width:0px\" aria-hidden=\"true\" class=\"wp-block-spacer\"><\/div>\n\n\n\n<div class=\"wp-block-group alignfull ticss-06157043\" style=\"padding-right:0rem;padding-left:0rem\"><div class=\"wp-block-group__inner-container is-layout-flow wp-block-group-is-layout-flow\">\n<div style=\"height:0px\" aria-hidden=\"true\" class=\"wp-block-spacer\"><\/div>\n\n\n\n<div class=\"wp-block-columns is-layout-flex wp-container-core-columns-is-layout-9d6595d7 wp-block-columns-is-layout-flex\">\n<div class=\"wp-block-column is-vertically-aligned-center is-layout-flow wp-block-column-is-layout-flow\" style=\"flex-basis:50%\">\n<h2 class=\"wp-block-heading has-text-align-left has-neve-link-hover-color-color has-text-color has-link-color wp-elements-3e3b9b64da41086a0911055a4790102e\"><strong>What Services Do We Offer?<\/strong><\/h2>\n\n\n\n<h3 class=\"wp-block-heading has-neve-link-hover-color-color has-text-color has-link-color wp-elements-f226159018dd9a840b06419dd0bc16b9\"><strong>Medical Dermatology<\/strong><\/h3>\n\n\n\n<ul class=\"wp-block-list has-neve-link-hover-color-color has-text-color has-link-color wp-elements-2f59c2fee9cbb370b92d8c1751afdad6\">\n<li>Skin, Hair, and Nail Disorders Diagnosis and Treatment.<\/li>\n\n\n\n<li>Skin Cancer Prevention and Early Detection.<\/li>\n\n\n\n<li>Dermatologic Surgery.<\/li>\n<\/ul>\n\n\n\n<h3 class=\"wp-block-heading has-neve-link-hover-color-color has-text-color has-link-color wp-elements-5321154f10ff76990cdee1a7c6d06017\"><strong>Cosmetic Dermatology:<\/strong><\/h3>\n\n\n\n<ul class=\"wp-block-list has-neve-link-hover-color-color has-text-color has-link-color wp-elements-9170d108dd6f09bfc0061df8d58c0427\">\n<li>Facial rejuvenation: Wrinkle filling, botulinum toxin, laser, peels, etc.<\/li>\n\n\n\n<li>Body remodeling: Fat reduction, cellulite elimination, stretch mark treatment, etc.<\/li>\n\n\n\n<li>Facial and body aesthetic medicine: Mesotherapy, hilos tensores, fotorejuvenecimiento, etc.<\/li>\n<\/ul>\n<\/div>\n\n\n\n<div class=\"wp-block-column is-layout-flow wp-block-column-is-layout-flow\" style=\"flex-basis:50%\">\n<figure class=\"wp-block-image size-large\"><img loading=\"lazy\" decoding=\"async\" width=\"683\" height=\"1024\" src=\"https:\/\/doctoralaurafernandez.com\/wp-content\/uploads\/2024\/04\/DSC01251_11zon-683x1024.webp\" alt=\"Cl\u00ednica Dermatol\u00f3gica Medicina Est\u00e9tica en Ibiza  Laura Fern\u00e1ndez\" class=\"wp-image-1670\" style=\"aspect-ratio:4\/3;object-fit:cover\" srcset=\"https:\/\/doctoralaurafernandez.com\/wp-content\/uploads\/2024\/04\/DSC01251_11zon-683x1024.webp 683w, https:\/\/doctoralaurafernandez.com\/wp-content\/uploads\/2024\/04\/DSC01251_11zon-200x300.webp 200w, https:\/\/doctoralaurafernandez.com\/wp-content\/uploads\/2024\/04\/DSC01251_11zon-768x1152.webp 768w, https:\/\/doctoralaurafernandez.com\/wp-content\/uploads\/2024\/04\/DSC01251_11zon-1024x1536.webp 1024w, https:\/\/doctoralaurafernandez.com\/wp-content\/uploads\/2024\/04\/DSC01251_11zon-1365x2048.webp 1365w, https:\/\/doctoralaurafernandez.com\/wp-content\/uploads\/2024\/04\/DSC01251_11zon-8x12.webp 8w, https:\/\/doctoralaurafernandez.com\/wp-content\/uploads\/2024\/04\/DSC01251_11zon-scaled.webp 1707w\" sizes=\"auto, (max-width: 683px) 100vw, 683px\" \/><\/figure>\n\n\n\n<div style=\"height:40px\" aria-hidden=\"true\" class=\"wp-block-spacer\"><\/div>\n<\/div>\n<\/div>\n\n\n\n<div style=\"height:40px\" aria-hidden=\"true\" class=\"wp-block-spacer\"><\/div>\n<\/div><\/div>\n<\/div><\/div>\n\n\n\n<div class=\"wp-block-cover alignfull\" style=\"padding-right:5rem;padding-left:5rem;min-height:600px;aspect-ratio:unset;\"><span aria-hidden=\"true\" class=\"wp-block-cover__background has-nv-site-bg-background-color has-background-dim-100 has-background-dim\"><\/span><div class=\"wp-block-cover__inner-container is-layout-flow wp-block-cover-is-layout-flow\">\n<div class=\"wp-block-group alignfull\" style=\"padding-right:var(--wp--preset--spacing--80);padding-left:var(--wp--preset--spacing--80)\"><div class=\"wp-block-group__inner-container is-layout-flow wp-block-group-is-layout-flow\">\n<div style=\"height:80px\" aria-hidden=\"true\" class=\"wp-block-spacer\"><\/div>\n\n\n\n<div class=\"wp-block-columns is-layout-flex wp-container-core-columns-is-layout-9d6595d7 wp-block-columns-is-layout-flex\">\n<div class=\"wp-block-column is-layout-flow wp-block-column-is-layout-flow\" style=\"flex-basis:50%\">\n<figure class=\"wp-block-image size-full\"><img loading=\"lazy\" decoding=\"async\" width=\"2119\" height=\"1414\" src=\"http:\/\/doctoralaurafernandez.com\/wp-content\/uploads\/2024\/04\/Dermatologia_11zon.webp\" alt=\"Cl\u00ednica Dermatol\u00f3gica Medicina Est\u00e9tica en Ibiza  Laura Fern\u00e1ndez\" class=\"wp-image-1647\" style=\"aspect-ratio:3\/2;object-fit:cover\" srcset=\"https:\/\/doctoralaurafernandez.com\/wp-content\/uploads\/2024\/04\/Dermatologia_11zon.webp 2119w, https:\/\/doctoralaurafernandez.com\/wp-content\/uploads\/2024\/04\/Dermatologia_11zon-300x200.webp 300w, https:\/\/doctoralaurafernandez.com\/wp-content\/uploads\/2024\/04\/Dermatologia_11zon-1024x683.webp 1024w, https:\/\/doctoralaurafernandez.com\/wp-content\/uploads\/2024\/04\/Dermatologia_11zon-768x512.webp 768w, https:\/\/doctoralaurafernandez.com\/wp-content\/uploads\/2024\/04\/Dermatologia_11zon-1536x1025.webp 1536w, https:\/\/doctoralaurafernandez.com\/wp-content\/uploads\/2024\/04\/Dermatologia_11zon-2048x1367.webp 2048w, https:\/\/doctoralaurafernandez.com\/wp-content\/uploads\/2024\/04\/Dermatologia_11zon-18x12.webp 18w, https:\/\/doctoralaurafernandez.com\/wp-content\/uploads\/2024\/04\/Dermatologia_11zon-930x620.webp 930w\" sizes=\"auto, (max-width: 2119px) 100vw, 2119px\" \/><\/figure>\n\n\n\n<div style=\"height:40px\" aria-hidden=\"true\" class=\"wp-block-spacer\"><\/div>\n<\/div>\n\n\n\n<div class=\"wp-block-column is-vertically-aligned-top is-layout-flow wp-block-column-is-layout-flow\" style=\"flex-basis:50%\">\n<h2 class=\"wp-block-heading has-neve-link-hover-color-color has-text-color has-link-color has-large-font-size wp-elements-ff5f67ff6f79167dc5c617c0fb6ea1c6\"><strong><strong>\u00bf<strong>En qu\u00e9 te podemos ayudar<\/strong> en la Unidad de dermatolog\u00eda?<\/strong><\/strong><\/h2>\n\n\n\n<ul class=\"wp-block-list has-neve-link-hover-color-color has-text-color has-link-color wp-elements-f82f1271505c9c34c6177635f96e729c\">\n<li>Hair Loss (Alopecia)<\/li>\n\n\n\n<li>Dandruff and Seborrheic Dermatitis<\/li>\n\n\n\n<li>Brittle and Weak Hair<\/li>\n\n\n\n<li>Premature Graying<\/li>\n\n\n\n<li>Alopecia Areata<\/li>\n\n\n\n<li>Trichotilomania<\/li>\n\n\n\n<li>Damage from Dyes and Chemicals<\/li>\n<\/ul>\n<\/div>\n<\/div>\n\n\n\n<div style=\"height:40px\" aria-hidden=\"true\" class=\"wp-block-spacer\"><\/div>\n<\/div><\/div>\n<\/div><\/div>\n\n\n\n<div class=\"wp-block-cover alignfull\" style=\"min-height:300px;aspect-ratio:unset;\"><span aria-hidden=\"true\" class=\"wp-block-cover__background has-nv-dark-bg-background-color has-background-dim-100 has-background-dim\"><\/span><div class=\"wp-block-cover__inner-container is-layout-flow wp-block-cover-is-layout-flow\">\n<div style=\"height:140px\" aria-hidden=\"true\" class=\"wp-block-spacer\"><\/div>\n\n\n\n<div class=\"wp-block-group\" style=\"padding-right:0rem;padding-left:0rem\"><div class=\"wp-block-group__inner-container is-layout-constrained wp-container-core-group-is-layout-664b22fb wp-block-group-is-layout-constrained\">\n<h2 class=\"wp-block-heading has-text-align-center has-nv-text-dark-bg-color has-text-color has-large-font-size\"><strong>Unidad de Dermatol\u00f3gica en la cl\u00ednica Laura Fern\u00e1ndez en Ibiza: Tu belleza natural, en manos expertas<\/strong><\/h2>\n\n\n\n<p class=\"has-text-align-center\">Embark on a transformative journey towards your most radiant self at Dra. Laura Fern\u00e1ndez Clinic in Ibiza, the premier aesthetic medicine clinic in Ibiza. Our team of highly skilled and experienced professionals is dedicated to providing you with personalized, cutting-edge treatments that enhance your natural beauty and restore your youthful glow.<\/p>\n<\/div><\/div>\n\n\n\n<div class=\"wp-block-buttons is-content-justification-center is-layout-flex wp-container-core-buttons-is-layout-16018d1d wp-block-buttons-is-layout-flex\">\n<div class=\"wp-block-button is-style-secondary\"><a class=\"wp-block-button__link wp-element-button\" href=\"https:\/\/doctoralaurafernandez.com\/index.php\/contacto\/\">Contact with us<\/a><\/div>\n\n\n\n<div class=\"wp-block-button is-style-secondary\"><a class=\"wp-block-button__link wp-element-button\" href=\"http:\/\/doctoralaurafernanfez.com\">Go to General Aesthetic Medicine<\/a><\/div>\n<\/div>\n\n\n\n<div style=\"height:140px\" aria-hidden=\"true\" class=\"wp-block-spacer\"><\/div>\n<\/div><\/div>","protected":false},"excerpt":{"rendered":"","protected":false},"author":1,"featured_media":0,"parent":0,"menu_order":0,"comment_status":"closed","ping_status":"closed","template":"","meta":{"neve_meta_sidebar":"","neve_meta_container":"default","neve_meta_enable_content_width":"","neve_meta_content_width":0,"neve_meta_title_alignment":"","neve_meta_author_avatar":"","neve_post_elements_order":"","neve_meta_disable_header":"","neve_meta_disable_footer":"","neve_meta_disable_title":"","_themeisle_gutenberg_block_has_review":false,"_joinchat":[],"footnotes":""},"class_list":["post-680","page","type-page","status-publish","hentry"],"yoast_head":"<!-- This site is optimized with the Yoast SEO plugin v27.5 - https:\/\/yoast.com\/product\/yoast-seo-wordpress\/ -->\n<title>Dermatolog\u00eda + Dermatolog\u00eda est\u00e9tica en Ibiza | Dra Laura Fern\u00e1ndez Medicina Est\u00e9tica Ibiza<\/title>\n<meta name=\"description\" content=\".Recupera la salud y bienestar de tu zona \u00edntima en Ibiza. Cl\u00ednica\u00a0Dermatol\u00f3gica Laura Fern\u00e1ndez\u00a0en Ibiza: especialistas en est\u00e9tica.\" \/>\n<meta name=\"robots\" content=\"index, follow, max-snippet:-1, max-image-preview:large, max-video-preview:-1\" \/>\n<link rel=\"canonical\" href=\"https:\/\/doctoralaurafernandez.com\/en\/dermatologia-dermatologia-estetica-en-ibiza\/\" \/>\n<meta property=\"og:locale\" content=\"en_GB\" \/>\n<meta property=\"og:type\" content=\"article\" \/>\n<meta property=\"og:title\" content=\"Dermatolog\u00eda + Dermatolog\u00eda est\u00e9tica en Ibiza | Dra Laura Fern\u00e1ndez Medicina Est\u00e9tica Ibiza\" \/>\n<meta property=\"og:description\" content=\".Recupera la salud y bienestar de tu zona \u00edntima en Ibiza. Cl\u00ednica\u00a0Dermatol\u00f3gica Laura Fern\u00e1ndez\u00a0en Ibiza: especialistas en est\u00e9tica.\" \/>\n<meta property=\"og:url\" content=\"https:\/\/doctoralaurafernandez.com\/en\/dermatologia-dermatologia-estetica-en-ibiza\/\" \/>\n<meta property=\"og:site_name\" content=\"Dra Laura Fern\u00e1ndez Medicina Est\u00e9tica Ibiza\" \/>\n<meta property=\"article:publisher\" content=\"https:\/\/www.facebook.com\/laura.clinicamedicinaestetica\" \/>\n<meta property=\"article:modified_time\" content=\"2024-12-19T10:15:07+00:00\" \/>\n<meta property=\"og:image\" content=\"http:\/\/doctoralaurafernandez.com\/wp-content\/uploads\/2024\/04\/especialidades-en-dermatologia.webp\" \/>\n<meta name=\"twitter:card\" content=\"summary_large_image\" \/>\n<meta name=\"twitter:label1\" content=\"Estimated reading time\" \/>\n\t<meta name=\"twitter:data1\" content=\"2 minutes\" \/>\n<script type=\"application\/ld+json\" class=\"yoast-schema-graph\">{\"@context\":\"https:\\\/\\\/schema.org\",\"@graph\":[{\"@type\":\"WebPage\",\"@id\":\"https:\\\/\\\/doctoralaurafernandez.com\\\/dermatologia-dermatologia-estetica-en-ibiza\\\/\",\"url\":\"https:\\\/\\\/doctoralaurafernandez.com\\\/dermatologia-dermatologia-estetica-en-ibiza\\\/\",\"name\":\"Dermatolog\u00eda + Dermatolog\u00eda est\u00e9tica en Ibiza | Dra Laura Fern\u00e1ndez Medicina Est\u00e9tica Ibiza\",\"isPartOf\":{\"@id\":\"https:\\\/\\\/doctoralaurafernandez.com\\\/#website\"},\"primaryImageOfPage\":{\"@id\":\"https:\\\/\\\/doctoralaurafernandez.com\\\/dermatologia-dermatologia-estetica-en-ibiza\\\/#primaryimage\"},\"image\":{\"@id\":\"https:\\\/\\\/doctoralaurafernandez.com\\\/dermatologia-dermatologia-estetica-en-ibiza\\\/#primaryimage\"},\"thumbnailUrl\":\"http:\\\/\\\/doctoralaurafernandez.com\\\/wp-content\\\/uploads\\\/2024\\\/04\\\/especialidades-en-dermatologia.webp\",\"datePublished\":\"2024-04-09T07:57:15+00:00\",\"dateModified\":\"2024-12-19T10:15:07+00:00\",\"description\":\".Recupera la salud y bienestar de tu zona \u00edntima en Ibiza. Cl\u00ednica\u00a0Dermatol\u00f3gica Laura Fern\u00e1ndez\u00a0en Ibiza: especialistas en est\u00e9tica.\",\"breadcrumb\":{\"@id\":\"https:\\\/\\\/doctoralaurafernandez.com\\\/dermatologia-dermatologia-estetica-en-ibiza\\\/#breadcrumb\"},\"inLanguage\":\"en-GB\",\"potentialAction\":[{\"@type\":\"ReadAction\",\"target\":[\"https:\\\/\\\/doctoralaurafernandez.com\\\/dermatologia-dermatologia-estetica-en-ibiza\\\/\"]}]},{\"@type\":\"ImageObject\",\"inLanguage\":\"en-GB\",\"@id\":\"https:\\\/\\\/doctoralaurafernandez.com\\\/dermatologia-dermatologia-estetica-en-ibiza\\\/#primaryimage\",\"url\":\"http:\\\/\\\/doctoralaurafernandez.com\\\/wp-content\\\/uploads\\\/2024\\\/04\\\/especialidades-en-dermatologia.webp\",\"contentUrl\":\"http:\\\/\\\/doctoralaurafernandez.com\\\/wp-content\\\/uploads\\\/2024\\\/04\\\/especialidades-en-dermatologia.webp\"},{\"@type\":\"BreadcrumbList\",\"@id\":\"https:\\\/\\\/doctoralaurafernandez.com\\\/dermatologia-dermatologia-estetica-en-ibiza\\\/#breadcrumb\",\"itemListElement\":[{\"@type\":\"ListItem\",\"position\":1,\"name\":\"Portada\",\"item\":\"https:\\\/\\\/doctoralaurafernandez.com\\\/\"},{\"@type\":\"ListItem\",\"position\":2,\"name\":\"Dermatolog\u00eda + Dermatolog\u00eda est\u00e9tica en Ibiza\"}]},{\"@type\":\"WebSite\",\"@id\":\"https:\\\/\\\/doctoralaurafernandez.com\\\/#website\",\"url\":\"https:\\\/\\\/doctoralaurafernandez.com\\\/\",\"name\":\"Dra. Laura Fern\u00e1ndez\",\"description\":\"Medicina Est\u00e9tica en Ibiza\",\"publisher\":{\"@id\":\"https:\\\/\\\/doctoralaurafernandez.com\\\/#organization\"},\"potentialAction\":[{\"@type\":\"SearchAction\",\"target\":{\"@type\":\"EntryPoint\",\"urlTemplate\":\"https:\\\/\\\/doctoralaurafernandez.com\\\/?s={search_term_string}\"},\"query-input\":{\"@type\":\"PropertyValueSpecification\",\"valueRequired\":true,\"valueName\":\"search_term_string\"}}],\"inLanguage\":\"en-GB\"},{\"@type\":\"Organization\",\"@id\":\"https:\\\/\\\/doctoralaurafernandez.com\\\/#organization\",\"name\":\"Dra. Laura Fern\u00e1ndez\",\"url\":\"https:\\\/\\\/doctoralaurafernandez.com\\\/\",\"logo\":{\"@type\":\"ImageObject\",\"inLanguage\":\"en-GB\",\"@id\":\"https:\\\/\\\/doctoralaurafernandez.com\\\/#\\\/schema\\\/logo\\\/image\\\/\",\"url\":\"https:\\\/\\\/doctoralaurafernandez.com\\\/wp-content\\\/uploads\\\/2024\\\/04\\\/cropped-Logo-Clinica-1.jpg\",\"contentUrl\":\"https:\\\/\\\/doctoralaurafernandez.com\\\/wp-content\\\/uploads\\\/2024\\\/04\\\/cropped-Logo-Clinica-1.jpg\",\"width\":512,\"height\":512,\"caption\":\"Dra. Laura Fern\u00e1ndez\"},\"image\":{\"@id\":\"https:\\\/\\\/doctoralaurafernandez.com\\\/#\\\/schema\\\/logo\\\/image\\\/\"},\"sameAs\":[\"https:\\\/\\\/www.facebook.com\\\/laura.clinicamedicinaestetica\",\"https:\\\/\\\/www.instagram.com\\\/dralaurafernandezibiza\\\/\"]}]}<\/script>\n<!-- \/ Yoast SEO plugin. -->","yoast_head_json":{"title":"Dermatolog\u00eda + Dermatolog\u00eda est\u00e9tica en Ibiza | Dra Laura Fern\u00e1ndez Medicina Est\u00e9tica Ibiza","description":".Recupera la salud y bienestar de tu zona \u00edntima en Ibiza. Cl\u00ednica\u00a0Dermatol\u00f3gica Laura Fern\u00e1ndez\u00a0en Ibiza: especialistas en est\u00e9tica.","robots":{"index":"index","follow":"follow","max-snippet":"max-snippet:-1","max-image-preview":"max-image-preview:large","max-video-preview":"max-video-preview:-1"},"canonical":"https:\/\/doctoralaurafernandez.com\/en\/dermatologia-dermatologia-estetica-en-ibiza\/","og_locale":"en_GB","og_type":"article","og_title":"Dermatolog\u00eda + Dermatolog\u00eda est\u00e9tica en Ibiza | Dra Laura Fern\u00e1ndez Medicina Est\u00e9tica Ibiza","og_description":".Recupera la salud y bienestar de tu zona \u00edntima en Ibiza. Cl\u00ednica\u00a0Dermatol\u00f3gica Laura Fern\u00e1ndez\u00a0en Ibiza: especialistas en est\u00e9tica.","og_url":"https:\/\/doctoralaurafernandez.com\/en\/dermatologia-dermatologia-estetica-en-ibiza\/","og_site_name":"Dra Laura Fern\u00e1ndez Medicina Est\u00e9tica Ibiza","article_publisher":"https:\/\/www.facebook.com\/laura.clinicamedicinaestetica","article_modified_time":"2024-12-19T10:15:07+00:00","og_image":[{"url":"http:\/\/doctoralaurafernandez.com\/wp-content\/uploads\/2024\/04\/especialidades-en-dermatologia.webp","type":"","width":"","height":""}],"twitter_card":"summary_large_image","twitter_misc":{"Estimated reading time":"2 minutes"},"schema":{"@context":"https:\/\/schema.org","@graph":[{"@type":"WebPage","@id":"https:\/\/doctoralaurafernandez.com\/dermatologia-dermatologia-estetica-en-ibiza\/","url":"https:\/\/doctoralaurafernandez.com\/dermatologia-dermatologia-estetica-en-ibiza\/","name":"Dermatolog\u00eda + Dermatolog\u00eda est\u00e9tica en Ibiza | Dra Laura Fern\u00e1ndez Medicina Est\u00e9tica Ibiza","isPartOf":{"@id":"https:\/\/doctoralaurafernandez.com\/#website"},"primaryImageOfPage":{"@id":"https:\/\/doctoralaurafernandez.com\/dermatologia-dermatologia-estetica-en-ibiza\/#primaryimage"},"image":{"@id":"https:\/\/doctoralaurafernandez.com\/dermatologia-dermatologia-estetica-en-ibiza\/#primaryimage"},"thumbnailUrl":"http:\/\/doctoralaurafernandez.com\/wp-content\/uploads\/2024\/04\/especialidades-en-dermatologia.webp","datePublished":"2024-04-09T07:57:15+00:00","dateModified":"2024-12-19T10:15:07+00:00","description":".Recupera la salud y bienestar de tu zona \u00edntima en Ibiza. Cl\u00ednica\u00a0Dermatol\u00f3gica Laura Fern\u00e1ndez\u00a0en Ibiza: especialistas en est\u00e9tica.","breadcrumb":{"@id":"https:\/\/doctoralaurafernandez.com\/dermatologia-dermatologia-estetica-en-ibiza\/#breadcrumb"},"inLanguage":"en-GB","potentialAction":[{"@type":"ReadAction","target":["https:\/\/doctoralaurafernandez.com\/dermatologia-dermatologia-estetica-en-ibiza\/"]}]},{"@type":"ImageObject","inLanguage":"en-GB","@id":"https:\/\/doctoralaurafernandez.com\/dermatologia-dermatologia-estetica-en-ibiza\/#primaryimage","url":"http:\/\/doctoralaurafernandez.com\/wp-content\/uploads\/2024\/04\/especialidades-en-dermatologia.webp","contentUrl":"http:\/\/doctoralaurafernandez.com\/wp-content\/uploads\/2024\/04\/especialidades-en-dermatologia.webp"},{"@type":"BreadcrumbList","@id":"https:\/\/doctoralaurafernandez.com\/dermatologia-dermatologia-estetica-en-ibiza\/#breadcrumb","itemListElement":[{"@type":"ListItem","position":1,"name":"Portada","item":"https:\/\/doctoralaurafernandez.com\/"},{"@type":"ListItem","position":2,"name":"Dermatolog\u00eda + Dermatolog\u00eda est\u00e9tica en Ibiza"}]},{"@type":"WebSite","@id":"https:\/\/doctoralaurafernandez.com\/#website","url":"https:\/\/doctoralaurafernandez.com\/","name":"Dra. Laura Fern\u00e1ndez","description":"Medicina Est\u00e9tica en Ibiza","publisher":{"@id":"https:\/\/doctoralaurafernandez.com\/#organization"},"potentialAction":[{"@type":"SearchAction","target":{"@type":"EntryPoint","urlTemplate":"https:\/\/doctoralaurafernandez.com\/?s={search_term_string}"},"query-input":{"@type":"PropertyValueSpecification","valueRequired":true,"valueName":"search_term_string"}}],"inLanguage":"en-GB"},{"@type":"Organization","@id":"https:\/\/doctoralaurafernandez.com\/#organization","name":"Dra. Laura Fern\u00e1ndez","url":"https:\/\/doctoralaurafernandez.com\/","logo":{"@type":"ImageObject","inLanguage":"en-GB","@id":"https:\/\/doctoralaurafernandez.com\/#\/schema\/logo\/image\/","url":"https:\/\/doctoralaurafernandez.com\/wp-content\/uploads\/2024\/04\/cropped-Logo-Clinica-1.jpg","contentUrl":"https:\/\/doctoralaurafernandez.com\/wp-content\/uploads\/2024\/04\/cropped-Logo-Clinica-1.jpg","width":512,"height":512,"caption":"Dra. Laura Fern\u00e1ndez"},"image":{"@id":"https:\/\/doctoralaurafernandez.com\/#\/schema\/logo\/image\/"},"sameAs":["https:\/\/www.facebook.com\/laura.clinicamedicinaestetica","https:\/\/www.instagram.com\/dralaurafernandezibiza\/"]}]}},"jetpack_sharing_enabled":true,"_links":{"self":[{"href":"https:\/\/doctoralaurafernandez.com\/en\/wp-json\/wp\/v2\/pages\/680","targetHints":{"allow":["GET"]}}],"collection":[{"href":"https:\/\/doctoralaurafernandez.com\/en\/wp-json\/wp\/v2\/pages"}],"about":[{"href":"https:\/\/doctoralaurafernandez.com\/en\/wp-json\/wp\/v2\/types\/page"}],"author":[{"embeddable":true,"href":"https:\/\/doctoralaurafernandez.com\/en\/wp-json\/wp\/v2\/users\/1"}],"replies":[{"embeddable":true,"href":"https:\/\/doctoralaurafernandez.com\/en\/wp-json\/wp\/v2\/comments?post=680"}],"version-history":[{"count":158,"href":"https:\/\/doctoralaurafernandez.com\/en\/wp-json\/wp\/v2\/pages\/680\/revisions"}],"predecessor-version":[{"id":2113,"href":"https:\/\/doctoralaurafernandez.com\/en\/wp-json\/wp\/v2\/pages\/680\/revisions\/2113"}],"wp:attachment":[{"href":"https:\/\/doctoralaurafernandez.com\/en\/wp-json\/wp\/v2\/media?parent=680"}],"curies":[{"name":"wp","href":"https:\/\/api.w.org\/{rel}","templated":true}]}}