{"id":681,"date":"2024-04-09T07:57:15","date_gmt":"2024-04-09T07:57:15","guid":{"rendered":"https:\/\/doctoralaurafernandez.com\/?page_id=681"},"modified":"2024-12-19T10:22:06","modified_gmt":"2024-12-19T10:22:06","slug":"nutricion-en-ibiza","status":"publish","type":"page","link":"https:\/\/doctoralaurafernandez.com\/en\/nutricion-en-ibiza\/","title":{"rendered":"Nutrition in Ibiza"},"content":{"rendered":"<div class=\"wp-block-cover alignfull\" style=\"padding-right:var(--wp--preset--spacing--80);padding-left:var(--wp--preset--spacing--80);min-height:700px;aspect-ratio:unset;\"><span aria-hidden=\"true\" class=\"wp-block-cover__background has-neve-link-hover-color-background-color has-background-dim\"><\/span><img loading=\"lazy\" decoding=\"async\" width=\"1024\" height=\"1024\" class=\"wp-block-cover__image-background wp-image-1009\" alt=\"Cl\u00ednica de nutrici\u00f3n Laura Fern\u00e1ndez en Ibiza \" src=\"http:\/\/doctoralaurafernandez.com\/wp-content\/uploads\/2024\/04\/Qq5SuEVPToOoVMAoPn43lw.png\" data-object-fit=\"cover\" srcset=\"https:\/\/doctoralaurafernandez.com\/wp-content\/uploads\/2024\/04\/Qq5SuEVPToOoVMAoPn43lw.png 1024w, https:\/\/doctoralaurafernandez.com\/wp-content\/uploads\/2024\/04\/Qq5SuEVPToOoVMAoPn43lw-300x300.png 300w, https:\/\/doctoralaurafernandez.com\/wp-content\/uploads\/2024\/04\/Qq5SuEVPToOoVMAoPn43lw-150x150.png 150w, https:\/\/doctoralaurafernandez.com\/wp-content\/uploads\/2024\/04\/Qq5SuEVPToOoVMAoPn43lw-768x768.png 768w, https:\/\/doctoralaurafernandez.com\/wp-content\/uploads\/2024\/04\/Qq5SuEVPToOoVMAoPn43lw-12x12.png 12w\" sizes=\"auto, (max-width: 1024px) 100vw, 1024px\" \/><div class=\"wp-block-cover__inner-container is-layout-constrained wp-container-core-cover-is-layout-8de92ddb wp-block-cover-is-layout-constrained\">\n<h1 class=\"wp-block-heading alignfull has-text-align-center has-nv-site-bg-color has-text-color has-link-color has-x-large-font-size wp-elements-e54ecef25b40b106d9370f27521a33b6\">Unidad de nutrici\u00f3n integrada en medicina est\u00e9tica en Ibiza<\/h1>\n\n\n\n<p class=\"has-text-align-center has-nv-site-bg-color has-text-color has-link-color wp-elements-b375304cee9a6d3d63eaa1acada24451\">Unidad de nutrici\u00f3n integrada en medicina est\u00e9tica de la Cl\u00ednica Laura Fern\u00e1ndez en Ibiza te ofrece un servicio integral de nutrici\u00f3n para ayudarte a alcanzar tus objetivos de salud y bienestar a trav\u00e9s de una alimentaci\u00f3n personalizada y saludable. Por eso, te ofrecemos un servicio integral de nutrici\u00f3n personalizado y adaptado a tus necesidades para ayudarte a alcanzar tus objetivos de salud y bienestar.<\/p>\n<\/div><\/div>\n\n\n\n<div class=\"wp-block-cover alignfull ticss-b89415f6\" style=\"padding-right:0;padding-left:0;min-height:600px;aspect-ratio:unset;\"><span aria-hidden=\"true\" class=\"wp-block-cover__background has-nv-light-bg-background-color has-background-dim-100 has-background-dim\"><\/span><div class=\"wp-block-cover__inner-container is-layout-flow wp-block-cover-is-layout-flow\">\n<div style=\"height:100px\" aria-hidden=\"true\" class=\"wp-block-spacer\"><\/div>\n\n\n\n<div class=\"wp-block-group\"><div class=\"wp-block-group__inner-container is-layout-constrained wp-block-group-is-layout-constrained\">\n<div style=\"height:0px;width:0px\" aria-hidden=\"true\" class=\"wp-block-spacer\"><\/div>\n\n\n\n<div class=\"wp-block-columns are-vertically-aligned-center is-layout-flex wp-container-core-columns-is-layout-9d6595d7 wp-block-columns-is-layout-flex\">\n<div class=\"wp-block-column is-vertically-aligned-center is-layout-flow wp-block-column-is-layout-flow\" style=\"flex-basis:50%\">\n<figure class=\"wp-block-image size-full\"><img loading=\"lazy\" decoding=\"async\" width=\"2560\" height=\"1707\" src=\"http:\/\/doctoralaurafernandez.com\/wp-content\/uploads\/2024\/04\/DSC01321-scaled.jpg\" alt=\"Cl\u00ednica de nutrici\u00f3n Laura Fern\u00e1ndez en Ibiza \" class=\"wp-image-752\" style=\"object-fit:cover\" srcset=\"https:\/\/doctoralaurafernandez.com\/wp-content\/uploads\/2024\/04\/DSC01321-scaled.jpg 2560w, https:\/\/doctoralaurafernandez.com\/wp-content\/uploads\/2024\/04\/DSC01321-300x200.jpg 300w, https:\/\/doctoralaurafernandez.com\/wp-content\/uploads\/2024\/04\/DSC01321-1024x683.jpg 1024w, https:\/\/doctoralaurafernandez.com\/wp-content\/uploads\/2024\/04\/DSC01321-768x512.jpg 768w, https:\/\/doctoralaurafernandez.com\/wp-content\/uploads\/2024\/04\/DSC01321-1536x1024.jpg 1536w, https:\/\/doctoralaurafernandez.com\/wp-content\/uploads\/2024\/04\/DSC01321-2048x1365.jpg 2048w, https:\/\/doctoralaurafernandez.com\/wp-content\/uploads\/2024\/04\/DSC01321-18x12.jpg 18w, https:\/\/doctoralaurafernandez.com\/wp-content\/uploads\/2024\/04\/DSC01321-930x620.jpg 930w\" sizes=\"auto, (max-width: 2560px) 100vw, 2560px\" \/><\/figure>\n<\/div>\n\n\n\n<div class=\"wp-block-column is-vertically-aligned-center is-layout-flow wp-block-column-is-layout-flow\" style=\"flex-basis:50%\">\n<div style=\"height:20px\" aria-hidden=\"true\" class=\"wp-block-spacer\"><\/div>\n\n\n\n<h2 class=\"wp-block-heading has-neve-link-hover-color-color has-text-color has-link-color has-large-font-size wp-elements-6ab4cdc66cd5c35daaaa46a95247643f\"><strong><strong>What benefits do we offer you?<\/strong><\/strong><\/h2>\n\n\n\n<ul class=\"wp-block-list has-neve-link-hover-color-color has-text-color has-link-color wp-elements-69d27f6cbc030cdd778a4e5932af2218\">\n<li><strong>Personalized nutritional assessment:<\/strong>&nbsp;Analysis of your body composition, dietary habits, lifestyle, and specific goals.<\/li>\n\n\n\n<li><strong>Personalized meal plan:<\/strong>&nbsp;Design of a meal plan tailored to your individual needs, preferences, and goals.<\/li>\n\n\n\n<li><strong>Ongoing monitoring and support:<\/strong>&nbsp;Regular monitoring of your progress and adjustments to your meal plan as needed.<\/li>\n\n\n\n<li><strong>Nutritional education:<\/strong>&nbsp;We provide you with the tools and knowledge necessary to learn how to eat healthily and sustainably.<\/li>\n<\/ul>\n<\/div>\n<\/div>\n\n\n\n<div style=\"height:0px;width:0px\" aria-hidden=\"true\" class=\"wp-block-spacer\"><\/div>\n<\/div><\/div>\n<\/div><\/div>\n\n\n\n<div class=\"wp-block-cover alignfull ticss-b89415f6\" style=\"padding-right:0;padding-left:0;min-height:600px;aspect-ratio:unset;\"><span aria-hidden=\"true\" class=\"wp-block-cover__background has-nv-light-bg-background-color has-background-dim-100 has-background-dim\"><\/span><div class=\"wp-block-cover__inner-container is-layout-flow wp-block-cover-is-layout-flow\">\n<div class=\"wp-block-group\"><div class=\"wp-block-group__inner-container is-layout-flow wp-block-group-is-layout-flow\">\n<div style=\"height:80px\" aria-hidden=\"true\" class=\"wp-block-spacer\"><\/div>\n\n\n\n<div class=\"wp-block-columns is-layout-flex wp-container-core-columns-is-layout-9d6595d7 wp-block-columns-is-layout-flex\">\n<div class=\"wp-block-column is-vertically-aligned-center is-layout-flow wp-block-column-is-layout-flow\" style=\"flex-basis:50%\">\n<h2 class=\"wp-block-heading has-neve-link-hover-color-color has-text-color has-link-color has-large-font-size wp-elements-001d9a71ae9464c1d778d219ff011929\"><strong>\u00bfPor qu\u00e9 elegir la Unidad de nutrici\u00f3n integrada en medicina est\u00e9tica de la cl\u00ednica Laura Fern\u00e1ndez?<\/strong><\/h2>\n\n\n\n<ul class=\"wp-block-list has-neve-link-hover-color-color has-text-color has-link-color wp-elements-544d2eeef321560729dbe61642550911\">\n<li>We have a team of highly qualified nutritionists with extensive experience.<\/li>\n\n\n\n<li>We offer a comprehensive and personalized approach that combines nutrition with other areas of aesthetic medicine to achieve optimal results.<\/li>\n\n\n\n<li>We utilize the latest techniques and tools to help you reach your goals safely and effectively.<\/li>\n\n\n\n<li>We are committed to providing you with exceptional customer service.<\/li>\n<\/ul>\n<\/div>\n\n\n\n<div class=\"wp-block-column is-layout-flow wp-block-column-is-layout-flow\" style=\"flex-basis:50%\">\n<figure class=\"wp-block-image size-large is-resized\"><img loading=\"lazy\" decoding=\"async\" width=\"683\" height=\"1024\" src=\"http:\/\/doctoralaurafernandez.com\/wp-content\/uploads\/2024\/04\/DSC01304-683x1024.jpg\" alt=\"Cl\u00ednica de nutrici\u00f3n Laura Fern\u00e1ndez en Ibiza \" class=\"wp-image-751\" style=\"object-fit:cover;width:700px;height:600px\" srcset=\"https:\/\/doctoralaurafernandez.com\/wp-content\/uploads\/2024\/04\/DSC01304-683x1024.jpg 683w, https:\/\/doctoralaurafernandez.com\/wp-content\/uploads\/2024\/04\/DSC01304-200x300.jpg 200w, https:\/\/doctoralaurafernandez.com\/wp-content\/uploads\/2024\/04\/DSC01304-768x1152.jpg 768w, https:\/\/doctoralaurafernandez.com\/wp-content\/uploads\/2024\/04\/DSC01304-1024x1536.jpg 1024w, https:\/\/doctoralaurafernandez.com\/wp-content\/uploads\/2024\/04\/DSC01304-1365x2048.jpg 1365w, https:\/\/doctoralaurafernandez.com\/wp-content\/uploads\/2024\/04\/DSC01304-8x12.jpg 8w, https:\/\/doctoralaurafernandez.com\/wp-content\/uploads\/2024\/04\/DSC01304-scaled.jpg 1707w\" sizes=\"auto, (max-width: 683px) 100vw, 683px\" \/><\/figure>\n\n\n\n<div style=\"height:40px\" aria-hidden=\"true\" class=\"wp-block-spacer\"><\/div>\n<\/div>\n<\/div>\n\n\n\n<div style=\"height:40px\" aria-hidden=\"true\" class=\"wp-block-spacer\"><\/div>\n<\/div><\/div>\n<\/div><\/div>\n\n\n\n<div class=\"wp-block-cover alignfull\" style=\"padding-right:var(--wp--preset--spacing--40);padding-left:var(--wp--preset--spacing--40);min-height:300px;aspect-ratio:unset;\"><span aria-hidden=\"true\" class=\"wp-block-cover__background has-nv-dark-bg-background-color has-background-dim-70 has-background-dim\"><\/span><div class=\"wp-block-cover__inner-container is-layout-flow wp-block-cover-is-layout-flow\">\n<div style=\"height:140px\" aria-hidden=\"true\" class=\"wp-block-spacer\"><\/div>\n\n\n\n<h2 class=\"wp-block-heading has-text-align-center has-nv-text-dark-bg-color has-text-color has-large-font-size\"><strong><strong>Unidad de nutrici\u00f3n integrada en medicina est\u00e9tica de la cl\u00ednica Laura<strong> <\/strong><\/strong>Laura Fern\u00e1ndez en Ibiza: Tu belleza natural, en manos expertas<\/strong><\/h2>\n\n\n\n<p class=\"has-text-align-center\">Discover the best Nutrition clinic in Ibiza. Rejuvenate your skin, eliminate imperfections, and enhance your natural beauty with the finest treatments and professionals. Our team of Nutrition and Aesthetics experts is highly qualified and has extensive experience in treating a variety of conditions.<\/p>\n\n\n\n<div class=\"wp-block-buttons is-content-justification-center is-layout-flex wp-container-core-buttons-is-layout-16018d1d wp-block-buttons-is-layout-flex\">\n<div class=\"wp-block-button is-style-secondary\"><a class=\"wp-block-button__link wp-element-button\" href=\"https:\/\/doctoralaurafernandez.com\/index.php\/contacto\/\">Contact with us<\/a><\/div>\n\n\n\n<div class=\"wp-block-button is-style-secondary\"><a class=\"wp-block-button__link wp-element-button\" href=\"http:\/\/doctoralaurafernanfez.com\">Go to General Aesthetic Medicine<\/a><\/div>\n<\/div>\n\n\n\n<div style=\"height:140px\" aria-hidden=\"true\" class=\"wp-block-spacer\"><\/div>\n<\/div><\/div>","protected":false},"excerpt":{"rendered":"","protected":false},"author":1,"featured_media":0,"parent":0,"menu_order":0,"comment_status":"closed","ping_status":"closed","template":"","meta":{"neve_meta_sidebar":"","neve_meta_container":"","neve_meta_enable_content_width":"","neve_meta_content_width":0,"neve_meta_title_alignment":"","neve_meta_author_avatar":"","neve_post_elements_order":"","neve_meta_disable_header":"","neve_meta_disable_footer":"","neve_meta_disable_title":"","_themeisle_gutenberg_block_has_review":false,"_joinchat":[],"footnotes":""},"class_list":["post-681","page","type-page","status-publish","hentry"],"yoast_head":"<!-- This site is optimized with the Yoast SEO plugin v27.6 - https:\/\/yoast.com\/product\/yoast-seo-wordpress\/ -->\n<title>Nutrici\u00f3n en Ibiza | Dra Laura Fern\u00e1ndez Medicina Est\u00e9tica Ibiza<\/title>\n<meta name=\"description\" content=\"En Cl\u00ednica de nutrici\u00f3n Laura Fern\u00e1ndez en Ibiza te ayudamos a mejorar tu salud a trav\u00e9s de una alimentaci\u00f3n personalizada y saludable.\" \/>\n<meta name=\"robots\" content=\"index, follow, max-snippet:-1, max-image-preview:large, max-video-preview:-1\" \/>\n<link rel=\"canonical\" href=\"https:\/\/doctoralaurafernandez.com\/en\/nutricion-en-ibiza\/\" \/>\n<meta property=\"og:locale\" content=\"en_GB\" \/>\n<meta property=\"og:type\" content=\"article\" \/>\n<meta property=\"og:title\" content=\"Nutrici\u00f3n en Ibiza | Dra Laura Fern\u00e1ndez Medicina Est\u00e9tica Ibiza\" \/>\n<meta property=\"og:description\" content=\"En Cl\u00ednica de nutrici\u00f3n Laura Fern\u00e1ndez en Ibiza te ayudamos a mejorar tu salud a trav\u00e9s de una alimentaci\u00f3n personalizada y saludable.\" \/>\n<meta property=\"og:url\" content=\"https:\/\/doctoralaurafernandez.com\/en\/nutricion-en-ibiza\/\" \/>\n<meta property=\"og:site_name\" content=\"Dra Laura Fern\u00e1ndez Medicina Est\u00e9tica Ibiza\" \/>\n<meta property=\"article:publisher\" content=\"https:\/\/www.facebook.com\/laura.clinicamedicinaestetica\" \/>\n<meta property=\"article:modified_time\" content=\"2024-12-19T10:22:06+00:00\" \/>\n<meta property=\"og:image\" content=\"http:\/\/doctoralaurafernandez.com\/wp-content\/uploads\/2024\/04\/Qq5SuEVPToOoVMAoPn43lw.png\" \/>\n<meta name=\"twitter:card\" content=\"summary_large_image\" \/>\n<meta name=\"twitter:label1\" content=\"Estimated reading time\" \/>\n\t<meta name=\"twitter:data1\" content=\"2 minutes\" \/>\n<script type=\"application\/ld+json\" class=\"yoast-schema-graph\">{\"@context\":\"https:\\\/\\\/schema.org\",\"@graph\":[{\"@type\":\"WebPage\",\"@id\":\"https:\\\/\\\/doctoralaurafernandez.com\\\/nutricion-en-ibiza\\\/\",\"url\":\"https:\\\/\\\/doctoralaurafernandez.com\\\/nutricion-en-ibiza\\\/\",\"name\":\"Nutrici\u00f3n en Ibiza | Dra Laura Fern\u00e1ndez Medicina Est\u00e9tica Ibiza\",\"isPartOf\":{\"@id\":\"https:\\\/\\\/doctoralaurafernandez.com\\\/#website\"},\"primaryImageOfPage\":{\"@id\":\"https:\\\/\\\/doctoralaurafernandez.com\\\/nutricion-en-ibiza\\\/#primaryimage\"},\"image\":{\"@id\":\"https:\\\/\\\/doctoralaurafernandez.com\\\/nutricion-en-ibiza\\\/#primaryimage\"},\"thumbnailUrl\":\"http:\\\/\\\/doctoralaurafernandez.com\\\/wp-content\\\/uploads\\\/2024\\\/04\\\/Qq5SuEVPToOoVMAoPn43lw.png\",\"datePublished\":\"2024-04-09T07:57:15+00:00\",\"dateModified\":\"2024-12-19T10:22:06+00:00\",\"description\":\"En Cl\u00ednica de nutrici\u00f3n Laura Fern\u00e1ndez en Ibiza te ayudamos a mejorar tu salud a trav\u00e9s de una alimentaci\u00f3n personalizada y saludable.\",\"breadcrumb\":{\"@id\":\"https:\\\/\\\/doctoralaurafernandez.com\\\/nutricion-en-ibiza\\\/#breadcrumb\"},\"inLanguage\":\"en-GB\",\"potentialAction\":[{\"@type\":\"ReadAction\",\"target\":[\"https:\\\/\\\/doctoralaurafernandez.com\\\/nutricion-en-ibiza\\\/\"]}]},{\"@type\":\"ImageObject\",\"inLanguage\":\"en-GB\",\"@id\":\"https:\\\/\\\/doctoralaurafernandez.com\\\/nutricion-en-ibiza\\\/#primaryimage\",\"url\":\"http:\\\/\\\/doctoralaurafernandez.com\\\/wp-content\\\/uploads\\\/2024\\\/04\\\/Qq5SuEVPToOoVMAoPn43lw.png\",\"contentUrl\":\"http:\\\/\\\/doctoralaurafernandez.com\\\/wp-content\\\/uploads\\\/2024\\\/04\\\/Qq5SuEVPToOoVMAoPn43lw.png\"},{\"@type\":\"BreadcrumbList\",\"@id\":\"https:\\\/\\\/doctoralaurafernandez.com\\\/nutricion-en-ibiza\\\/#breadcrumb\",\"itemListElement\":[{\"@type\":\"ListItem\",\"position\":1,\"name\":\"Portada\",\"item\":\"https:\\\/\\\/doctoralaurafernandez.com\\\/\"},{\"@type\":\"ListItem\",\"position\":2,\"name\":\"Nutrici\u00f3n en Ibiza\"}]},{\"@type\":\"WebSite\",\"@id\":\"https:\\\/\\\/doctoralaurafernandez.com\\\/#website\",\"url\":\"https:\\\/\\\/doctoralaurafernandez.com\\\/\",\"name\":\"Dra. Laura Fern\u00e1ndez\",\"description\":\"Medicina Est\u00e9tica en Ibiza\",\"publisher\":{\"@id\":\"https:\\\/\\\/doctoralaurafernandez.com\\\/#organization\"},\"potentialAction\":[{\"@type\":\"SearchAction\",\"target\":{\"@type\":\"EntryPoint\",\"urlTemplate\":\"https:\\\/\\\/doctoralaurafernandez.com\\\/?s={search_term_string}\"},\"query-input\":{\"@type\":\"PropertyValueSpecification\",\"valueRequired\":true,\"valueName\":\"search_term_string\"}}],\"inLanguage\":\"en-GB\"},{\"@type\":\"Organization\",\"@id\":\"https:\\\/\\\/doctoralaurafernandez.com\\\/#organization\",\"name\":\"Dra. Laura Fern\u00e1ndez\",\"url\":\"https:\\\/\\\/doctoralaurafernandez.com\\\/\",\"logo\":{\"@type\":\"ImageObject\",\"inLanguage\":\"en-GB\",\"@id\":\"https:\\\/\\\/doctoralaurafernandez.com\\\/#\\\/schema\\\/logo\\\/image\\\/\",\"url\":\"https:\\\/\\\/doctoralaurafernandez.com\\\/wp-content\\\/uploads\\\/2024\\\/04\\\/cropped-Logo-Clinica-1.jpg\",\"contentUrl\":\"https:\\\/\\\/doctoralaurafernandez.com\\\/wp-content\\\/uploads\\\/2024\\\/04\\\/cropped-Logo-Clinica-1.jpg\",\"width\":512,\"height\":512,\"caption\":\"Dra. Laura Fern\u00e1ndez\"},\"image\":{\"@id\":\"https:\\\/\\\/doctoralaurafernandez.com\\\/#\\\/schema\\\/logo\\\/image\\\/\"},\"sameAs\":[\"https:\\\/\\\/www.facebook.com\\\/laura.clinicamedicinaestetica\",\"https:\\\/\\\/www.instagram.com\\\/dralaurafernandezibiza\\\/\"]}]}<\/script>\n<!-- \/ Yoast SEO plugin. -->","yoast_head_json":{"title":"Nutrici\u00f3n en Ibiza | Dra Laura Fern\u00e1ndez Medicina Est\u00e9tica Ibiza","description":"En Cl\u00ednica de nutrici\u00f3n Laura Fern\u00e1ndez en Ibiza te ayudamos a mejorar tu salud a trav\u00e9s de una alimentaci\u00f3n personalizada y saludable.","robots":{"index":"index","follow":"follow","max-snippet":"max-snippet:-1","max-image-preview":"max-image-preview:large","max-video-preview":"max-video-preview:-1"},"canonical":"https:\/\/doctoralaurafernandez.com\/en\/nutricion-en-ibiza\/","og_locale":"en_GB","og_type":"article","og_title":"Nutrici\u00f3n en Ibiza | Dra Laura Fern\u00e1ndez Medicina Est\u00e9tica Ibiza","og_description":"En Cl\u00ednica de nutrici\u00f3n Laura Fern\u00e1ndez en Ibiza te ayudamos a mejorar tu salud a trav\u00e9s de una alimentaci\u00f3n personalizada y saludable.","og_url":"https:\/\/doctoralaurafernandez.com\/en\/nutricion-en-ibiza\/","og_site_name":"Dra Laura Fern\u00e1ndez Medicina Est\u00e9tica Ibiza","article_publisher":"https:\/\/www.facebook.com\/laura.clinicamedicinaestetica","article_modified_time":"2024-12-19T10:22:06+00:00","og_image":[{"url":"http:\/\/doctoralaurafernandez.com\/wp-content\/uploads\/2024\/04\/Qq5SuEVPToOoVMAoPn43lw.png","type":"","width":"","height":""}],"twitter_card":"summary_large_image","twitter_misc":{"Estimated reading time":"2 minutes"},"schema":{"@context":"https:\/\/schema.org","@graph":[{"@type":"WebPage","@id":"https:\/\/doctoralaurafernandez.com\/nutricion-en-ibiza\/","url":"https:\/\/doctoralaurafernandez.com\/nutricion-en-ibiza\/","name":"Nutrici\u00f3n en Ibiza | Dra Laura Fern\u00e1ndez Medicina Est\u00e9tica Ibiza","isPartOf":{"@id":"https:\/\/doctoralaurafernandez.com\/#website"},"primaryImageOfPage":{"@id":"https:\/\/doctoralaurafernandez.com\/nutricion-en-ibiza\/#primaryimage"},"image":{"@id":"https:\/\/doctoralaurafernandez.com\/nutricion-en-ibiza\/#primaryimage"},"thumbnailUrl":"http:\/\/doctoralaurafernandez.com\/wp-content\/uploads\/2024\/04\/Qq5SuEVPToOoVMAoPn43lw.png","datePublished":"2024-04-09T07:57:15+00:00","dateModified":"2024-12-19T10:22:06+00:00","description":"En Cl\u00ednica de nutrici\u00f3n Laura Fern\u00e1ndez en Ibiza te ayudamos a mejorar tu salud a trav\u00e9s de una alimentaci\u00f3n personalizada y saludable.","breadcrumb":{"@id":"https:\/\/doctoralaurafernandez.com\/nutricion-en-ibiza\/#breadcrumb"},"inLanguage":"en-GB","potentialAction":[{"@type":"ReadAction","target":["https:\/\/doctoralaurafernandez.com\/nutricion-en-ibiza\/"]}]},{"@type":"ImageObject","inLanguage":"en-GB","@id":"https:\/\/doctoralaurafernandez.com\/nutricion-en-ibiza\/#primaryimage","url":"http:\/\/doctoralaurafernandez.com\/wp-content\/uploads\/2024\/04\/Qq5SuEVPToOoVMAoPn43lw.png","contentUrl":"http:\/\/doctoralaurafernandez.com\/wp-content\/uploads\/2024\/04\/Qq5SuEVPToOoVMAoPn43lw.png"},{"@type":"BreadcrumbList","@id":"https:\/\/doctoralaurafernandez.com\/nutricion-en-ibiza\/#breadcrumb","itemListElement":[{"@type":"ListItem","position":1,"name":"Portada","item":"https:\/\/doctoralaurafernandez.com\/"},{"@type":"ListItem","position":2,"name":"Nutrici\u00f3n en Ibiza"}]},{"@type":"WebSite","@id":"https:\/\/doctoralaurafernandez.com\/#website","url":"https:\/\/doctoralaurafernandez.com\/","name":"Dra. Laura Fern\u00e1ndez","description":"Medicina Est\u00e9tica en Ibiza","publisher":{"@id":"https:\/\/doctoralaurafernandez.com\/#organization"},"potentialAction":[{"@type":"SearchAction","target":{"@type":"EntryPoint","urlTemplate":"https:\/\/doctoralaurafernandez.com\/?s={search_term_string}"},"query-input":{"@type":"PropertyValueSpecification","valueRequired":true,"valueName":"search_term_string"}}],"inLanguage":"en-GB"},{"@type":"Organization","@id":"https:\/\/doctoralaurafernandez.com\/#organization","name":"Dra. Laura Fern\u00e1ndez","url":"https:\/\/doctoralaurafernandez.com\/","logo":{"@type":"ImageObject","inLanguage":"en-GB","@id":"https:\/\/doctoralaurafernandez.com\/#\/schema\/logo\/image\/","url":"https:\/\/doctoralaurafernandez.com\/wp-content\/uploads\/2024\/04\/cropped-Logo-Clinica-1.jpg","contentUrl":"https:\/\/doctoralaurafernandez.com\/wp-content\/uploads\/2024\/04\/cropped-Logo-Clinica-1.jpg","width":512,"height":512,"caption":"Dra. Laura Fern\u00e1ndez"},"image":{"@id":"https:\/\/doctoralaurafernandez.com\/#\/schema\/logo\/image\/"},"sameAs":["https:\/\/www.facebook.com\/laura.clinicamedicinaestetica","https:\/\/www.instagram.com\/dralaurafernandezibiza\/"]}]}},"jetpack_sharing_enabled":true,"_links":{"self":[{"href":"https:\/\/doctoralaurafernandez.com\/en\/wp-json\/wp\/v2\/pages\/681","targetHints":{"allow":["GET"]}}],"collection":[{"href":"https:\/\/doctoralaurafernandez.com\/en\/wp-json\/wp\/v2\/pages"}],"about":[{"href":"https:\/\/doctoralaurafernandez.com\/en\/wp-json\/wp\/v2\/types\/page"}],"author":[{"embeddable":true,"href":"https:\/\/doctoralaurafernandez.com\/en\/wp-json\/wp\/v2\/users\/1"}],"replies":[{"embeddable":true,"href":"https:\/\/doctoralaurafernandez.com\/en\/wp-json\/wp\/v2\/comments?post=681"}],"version-history":[{"count":48,"href":"https:\/\/doctoralaurafernandez.com\/en\/wp-json\/wp\/v2\/pages\/681\/revisions"}],"predecessor-version":[{"id":2122,"href":"https:\/\/doctoralaurafernandez.com\/en\/wp-json\/wp\/v2\/pages\/681\/revisions\/2122"}],"wp:attachment":[{"href":"https:\/\/doctoralaurafernandez.com\/en\/wp-json\/wp\/v2\/media?parent=681"}],"curies":[{"name":"wp","href":"https:\/\/api.w.org\/{rel}","templated":true}]}}