{"id":682,"date":"2024-04-09T07:57:15","date_gmt":"2024-04-09T07:57:15","guid":{"rendered":"https:\/\/doctoralaurafernandez.com\/?page_id=682"},"modified":"2024-12-19T10:12:57","modified_gmt":"2024-12-19T10:12:57","slug":"ginecologia-estetica-regenerativa-funcional","status":"publish","type":"page","link":"https:\/\/doctoralaurafernandez.com\/en\/ginecologia-estetica-regenerativa-funcional\/","title":{"rendered":"Aesthetic gynecology"},"content":{"rendered":"<div class=\"wp-block-cover alignfull\" style=\"padding-right:var(--wp--preset--spacing--80);padding-left:var(--wp--preset--spacing--80);min-height:700px;aspect-ratio:unset;\"><span aria-hidden=\"true\" class=\"wp-block-cover__background has-neve-link-hover-color-background-color has-background-dim\"><\/span><img loading=\"lazy\" decoding=\"async\" width=\"1024\" height=\"1024\" class=\"wp-block-cover__image-background wp-image-1676\" alt=\"Dematolog\u00eda en Ibiza Cl\u00ednica Laura\u00a0Fern\u00e1ndez\" src=\"https:\/\/doctoralaurafernandez.com\/wp-content\/uploads\/2024\/04\/1gATcdtRQvWfDD77UwwF1g-1.webp\" data-object-fit=\"cover\" srcset=\"https:\/\/doctoralaurafernandez.com\/wp-content\/uploads\/2024\/04\/1gATcdtRQvWfDD77UwwF1g-1.webp 1024w, https:\/\/doctoralaurafernandez.com\/wp-content\/uploads\/2024\/04\/1gATcdtRQvWfDD77UwwF1g-1-300x300.webp 300w, https:\/\/doctoralaurafernandez.com\/wp-content\/uploads\/2024\/04\/1gATcdtRQvWfDD77UwwF1g-1-150x150.webp 150w, https:\/\/doctoralaurafernandez.com\/wp-content\/uploads\/2024\/04\/1gATcdtRQvWfDD77UwwF1g-1-768x768.webp 768w, https:\/\/doctoralaurafernandez.com\/wp-content\/uploads\/2024\/04\/1gATcdtRQvWfDD77UwwF1g-1-12x12.webp 12w\" sizes=\"auto, (max-width: 1024px) 100vw, 1024px\" \/><div class=\"wp-block-cover__inner-container is-layout-constrained wp-container-core-cover-is-layout-8de92ddb wp-block-cover-is-layout-constrained\">\n<h1 class=\"wp-block-heading has-text-align-center has-nv-site-bg-color has-text-color has-link-color wp-elements-750550e12eac614b7190ee8816e1eed1\">Regenerative and functional aesthetic gynecology in Ibiza<\/h1>\n\n\n\n<p class=\"has-text-align-center has-nv-site-bg-color has-text-color has-link-color wp-elements-9781365fd7ce8734e59a5f291f6c0a0b\">La Cl\u00ednica Laura Fern\u00e1ndez incorpora a sus servicios la unidad de Ginecolog\u00eda Est\u00e9tica Regenerativa y Funcional. Nuestro equipo de profesionales, liderado por la reconocida Dra. Laura Fern\u00e1ndez, te ofrece un enfoque integral para cuidar tu salud \u00edntima femenina. M\u00e1s all\u00e1 de la est\u00e9tica, nos enfocamos en la regeneraci\u00f3n y funcionalidad de la zona \u00edntima, mejorando tu calidad de vida. Te invitamos a conocer nuestros exclusivos tratamientos personalizados, tecnolog\u00eda de \u00faltima generaci\u00f3n y acompa\u00f1amiento profesional en cada etapa.<\/p>\n<\/div><\/div>\n\n\n\n<div class=\"wp-block-cover alignfull ticss-db02e81f\" style=\"min-height:600px;aspect-ratio:unset;\"><span aria-hidden=\"true\" class=\"wp-block-cover__background has-nv-light-bg-background-color has-background-dim-100 has-background-dim\"><\/span><div class=\"wp-block-cover__inner-container is-layout-flow wp-block-cover-is-layout-flow\">\n<div class=\"wp-block-group\"><div class=\"wp-block-group__inner-container is-layout-flow wp-block-group-is-layout-flow\">\n<div style=\"height:80px\" aria-hidden=\"true\" class=\"wp-block-spacer\"><\/div>\n\n\n\n<div class=\"wp-block-columns is-layout-flex wp-container-core-columns-is-layout-9d6595d7 wp-block-columns-is-layout-flex\">\n<div class=\"wp-block-column is-layout-flow wp-block-column-is-layout-flow\" style=\"flex-basis:50%\">\n<figure class=\"wp-block-image size-large\"><img loading=\"lazy\" decoding=\"async\" width=\"683\" height=\"1024\" src=\"http:\/\/doctoralaurafernandez.com\/wp-content\/uploads\/2024\/04\/DSC01140-1-683x1024.webp\" alt=\"\" class=\"wp-image-1675\" style=\"aspect-ratio:3\/2;object-fit:cover\" srcset=\"https:\/\/doctoralaurafernandez.com\/wp-content\/uploads\/2024\/04\/DSC01140-1-683x1024.webp 683w, https:\/\/doctoralaurafernandez.com\/wp-content\/uploads\/2024\/04\/DSC01140-1-200x300.webp 200w, https:\/\/doctoralaurafernandez.com\/wp-content\/uploads\/2024\/04\/DSC01140-1-768x1152.webp 768w, https:\/\/doctoralaurafernandez.com\/wp-content\/uploads\/2024\/04\/DSC01140-1-1024x1536.webp 1024w, https:\/\/doctoralaurafernandez.com\/wp-content\/uploads\/2024\/04\/DSC01140-1-1365x2048.webp 1365w, https:\/\/doctoralaurafernandez.com\/wp-content\/uploads\/2024\/04\/DSC01140-1-8x12.webp 8w, https:\/\/doctoralaurafernandez.com\/wp-content\/uploads\/2024\/04\/DSC01140-1-scaled.webp 1707w\" sizes=\"auto, (max-width: 683px) 100vw, 683px\" \/><\/figure>\n\n\n\n<div style=\"height:40px\" aria-hidden=\"true\" class=\"wp-block-spacer\"><\/div>\n<\/div>\n\n\n\n<div class=\"wp-block-column is-vertically-aligned-center is-layout-flow wp-block-column-is-layout-flow\" style=\"flex-basis:50%\">\n<div style=\"height:20px\" aria-hidden=\"true\" class=\"wp-block-spacer\"><\/div>\n\n\n\n<h2 class=\"wp-block-heading has-text-align-left has-neve-text-color-color has-text-color\"><strong>What is Regenerative and Functional Aesthetic Gynecology?<\/strong><\/h2>\n\n\n\n<p class=\"has-neve-link-hover-color-color has-text-color has-link-color wp-elements-1f892d2b53ca49aff31791d12c99fe5b\">This area of gynecology is dedicated to the prevention, diagnosis, and treatment of female intimate problems, using innovative techniques to improve both the functionality and aesthetics of the vaginal area.<br><\/p>\n\n\n\n<p class=\"has-neve-link-hover-color-color has-text-color has-link-color wp-elements-b564b29051c047cce2bf1c82afcbe24e\">Dra. Laura Fern\u00e1ndez clinic, our area of Esthetic Gynecology is dedicated to the prevention, diagnosis, and treatment of female intimate problems.<\/p>\n\n\n\n<p class=\"has-neve-link-hover-color-color has-text-color has-link-color wp-elements-7ffcd5c3b186356650baaa013c659896\">We utilize innovative techniques to enhance both the functionality and aesthetics of the vaginal area, providing personalized solutions tailored to the needs of each woman.<\/p>\n<\/div>\n<\/div>\n\n\n\n<div style=\"height:40px\" aria-hidden=\"true\" class=\"wp-block-spacer\"><\/div>\n<\/div><\/div>\n<\/div><\/div>\n\n\n\n<div class=\"wp-block-cover alignfull ticss-db02e81f\" style=\"min-height:600px;aspect-ratio:unset;\"><span aria-hidden=\"true\" class=\"wp-block-cover__background has-nv-light-bg-background-color has-background-dim-100 has-background-dim\"><\/span><div class=\"wp-block-cover__inner-container is-layout-flow wp-block-cover-is-layout-flow\">\n<div class=\"wp-block-group\"><div class=\"wp-block-group__inner-container is-layout-flow wp-block-group-is-layout-flow\">\n<div style=\"height:80px\" aria-hidden=\"true\" class=\"wp-block-spacer\"><\/div>\n\n\n\n<div class=\"wp-block-columns is-layout-flex wp-container-core-columns-is-layout-9d6595d7 wp-block-columns-is-layout-flex\">\n<div class=\"wp-block-column is-vertically-aligned-center is-layout-flow wp-block-column-is-layout-flow\" style=\"flex-basis:50%\">\n<h2 class=\"wp-block-heading has-neve-link-hover-color-color has-text-color has-link-color has-large-font-size wp-elements-0530f136d6acb3dede25fb39953d0eb2\">\u00bfEn qu\u00e9 te podemos ayudar Unidad de Ginecol\u00f3gica regenerativa en Ibiza?<\/h2>\n\n\n\n<ul class=\"wp-block-list has-neve-link-hover-color-color has-text-color has-link-color wp-elements-36273f2d297f51f039a630080ad613de\">\n<li>Vaginal dryness and dyspareunia (pain during sexual intercourse) associated with menopause or vaginal atrophy.<\/li>\n\n\n\n<li>Mild to moderate urinary incontinence.<\/li>\n\n\n\n<li>Vaginal laxity after childbirth.<\/li>\n\n\n\n<li>External genital rejuvenation.<\/li>\n\n\n\n<li>Labiaplasty (reduction of the labia minora) for functional or aesthetic reasons.<\/li>\n<\/ul>\n<\/div>\n\n\n\n<div class=\"wp-block-column is-layout-flow wp-block-column-is-layout-flow\" style=\"flex-basis:50%\">\n<figure class=\"wp-block-image size-large\"><img loading=\"lazy\" decoding=\"async\" width=\"683\" height=\"1024\" src=\"http:\/\/doctoralaurafernandez.com\/wp-content\/uploads\/2024\/04\/DSC01251_11zon-683x1024.webp\" alt=\"Dematolog\u00eda en Ibiza Cl\u00ednica Laura\u00a0Fern\u00e1ndez\" class=\"wp-image-1670\" style=\"aspect-ratio:3\/2;object-fit:cover\" srcset=\"https:\/\/doctoralaurafernandez.com\/wp-content\/uploads\/2024\/04\/DSC01251_11zon-683x1024.webp 683w, https:\/\/doctoralaurafernandez.com\/wp-content\/uploads\/2024\/04\/DSC01251_11zon-200x300.webp 200w, https:\/\/doctoralaurafernandez.com\/wp-content\/uploads\/2024\/04\/DSC01251_11zon-768x1152.webp 768w, https:\/\/doctoralaurafernandez.com\/wp-content\/uploads\/2024\/04\/DSC01251_11zon-1024x1536.webp 1024w, https:\/\/doctoralaurafernandez.com\/wp-content\/uploads\/2024\/04\/DSC01251_11zon-1365x2048.webp 1365w, https:\/\/doctoralaurafernandez.com\/wp-content\/uploads\/2024\/04\/DSC01251_11zon-8x12.webp 8w, https:\/\/doctoralaurafernandez.com\/wp-content\/uploads\/2024\/04\/DSC01251_11zon-scaled.webp 1707w\" sizes=\"auto, (max-width: 683px) 100vw, 683px\" \/><\/figure>\n\n\n\n<div style=\"height:40px\" aria-hidden=\"true\" class=\"wp-block-spacer\"><\/div>\n<\/div>\n<\/div>\n\n\n\n<div style=\"height:40px\" aria-hidden=\"true\" class=\"wp-block-spacer\"><\/div>\n<\/div><\/div>\n<\/div><\/div>\n\n\n\n<div class=\"wp-block-cover alignfull ticss-3c9a0ef1\" style=\"min-height:600px;aspect-ratio:unset;\"><span aria-hidden=\"true\" class=\"wp-block-cover__background has-nv-light-bg-background-color has-background-dim-100 has-background-dim\"><\/span><div class=\"wp-block-cover__inner-container is-layout-flow wp-block-cover-is-layout-flow\">\n<div class=\"wp-block-group\"><div class=\"wp-block-group__inner-container is-layout-flow wp-block-group-is-layout-flow\">\n<div style=\"height:58px\" aria-hidden=\"true\" class=\"wp-block-spacer\"><\/div>\n\n\n\n<div class=\"wp-block-columns is-layout-flex wp-container-core-columns-is-layout-9d6595d7 wp-block-columns-is-layout-flex\">\n<div class=\"wp-block-column is-vertically-aligned-center is-layout-flow wp-block-column-is-layout-flow\" style=\"flex-basis:50%\">\n<figure class=\"wp-block-image size-large\"><img loading=\"lazy\" decoding=\"async\" width=\"1024\" height=\"560\" src=\"http:\/\/doctoralaurafernandez.com\/wp-content\/uploads\/2024\/04\/que-es-la-ginecologia-zaragoza-min-1024x560.webp\" alt=\"\" class=\"wp-image-1631\" style=\"aspect-ratio:3\/2;object-fit:cover\" srcset=\"https:\/\/doctoralaurafernandez.com\/wp-content\/uploads\/2024\/04\/que-es-la-ginecologia-zaragoza-min-1024x560.webp 1024w, https:\/\/doctoralaurafernandez.com\/wp-content\/uploads\/2024\/04\/que-es-la-ginecologia-zaragoza-min-300x164.webp 300w, https:\/\/doctoralaurafernandez.com\/wp-content\/uploads\/2024\/04\/que-es-la-ginecologia-zaragoza-min-768x420.webp 768w, https:\/\/doctoralaurafernandez.com\/wp-content\/uploads\/2024\/04\/que-es-la-ginecologia-zaragoza-min-18x10.webp 18w, https:\/\/doctoralaurafernandez.com\/wp-content\/uploads\/2024\/04\/que-es-la-ginecologia-zaragoza-min.webp 1200w\" sizes=\"auto, (max-width: 1024px) 100vw, 1024px\" \/><\/figure>\n\n\n\n<div style=\"height:40px\" aria-hidden=\"true\" class=\"wp-block-spacer\"><\/div>\n<\/div>\n\n\n\n<div class=\"wp-block-column is-vertically-aligned-center is-layout-flow wp-block-column-is-layout-flow\" style=\"flex-basis:50%\">\n<h2 class=\"wp-block-heading has-neve-link-hover-color-color has-text-color has-link-color wp-elements-542fc01965e7491f1be22caf46333c10\">What benefits do we offer you?<\/h2>\n\n\n\n<ul class=\"wp-block-list has-neve-link-hover-color-color has-text-color has-link-color wp-elements-c16347275af01840965a08ae246c68be\">\n<li>Minimally invasive and outpatient treatments:<br><strong>Forget about discomfort and extended recovery times.<\/strong>&nbsp;Enjoy quick and comfortable procedures that allow you to resume your normal life immediately.<\/li>\n\n\n\n<li>State-of-the-art laser technology procedures:<br><strong>Experience the precision and effectiveness of state-of-the-art laser technology.<\/strong>&nbsp;Our treatments are designed to deliver optimal results with minimal risks and discomfort.<\/li>\n\n\n\n<li>Natural and long-lasting results:<br><strong>Look and feel radiant for longer.<\/strong>&nbsp;Our treatments offer natural and long-lasting results that will help boost your self-confidence.<\/li>\n\n\n\n<li>Improvement of sexual quality of life and vaginal health:<br><strong>Enjoy a fulfilling and satisfying sexual life.<\/strong>&nbsp;Our treatments can help you resolve issues such as vaginal dryness, pain during sexual intercourse, and urinary incontinence.<\/li>\n\n\n\n<li>Increased self-esteem and intimate well-being:<br><strong>Strengthen your self-esteem and intimate well-being.<\/strong>&nbsp;Feeling good about your body and yourself is essential for a fulfilling and happy life.\"<\/li>\n<\/ul>\n<\/div>\n<\/div>\n\n\n\n<div style=\"height:34px\" aria-hidden=\"true\" class=\"wp-block-spacer\"><\/div>\n<\/div><\/div>\n<\/div><\/div>\n\n\n\n<div class=\"wp-block-cover alignfull\" style=\"min-height:300px;aspect-ratio:unset;\"><span aria-hidden=\"true\" class=\"wp-block-cover__background has-nv-dark-bg-background-color has-background-dim-100 has-background-dim\"><\/span><div class=\"wp-block-cover__inner-container is-layout-flow wp-block-cover-is-layout-flow\">\n<div style=\"height:140px\" aria-hidden=\"true\" class=\"wp-block-spacer\"><\/div>\n\n\n\n<h2 class=\"wp-block-heading has-text-align-center has-nv-text-dark-bg-color has-text-color has-large-font-size\"><strong>Unidad de <strong>Ginecol\u00f3gica Est\u00e9tica en la Cl\u00ednica <\/strong>Laura Fern\u00e1ndez en Ibiza: Tu belleza natural, en manos expertas<\/strong><\/h2>\n\n\n\n<p class=\"has-text-align-center has-nv-site-bg-color has-text-color has-link-color wp-elements-d479f15e9139986b2a1d959631dff5a4 translation-block\">Discover the best Gynecological clinic in Ibiza. Rejuvenate your skin, eliminate imperfections, and enhance your natural beauty with top-notch treatments and professionals.<br>Dr. Laura Fern\u00e1ndez, specialist in gynecology and aesthetics. Rejuvenate your skin, eliminate imperfections, and enhance your natural beauty with the best treatments and state-of-the-art technology.<\/p>\n\n\n\n<div class=\"wp-block-buttons is-content-justification-center is-layout-flex wp-container-core-buttons-is-layout-16018d1d wp-block-buttons-is-layout-flex\">\n<div class=\"wp-block-button is-style-secondary\"><a class=\"wp-block-button__link wp-element-button\" href=\"https:\/\/doctoralaurafernandez.com\/index.php\/contacto\/\">Contact with us<\/a><\/div>\n\n\n\n<div class=\"wp-block-button is-style-secondary\"><a class=\"wp-block-button__link wp-element-button\" href=\"http:\/\/doctoralaurafernanfez.com\">Go to General Aesthetic Medicine<\/a><\/div>\n<\/div>\n\n\n\n<div style=\"height:140px\" aria-hidden=\"true\" class=\"wp-block-spacer\"><\/div>\n<\/div><\/div>","protected":false},"excerpt":{"rendered":"","protected":false},"author":1,"featured_media":0,"parent":0,"menu_order":0,"comment_status":"closed","ping_status":"closed","template":"","meta":{"neve_meta_sidebar":"","neve_meta_container":"","neve_meta_enable_content_width":"","neve_meta_content_width":0,"neve_meta_title_alignment":"","neve_meta_author_avatar":"","neve_post_elements_order":"","neve_meta_disable_header":"","neve_meta_disable_footer":"","neve_meta_disable_title":"","_themeisle_gutenberg_block_has_review":false,"_joinchat":[],"footnotes":""},"class_list":["post-682","page","type-page","status-publish","hentry"],"yoast_head":"<!-- This site is optimized with the Yoast SEO plugin v27.6 - https:\/\/yoast.com\/product\/yoast-seo-wordpress\/ -->\n<title>Ginecologi\u0301a este\u0301tica | Dra Laura Fern\u00e1ndez Medicina Est\u00e9tica Ibiza<\/title>\n<meta name=\"description\" content=\"La Cl\u00ednica Ginecol\u00f3gica Laura Fern\u00e1ndez en Ibiza te ofrece un servicio de calidad con las \u00faltimas t\u00e9cnicas y los mejores profesionales.\" \/>\n<meta name=\"robots\" content=\"index, follow, max-snippet:-1, max-image-preview:large, max-video-preview:-1\" \/>\n<link rel=\"canonical\" href=\"https:\/\/doctoralaurafernandez.com\/en\/ginecologia-estetica-regenerativa-funcional\/\" \/>\n<meta property=\"og:locale\" content=\"en_GB\" \/>\n<meta property=\"og:type\" content=\"article\" \/>\n<meta property=\"og:title\" content=\"Ginecologi\u0301a este\u0301tica | Dra Laura Fern\u00e1ndez Medicina Est\u00e9tica Ibiza\" \/>\n<meta property=\"og:description\" content=\"La Cl\u00ednica Ginecol\u00f3gica Laura Fern\u00e1ndez en Ibiza te ofrece un servicio de calidad con las \u00faltimas t\u00e9cnicas y los mejores profesionales.\" \/>\n<meta property=\"og:url\" content=\"https:\/\/doctoralaurafernandez.com\/en\/ginecologia-estetica-regenerativa-funcional\/\" \/>\n<meta property=\"og:site_name\" content=\"Dra Laura Fern\u00e1ndez Medicina Est\u00e9tica Ibiza\" \/>\n<meta property=\"article:publisher\" content=\"https:\/\/www.facebook.com\/laura.clinicamedicinaestetica\" \/>\n<meta property=\"article:modified_time\" content=\"2024-12-19T10:12:57+00:00\" \/>\n<meta property=\"og:image\" content=\"https:\/\/doctoralaurafernandez.com\/wp-content\/uploads\/2024\/04\/1gATcdtRQvWfDD77UwwF1g-1.webp\" \/>\n\t<meta property=\"og:image:width\" content=\"1024\" \/>\n\t<meta property=\"og:image:height\" content=\"1024\" \/>\n\t<meta property=\"og:image:type\" content=\"image\/webp\" \/>\n<meta name=\"twitter:card\" content=\"summary_large_image\" \/>\n<meta name=\"twitter:label1\" content=\"Estimated reading time\" \/>\n\t<meta name=\"twitter:data1\" content=\"3 minutes\" \/>\n<script type=\"application\/ld+json\" class=\"yoast-schema-graph\">{\"@context\":\"https:\\\/\\\/schema.org\",\"@graph\":[{\"@type\":\"WebPage\",\"@id\":\"https:\\\/\\\/doctoralaurafernandez.com\\\/ginecologia-estetica-regenerativa-funcional\\\/\",\"url\":\"https:\\\/\\\/doctoralaurafernandez.com\\\/ginecologia-estetica-regenerativa-funcional\\\/\",\"name\":\"Ginecologi\u0301a este\u0301tica | Dra Laura Fern\u00e1ndez Medicina Est\u00e9tica Ibiza\",\"isPartOf\":{\"@id\":\"https:\\\/\\\/doctoralaurafernandez.com\\\/#website\"},\"primaryImageOfPage\":{\"@id\":\"https:\\\/\\\/doctoralaurafernandez.com\\\/ginecologia-estetica-regenerativa-funcional\\\/#primaryimage\"},\"image\":{\"@id\":\"https:\\\/\\\/doctoralaurafernandez.com\\\/ginecologia-estetica-regenerativa-funcional\\\/#primaryimage\"},\"thumbnailUrl\":\"https:\\\/\\\/doctoralaurafernandez.com\\\/wp-content\\\/uploads\\\/2024\\\/04\\\/1gATcdtRQvWfDD77UwwF1g-1.webp\",\"datePublished\":\"2024-04-09T07:57:15+00:00\",\"dateModified\":\"2024-12-19T10:12:57+00:00\",\"description\":\"La Cl\u00ednica Ginecol\u00f3gica Laura Fern\u00e1ndez en Ibiza te ofrece un servicio de calidad con las \u00faltimas t\u00e9cnicas y los mejores profesionales.\",\"breadcrumb\":{\"@id\":\"https:\\\/\\\/doctoralaurafernandez.com\\\/ginecologia-estetica-regenerativa-funcional\\\/#breadcrumb\"},\"inLanguage\":\"en-GB\",\"potentialAction\":[{\"@type\":\"ReadAction\",\"target\":[\"https:\\\/\\\/doctoralaurafernandez.com\\\/ginecologia-estetica-regenerativa-funcional\\\/\"]}]},{\"@type\":\"ImageObject\",\"inLanguage\":\"en-GB\",\"@id\":\"https:\\\/\\\/doctoralaurafernandez.com\\\/ginecologia-estetica-regenerativa-funcional\\\/#primaryimage\",\"url\":\"https:\\\/\\\/doctoralaurafernandez.com\\\/wp-content\\\/uploads\\\/2024\\\/04\\\/1gATcdtRQvWfDD77UwwF1g-1.webp\",\"contentUrl\":\"https:\\\/\\\/doctoralaurafernandez.com\\\/wp-content\\\/uploads\\\/2024\\\/04\\\/1gATcdtRQvWfDD77UwwF1g-1.webp\"},{\"@type\":\"BreadcrumbList\",\"@id\":\"https:\\\/\\\/doctoralaurafernandez.com\\\/ginecologia-estetica-regenerativa-funcional\\\/#breadcrumb\",\"itemListElement\":[{\"@type\":\"ListItem\",\"position\":1,\"name\":\"Portada\",\"item\":\"https:\\\/\\\/doctoralaurafernandez.com\\\/\"},{\"@type\":\"ListItem\",\"position\":2,\"name\":\"Ginecologi\u0301a este\u0301tica\"}]},{\"@type\":\"WebSite\",\"@id\":\"https:\\\/\\\/doctoralaurafernandez.com\\\/#website\",\"url\":\"https:\\\/\\\/doctoralaurafernandez.com\\\/\",\"name\":\"Dra. Laura Fern\u00e1ndez\",\"description\":\"Medicina Est\u00e9tica en Ibiza\",\"publisher\":{\"@id\":\"https:\\\/\\\/doctoralaurafernandez.com\\\/#organization\"},\"potentialAction\":[{\"@type\":\"SearchAction\",\"target\":{\"@type\":\"EntryPoint\",\"urlTemplate\":\"https:\\\/\\\/doctoralaurafernandez.com\\\/?s={search_term_string}\"},\"query-input\":{\"@type\":\"PropertyValueSpecification\",\"valueRequired\":true,\"valueName\":\"search_term_string\"}}],\"inLanguage\":\"en-GB\"},{\"@type\":\"Organization\",\"@id\":\"https:\\\/\\\/doctoralaurafernandez.com\\\/#organization\",\"name\":\"Dra. Laura Fern\u00e1ndez\",\"url\":\"https:\\\/\\\/doctoralaurafernandez.com\\\/\",\"logo\":{\"@type\":\"ImageObject\",\"inLanguage\":\"en-GB\",\"@id\":\"https:\\\/\\\/doctoralaurafernandez.com\\\/#\\\/schema\\\/logo\\\/image\\\/\",\"url\":\"https:\\\/\\\/doctoralaurafernandez.com\\\/wp-content\\\/uploads\\\/2024\\\/04\\\/cropped-Logo-Clinica-1.jpg\",\"contentUrl\":\"https:\\\/\\\/doctoralaurafernandez.com\\\/wp-content\\\/uploads\\\/2024\\\/04\\\/cropped-Logo-Clinica-1.jpg\",\"width\":512,\"height\":512,\"caption\":\"Dra. Laura Fern\u00e1ndez\"},\"image\":{\"@id\":\"https:\\\/\\\/doctoralaurafernandez.com\\\/#\\\/schema\\\/logo\\\/image\\\/\"},\"sameAs\":[\"https:\\\/\\\/www.facebook.com\\\/laura.clinicamedicinaestetica\",\"https:\\\/\\\/www.instagram.com\\\/dralaurafernandezibiza\\\/\"]}]}<\/script>\n<!-- \/ Yoast SEO plugin. -->","yoast_head_json":{"title":"Ginecologi\u0301a este\u0301tica | Dra Laura Fern\u00e1ndez Medicina Est\u00e9tica Ibiza","description":"La Cl\u00ednica Ginecol\u00f3gica Laura Fern\u00e1ndez en Ibiza te ofrece un servicio de calidad con las \u00faltimas t\u00e9cnicas y los mejores profesionales.","robots":{"index":"index","follow":"follow","max-snippet":"max-snippet:-1","max-image-preview":"max-image-preview:large","max-video-preview":"max-video-preview:-1"},"canonical":"https:\/\/doctoralaurafernandez.com\/en\/ginecologia-estetica-regenerativa-funcional\/","og_locale":"en_GB","og_type":"article","og_title":"Ginecologi\u0301a este\u0301tica | Dra Laura Fern\u00e1ndez Medicina Est\u00e9tica Ibiza","og_description":"La Cl\u00ednica Ginecol\u00f3gica Laura Fern\u00e1ndez en Ibiza te ofrece un servicio de calidad con las \u00faltimas t\u00e9cnicas y los mejores profesionales.","og_url":"https:\/\/doctoralaurafernandez.com\/en\/ginecologia-estetica-regenerativa-funcional\/","og_site_name":"Dra Laura Fern\u00e1ndez Medicina Est\u00e9tica Ibiza","article_publisher":"https:\/\/www.facebook.com\/laura.clinicamedicinaestetica","article_modified_time":"2024-12-19T10:12:57+00:00","og_image":[{"width":1024,"height":1024,"url":"https:\/\/doctoralaurafernandez.com\/wp-content\/uploads\/2024\/04\/1gATcdtRQvWfDD77UwwF1g-1.webp","type":"image\/webp"}],"twitter_card":"summary_large_image","twitter_misc":{"Estimated reading time":"3 minutes"},"schema":{"@context":"https:\/\/schema.org","@graph":[{"@type":"WebPage","@id":"https:\/\/doctoralaurafernandez.com\/ginecologia-estetica-regenerativa-funcional\/","url":"https:\/\/doctoralaurafernandez.com\/ginecologia-estetica-regenerativa-funcional\/","name":"Ginecologi\u0301a este\u0301tica | Dra Laura Fern\u00e1ndez Medicina Est\u00e9tica Ibiza","isPartOf":{"@id":"https:\/\/doctoralaurafernandez.com\/#website"},"primaryImageOfPage":{"@id":"https:\/\/doctoralaurafernandez.com\/ginecologia-estetica-regenerativa-funcional\/#primaryimage"},"image":{"@id":"https:\/\/doctoralaurafernandez.com\/ginecologia-estetica-regenerativa-funcional\/#primaryimage"},"thumbnailUrl":"https:\/\/doctoralaurafernandez.com\/wp-content\/uploads\/2024\/04\/1gATcdtRQvWfDD77UwwF1g-1.webp","datePublished":"2024-04-09T07:57:15+00:00","dateModified":"2024-12-19T10:12:57+00:00","description":"La Cl\u00ednica Ginecol\u00f3gica Laura Fern\u00e1ndez en Ibiza te ofrece un servicio de calidad con las \u00faltimas t\u00e9cnicas y los mejores profesionales.","breadcrumb":{"@id":"https:\/\/doctoralaurafernandez.com\/ginecologia-estetica-regenerativa-funcional\/#breadcrumb"},"inLanguage":"en-GB","potentialAction":[{"@type":"ReadAction","target":["https:\/\/doctoralaurafernandez.com\/ginecologia-estetica-regenerativa-funcional\/"]}]},{"@type":"ImageObject","inLanguage":"en-GB","@id":"https:\/\/doctoralaurafernandez.com\/ginecologia-estetica-regenerativa-funcional\/#primaryimage","url":"https:\/\/doctoralaurafernandez.com\/wp-content\/uploads\/2024\/04\/1gATcdtRQvWfDD77UwwF1g-1.webp","contentUrl":"https:\/\/doctoralaurafernandez.com\/wp-content\/uploads\/2024\/04\/1gATcdtRQvWfDD77UwwF1g-1.webp"},{"@type":"BreadcrumbList","@id":"https:\/\/doctoralaurafernandez.com\/ginecologia-estetica-regenerativa-funcional\/#breadcrumb","itemListElement":[{"@type":"ListItem","position":1,"name":"Portada","item":"https:\/\/doctoralaurafernandez.com\/"},{"@type":"ListItem","position":2,"name":"Ginecologi\u0301a este\u0301tica"}]},{"@type":"WebSite","@id":"https:\/\/doctoralaurafernandez.com\/#website","url":"https:\/\/doctoralaurafernandez.com\/","name":"Dra. Laura Fern\u00e1ndez","description":"Medicina Est\u00e9tica en Ibiza","publisher":{"@id":"https:\/\/doctoralaurafernandez.com\/#organization"},"potentialAction":[{"@type":"SearchAction","target":{"@type":"EntryPoint","urlTemplate":"https:\/\/doctoralaurafernandez.com\/?s={search_term_string}"},"query-input":{"@type":"PropertyValueSpecification","valueRequired":true,"valueName":"search_term_string"}}],"inLanguage":"en-GB"},{"@type":"Organization","@id":"https:\/\/doctoralaurafernandez.com\/#organization","name":"Dra. Laura Fern\u00e1ndez","url":"https:\/\/doctoralaurafernandez.com\/","logo":{"@type":"ImageObject","inLanguage":"en-GB","@id":"https:\/\/doctoralaurafernandez.com\/#\/schema\/logo\/image\/","url":"https:\/\/doctoralaurafernandez.com\/wp-content\/uploads\/2024\/04\/cropped-Logo-Clinica-1.jpg","contentUrl":"https:\/\/doctoralaurafernandez.com\/wp-content\/uploads\/2024\/04\/cropped-Logo-Clinica-1.jpg","width":512,"height":512,"caption":"Dra. Laura Fern\u00e1ndez"},"image":{"@id":"https:\/\/doctoralaurafernandez.com\/#\/schema\/logo\/image\/"},"sameAs":["https:\/\/www.facebook.com\/laura.clinicamedicinaestetica","https:\/\/www.instagram.com\/dralaurafernandezibiza\/"]}]}},"jetpack_sharing_enabled":true,"_links":{"self":[{"href":"https:\/\/doctoralaurafernandez.com\/en\/wp-json\/wp\/v2\/pages\/682","targetHints":{"allow":["GET"]}}],"collection":[{"href":"https:\/\/doctoralaurafernandez.com\/en\/wp-json\/wp\/v2\/pages"}],"about":[{"href":"https:\/\/doctoralaurafernandez.com\/en\/wp-json\/wp\/v2\/types\/page"}],"author":[{"embeddable":true,"href":"https:\/\/doctoralaurafernandez.com\/en\/wp-json\/wp\/v2\/users\/1"}],"replies":[{"embeddable":true,"href":"https:\/\/doctoralaurafernandez.com\/en\/wp-json\/wp\/v2\/comments?post=682"}],"version-history":[{"count":89,"href":"https:\/\/doctoralaurafernandez.com\/en\/wp-json\/wp\/v2\/pages\/682\/revisions"}],"predecessor-version":[{"id":2117,"href":"https:\/\/doctoralaurafernandez.com\/en\/wp-json\/wp\/v2\/pages\/682\/revisions\/2117"}],"wp:attachment":[{"href":"https:\/\/doctoralaurafernandez.com\/en\/wp-json\/wp\/v2\/media?parent=682"}],"curies":[{"name":"wp","href":"https:\/\/api.w.org\/{rel}","templated":true}]}}