{"id":684,"date":"2024-04-09T07:57:15","date_gmt":"2024-04-09T07:57:15","guid":{"rendered":"https:\/\/doctoralaurafernandez.com\/?page_id=684"},"modified":"2024-12-19T10:20:31","modified_gmt":"2024-12-19T10:20:31","slug":"tricologia-en-ibiza","status":"publish","type":"page","link":"https:\/\/doctoralaurafernandez.com\/en\/tricologia-en-ibiza\/","title":{"rendered":"Tricolog\u00eda en Ibiza"},"content":{"rendered":"<div class=\"wp-block-cover alignfull\" style=\"min-height:700px;aspect-ratio:unset;\"><span aria-hidden=\"true\" class=\"wp-block-cover__background has-neve-link-hover-color-background-color has-background-dim\"><\/span><img loading=\"lazy\" decoding=\"async\" width=\"900\" height=\"550\" class=\"wp-block-cover__image-background wp-image-1013\" alt=\"\" src=\"https:\/\/doctoralaurafernandez.com\/wp-content\/uploads\/2024\/04\/tricologa-capilar-900x550-1.jpg\" style=\"object-position:48% 29%\" data-object-fit=\"cover\" data-object-position=\"48% 29%\" srcset=\"https:\/\/doctoralaurafernandez.com\/wp-content\/uploads\/2024\/04\/tricologa-capilar-900x550-1.jpg 900w, https:\/\/doctoralaurafernandez.com\/wp-content\/uploads\/2024\/04\/tricologa-capilar-900x550-1-300x183.jpg 300w, https:\/\/doctoralaurafernandez.com\/wp-content\/uploads\/2024\/04\/tricologa-capilar-900x550-1-768x469.jpg 768w, https:\/\/doctoralaurafernandez.com\/wp-content\/uploads\/2024\/04\/tricologa-capilar-900x550-1-18x12.jpg 18w\" sizes=\"auto, (max-width: 900px) 100vw, 900px\" \/><div class=\"wp-block-cover__inner-container is-layout-constrained wp-block-cover-is-layout-constrained\">\n<h1 class=\"wp-block-heading has-text-align-center has-nv-site-bg-color has-text-color has-link-color wp-elements-6a730d11636f0adb78d76cdd3c377aac\">Unidad capilar<\/h1>\n\n\n\n<p class=\"has-text-align-center has-nv-site-bg-color has-text-color has-link-color wp-elements-9d55b17599f280960a1cae0472b385a9\">La Unidad capilar de la Cl\u00ednica Laura Fern\u00e1ndez en Ibiza est\u00e1 dedicada al estudio, diagn\u00f3stico y tratamiento de las enfermedades del cabello y el cuero cabelludo.<br>Nuestro equipo de profesionales altamente cualificados est\u00e1 comprometido a brindar una atenci\u00f3n personalizada y de calidad a cada uno de nuestros pacientes.<\/p>\n<\/div><\/div>\n\n\n\n<div class=\"wp-block-cover alignfull ticss-92aed748\" style=\"min-height:600px;aspect-ratio:unset;\"><span aria-hidden=\"true\" class=\"wp-block-cover__background has-nv-site-bg-background-color has-background-dim-100 has-background-dim\"><\/span><div class=\"wp-block-cover__inner-container is-layout-flow wp-block-cover-is-layout-flow\">\n<div style=\"height:100px\" aria-hidden=\"true\" class=\"wp-block-spacer\"><\/div>\n\n\n\n<div class=\"wp-block-group\"><div class=\"wp-block-group__inner-container is-layout-constrained wp-block-group-is-layout-constrained\">\n<div style=\"height:0px;width:0px\" aria-hidden=\"true\" class=\"wp-block-spacer\"><\/div>\n\n\n\n<div class=\"wp-block-columns are-vertically-aligned-center is-layout-flex wp-container-core-columns-is-layout-9d6595d7 wp-block-columns-is-layout-flex\">\n<div class=\"wp-block-column is-vertically-aligned-center is-layout-flow wp-block-column-is-layout-flow\" style=\"flex-basis:50%\">\n<figure class=\"wp-block-image size-full\"><img loading=\"lazy\" decoding=\"async\" width=\"1707\" height=\"2560\" src=\"http:\/\/doctoralaurafernandez.com\/wp-content\/uploads\/2024\/04\/DSC01132-scaled.jpg\" alt=\"Cl\u00ednica Tricolog\u00eda Laura Fern\u00e1ndez en Ibiza\" class=\"wp-image-722\" style=\"aspect-ratio:4\/3;object-fit:cover\" srcset=\"https:\/\/doctoralaurafernandez.com\/wp-content\/uploads\/2024\/04\/DSC01132-scaled.jpg 1707w, https:\/\/doctoralaurafernandez.com\/wp-content\/uploads\/2024\/04\/DSC01132-200x300.jpg 200w, https:\/\/doctoralaurafernandez.com\/wp-content\/uploads\/2024\/04\/DSC01132-683x1024.jpg 683w, https:\/\/doctoralaurafernandez.com\/wp-content\/uploads\/2024\/04\/DSC01132-768x1152.jpg 768w, https:\/\/doctoralaurafernandez.com\/wp-content\/uploads\/2024\/04\/DSC01132-1024x1536.jpg 1024w, https:\/\/doctoralaurafernandez.com\/wp-content\/uploads\/2024\/04\/DSC01132-1365x2048.jpg 1365w, https:\/\/doctoralaurafernandez.com\/wp-content\/uploads\/2024\/04\/DSC01132-8x12.jpg 8w\" sizes=\"auto, (max-width: 1707px) 100vw, 1707px\" \/><\/figure>\n<\/div>\n\n\n\n<div class=\"wp-block-column is-vertically-aligned-center is-layout-flow wp-block-column-is-layout-flow\" style=\"flex-basis:50%\">\n<div style=\"height:20px\" aria-hidden=\"true\" class=\"wp-block-spacer\"><\/div>\n\n\n\n<h2 class=\"wp-block-heading has-neve-link-hover-color-color has-text-color has-link-color wp-elements-07294d1fd053c898c741a13497d0f633\"><strong><strong>What benefits do we offer you?<\/strong><\/strong><\/h2>\n\n\n\n<ul class=\"wp-block-list has-neve-link-hover-color-color has-text-color has-link-color wp-elements-30bf280534ab231e6e8d1026df81d14e\">\n<li class=\"translation-block\"><strong>Personalized Hair Assessment: <\/strong>Comprehensive analysis of your hair and scalp condition using state-of-the-art techniques such as trichoscopy.<\/li>\n\n\n\n<li class=\"translation-block\"><strong>Precise Diagnosis:<\/strong> Determination of the cause of hair loss, dandruff, alopecia, seborrheic dermatitis, or other hair problems.<\/li>\n\n\n\n<li class=\"translation-block\"><strong>Individualized Treatment Plan:<\/strong> Design of a personalized treatment combining different techniques such as laser hair therapy, hair mesotherapy, topical and oral medications, and home hair care recommendations.<\/li>\n\n\n\n<li class=\"translation-block\"><strong>Ongoing Monitoring and Support:<\/strong> Regular monitoring of your progress and adjustments to your treatment plan as needed.<\/li>\n<\/ul>\n<\/div>\n<\/div>\n\n\n\n<div style=\"height:0px;width:0px\" aria-hidden=\"true\" class=\"wp-block-spacer\"><\/div>\n<\/div><\/div>\n<\/div><\/div>\n\n\n\n<div class=\"wp-block-cover alignfull ticss-92aed748\" style=\"min-height:600px;aspect-ratio:unset;\"><span aria-hidden=\"true\" class=\"wp-block-cover__background has-nv-site-bg-background-color has-background-dim-100 has-background-dim\"><\/span><div class=\"wp-block-cover__inner-container is-layout-flow wp-block-cover-is-layout-flow\">\n<div class=\"wp-block-group\"><div class=\"wp-block-group__inner-container is-layout-flow wp-block-group-is-layout-flow\">\n<div style=\"height:80px\" aria-hidden=\"true\" class=\"wp-block-spacer\"><\/div>\n\n\n\n<div class=\"wp-block-columns is-layout-flex wp-container-core-columns-is-layout-9d6595d7 wp-block-columns-is-layout-flex\">\n<div class=\"wp-block-column is-vertically-aligned-center is-layout-flow wp-block-column-is-layout-flow\" style=\"flex-basis:50%\">\n<h2 class=\"wp-block-heading has-neve-link-hover-color-color has-text-color has-link-color has-large-font-size wp-elements-178b1c617a6b51f8da8ba4ea881e020e\"><strong><strong>\u00bf<strong>En qu\u00e9 te podemos ayudar<\/strong> en la Unidad Capilar de la Cl\u00ednica Laura Fern\u00e1ndez ?<\/strong><\/strong><\/h2>\n\n\n\n<ul class=\"wp-block-list has-neve-link-hover-color-color has-text-color has-link-color wp-elements-8d73389f800004bc6336033e7993bf9e\">\n<li><strong>Hair loss (alopecia)<\/strong><br>Hair loss is one of the most common hair problems, affecting both men and women. It can be caused by a variety of factors, such as genetics, stress, hormonal changes, and nutrient deficiencies.<\/li>\n\n\n\n<li><strong>Dandruff and Seborrheic Dermatitis<\/strong><br>Dandruff is a common condition that causes the scalp skin to flake and itch. Seborrheic dermatitis is a more severe form of dandruff that can cause redness, inflammation, and crusts on the scalp.<\/li>\n\n\n\n<li><strong>Brittle and Weak Hair<\/strong><br>Brittle and weak hair breaks and falls out easily. It can be caused by a variety of factors such as excessive use of heat styling tools, harsh chemicals, and nutrient deficiencies.<\/li>\n\n\n\n<li><strong>Premature Graying<\/strong><br>Premature graying is the graying of hair at an early age. It can be caused by a variety of factors such as genetics, stress, and nutrient deficiencies.<\/li>\n\n\n\n<li><strong>Alopecia Areata<\/strong><br>Alopecia areata is an autoimmune condition that causes hair loss in round patches. It can affect any part of the body but most commonly occurs on the scalp.<\/li>\n\n\n\n<li><strong>Trichotilomania<\/strong><br>Trichotillomania is an impulse control disorder that causes individuals to pull out their hair. It can lead to baldness and emotional distress.<\/li>\n\n\n\n<li><strong>Damage from Dyes and Chemicals<\/strong><br>Dyes, styling products, and other chemical treatments can damage hair, leaving it brittle, dry, and dull.<\/li>\n<\/ul>\n<\/div>\n\n\n\n<div class=\"wp-block-column is-vertically-aligned-center is-layout-flow wp-block-column-is-layout-flow\" style=\"flex-basis:50%\">\n<figure class=\"wp-block-image size-large\"><img loading=\"lazy\" decoding=\"async\" width=\"683\" height=\"1024\" src=\"http:\/\/doctoralaurafernandez.com\/wp-content\/uploads\/2024\/04\/DSC01270-683x1024.jpg\" alt=\"cl\u00ednica Tricolog\u00eda Laura Fern\u00e1ndez en biza\" class=\"wp-image-746\" style=\"object-fit:cover\" srcset=\"https:\/\/doctoralaurafernandez.com\/wp-content\/uploads\/2024\/04\/DSC01270-683x1024.jpg 683w, https:\/\/doctoralaurafernandez.com\/wp-content\/uploads\/2024\/04\/DSC01270-200x300.jpg 200w, https:\/\/doctoralaurafernandez.com\/wp-content\/uploads\/2024\/04\/DSC01270-768x1152.jpg 768w, https:\/\/doctoralaurafernandez.com\/wp-content\/uploads\/2024\/04\/DSC01270-1024x1536.jpg 1024w, https:\/\/doctoralaurafernandez.com\/wp-content\/uploads\/2024\/04\/DSC01270-1365x2048.jpg 1365w, https:\/\/doctoralaurafernandez.com\/wp-content\/uploads\/2024\/04\/DSC01270-8x12.jpg 8w, https:\/\/doctoralaurafernandez.com\/wp-content\/uploads\/2024\/04\/DSC01270-scaled.jpg 1707w\" sizes=\"auto, (max-width: 683px) 100vw, 683px\" \/><\/figure>\n\n\n\n<div style=\"height:40px\" aria-hidden=\"true\" class=\"wp-block-spacer\"><\/div>\n<\/div>\n<\/div>\n\n\n\n<div style=\"height:40px\" aria-hidden=\"true\" class=\"wp-block-spacer\"><\/div>\n<\/div><\/div>\n<\/div><\/div>\n\n\n\n<div class=\"wp-block-cover alignfull\" style=\"min-height:600px;aspect-ratio:unset;\"><span aria-hidden=\"true\" class=\"wp-block-cover__background has-nv-site-bg-background-color has-background-dim-100 has-background-dim\"><\/span><div class=\"wp-block-cover__inner-container is-layout-flow wp-block-cover-is-layout-flow\">\n<div class=\"wp-block-group\"><div class=\"wp-block-group__inner-container is-layout-flow wp-block-group-is-layout-flow\">\n<div style=\"height:80px\" aria-hidden=\"true\" class=\"wp-block-spacer\"><\/div>\n\n\n\n<div class=\"wp-block-columns is-layout-flex wp-container-core-columns-is-layout-9d6595d7 wp-block-columns-is-layout-flex\">\n<div class=\"wp-block-column is-layout-flow wp-block-column-is-layout-flow\" style=\"flex-basis:50%\">\n<figure class=\"wp-block-image size-large\"><img loading=\"lazy\" decoding=\"async\" width=\"1024\" height=\"683\" src=\"http:\/\/doctoralaurafernandez.com\/wp-content\/uploads\/2024\/04\/DSC01221-1024x683.jpg\" alt=\"Cl\u00ednica Tricolog\u00eda Laura Fern\u00e1ndez en Ibiza\" class=\"wp-image-735\" style=\"aspect-ratio:1;object-fit:cover\" srcset=\"https:\/\/doctoralaurafernandez.com\/wp-content\/uploads\/2024\/04\/DSC01221-1024x683.jpg 1024w, https:\/\/doctoralaurafernandez.com\/wp-content\/uploads\/2024\/04\/DSC01221-300x200.jpg 300w, https:\/\/doctoralaurafernandez.com\/wp-content\/uploads\/2024\/04\/DSC01221-768x512.jpg 768w, https:\/\/doctoralaurafernandez.com\/wp-content\/uploads\/2024\/04\/DSC01221-1536x1024.jpg 1536w, https:\/\/doctoralaurafernandez.com\/wp-content\/uploads\/2024\/04\/DSC01221-2048x1365.jpg 2048w, https:\/\/doctoralaurafernandez.com\/wp-content\/uploads\/2024\/04\/DSC01221-18x12.jpg 18w, https:\/\/doctoralaurafernandez.com\/wp-content\/uploads\/2024\/04\/DSC01221-930x620.jpg 930w\" sizes=\"auto, (max-width: 1024px) 100vw, 1024px\" \/><\/figure>\n\n\n\n<div style=\"height:40px\" aria-hidden=\"true\" class=\"wp-block-spacer\"><\/div>\n<\/div>\n\n\n\n<div class=\"wp-block-column is-vertically-aligned-center is-layout-flow wp-block-column-is-layout-flow\" style=\"flex-basis:50%\">\n<h2 class=\"wp-block-heading has-neve-link-hover-color-color has-text-color has-link-color has-large-font-size wp-elements-884706fbdec62ff60b0c5ff81911183c\"><strong><strong>\u00bfPor qu\u00e9 elegir la unidad capilar de la cl\u00ednica Laura Fern\u00e1ndez ?<\/strong><\/strong><\/h2>\n\n\n\n<ul class=\"wp-block-list has-neve-link-hover-color-color has-text-color has-link-color wp-elements-2744ad5aebb59e8815798c579e92ec29\">\n<li>We have a team of highly qualified trichologists with extensive experience.<\/li>\n\n\n\n<li>We offer a comprehensive and personalized approach that combines trichology with other areas of aesthetic medicine to achieve optimal results.<\/li>\n\n\n\n<li>We use the latest techniques and tools to help you regain the health and beauty of your hair.<\/li>\n\n\n\n<li>We are committed to providing you with exceptional customer service.<\/li>\n<\/ul>\n<\/div>\n<\/div>\n\n\n\n<div style=\"height:40px\" aria-hidden=\"true\" class=\"wp-block-spacer\"><\/div>\n<\/div><\/div>\n<\/div><\/div>\n\n\n\n<div class=\"wp-block-cover alignfull\" style=\"min-height:300px;aspect-ratio:unset;\"><span aria-hidden=\"true\" class=\"wp-block-cover__background has-nv-dark-bg-background-color has-background-dim-100 has-background-dim\"><\/span><div class=\"wp-block-cover__inner-container is-layout-flow wp-block-cover-is-layout-flow\">\n<div style=\"height:140px\" aria-hidden=\"true\" class=\"wp-block-spacer\"><\/div>\n\n\n\n<h2 class=\"wp-block-heading has-text-align-center has-nv-text-dark-bg-color has-text-color has-large-font-size\"><strong>La Unidad Capilar de la Cl\u00ednica<strong><strong> <\/strong><\/strong>Laura Fern\u00e1ndez en Ibiza: Tu belleza natural, en manos expertas<\/strong><\/h2>\n\n\n\n<p class=\"has-text-align-center\">Discover the best Trichology clinic in Ibiza. Revitalize your skin, eliminate imperfections, and enhance your natural beauty with top treatments and professionals.<\/p>\n\n\n\n<div class=\"wp-block-buttons is-content-justification-center is-layout-flex wp-container-core-buttons-is-layout-16018d1d wp-block-buttons-is-layout-flex\">\n<div class=\"wp-block-button is-style-secondary\"><a class=\"wp-block-button__link wp-element-button\" href=\"https:\/\/doctoralaurafernandez.com\/index.php\/contacto\/\">Contact with us<\/a><\/div>\n\n\n\n<div class=\"wp-block-button is-style-secondary\"><a class=\"wp-block-button__link wp-element-button\" href=\"http:\/\/doctoralaurafernanfez.com\">Go to General Aesthetic Medicine<\/a><\/div>\n<\/div>\n\n\n\n<div style=\"height:140px\" aria-hidden=\"true\" class=\"wp-block-spacer\"><\/div>\n<\/div><\/div>","protected":false},"excerpt":{"rendered":"","protected":false},"author":1,"featured_media":0,"parent":0,"menu_order":0,"comment_status":"closed","ping_status":"closed","template":"","meta":{"neve_meta_sidebar":"","neve_meta_container":"","neve_meta_enable_content_width":"","neve_meta_content_width":0,"neve_meta_title_alignment":"","neve_meta_author_avatar":"","neve_post_elements_order":"","neve_meta_disable_header":"","neve_meta_disable_footer":"","neve_meta_disable_title":"","_themeisle_gutenberg_block_has_review":false,"_joinchat":[],"footnotes":""},"class_list":["post-684","page","type-page","status-publish","hentry"],"yoast_head":"<!-- This site is optimized with the Yoast SEO plugin v27.6 - https:\/\/yoast.com\/product\/yoast-seo-wordpress\/ -->\n<title>Tricolog\u00eda en Ibiza | Dra Laura Fern\u00e1ndez Medicina Est\u00e9tica Ibiza<\/title>\n<meta name=\"description\" content=\"Cl\u00ednica Tricolog\u00eda Laura Fern\u00e1ndez en Ibiza te ayudamos a recuperar la salud y belleza de tu cabello, mejorando tu autoestima y bienestar.\" \/>\n<meta name=\"robots\" content=\"index, follow, max-snippet:-1, max-image-preview:large, max-video-preview:-1\" \/>\n<link rel=\"canonical\" href=\"https:\/\/doctoralaurafernandez.com\/en\/tricologia-en-ibiza\/\" \/>\n<meta property=\"og:locale\" content=\"en_GB\" \/>\n<meta property=\"og:type\" content=\"article\" \/>\n<meta property=\"og:title\" content=\"Tricolog\u00eda en Ibiza | Dra Laura Fern\u00e1ndez Medicina Est\u00e9tica Ibiza\" \/>\n<meta property=\"og:description\" content=\"Cl\u00ednica Tricolog\u00eda Laura Fern\u00e1ndez en Ibiza te ayudamos a recuperar la salud y belleza de tu cabello, mejorando tu autoestima y bienestar.\" \/>\n<meta property=\"og:url\" content=\"https:\/\/doctoralaurafernandez.com\/en\/tricologia-en-ibiza\/\" \/>\n<meta property=\"og:site_name\" content=\"Dra Laura Fern\u00e1ndez Medicina Est\u00e9tica Ibiza\" \/>\n<meta property=\"article:publisher\" content=\"https:\/\/www.facebook.com\/laura.clinicamedicinaestetica\" \/>\n<meta property=\"article:modified_time\" content=\"2024-12-19T10:20:31+00:00\" \/>\n<meta property=\"og:image\" content=\"https:\/\/doctoralaurafernandez.com\/wp-content\/uploads\/2024\/04\/tricologa-capilar-900x550-1.jpg\" \/>\n\t<meta property=\"og:image:width\" content=\"900\" \/>\n\t<meta property=\"og:image:height\" content=\"550\" \/>\n\t<meta property=\"og:image:type\" content=\"image\/jpeg\" \/>\n<meta name=\"twitter:card\" content=\"summary_large_image\" \/>\n<meta name=\"twitter:label1\" content=\"Estimated reading time\" \/>\n\t<meta name=\"twitter:data1\" content=\"4 minutes\" \/>\n<script type=\"application\/ld+json\" class=\"yoast-schema-graph\">{\"@context\":\"https:\\\/\\\/schema.org\",\"@graph\":[{\"@type\":\"WebPage\",\"@id\":\"https:\\\/\\\/doctoralaurafernandez.com\\\/tricologia-en-ibiza\\\/\",\"url\":\"https:\\\/\\\/doctoralaurafernandez.com\\\/tricologia-en-ibiza\\\/\",\"name\":\"Tricolog\u00eda en Ibiza | Dra Laura Fern\u00e1ndez Medicina Est\u00e9tica Ibiza\",\"isPartOf\":{\"@id\":\"https:\\\/\\\/doctoralaurafernandez.com\\\/#website\"},\"primaryImageOfPage\":{\"@id\":\"https:\\\/\\\/doctoralaurafernandez.com\\\/tricologia-en-ibiza\\\/#primaryimage\"},\"image\":{\"@id\":\"https:\\\/\\\/doctoralaurafernandez.com\\\/tricologia-en-ibiza\\\/#primaryimage\"},\"thumbnailUrl\":\"https:\\\/\\\/doctoralaurafernandez.com\\\/wp-content\\\/uploads\\\/2024\\\/04\\\/tricologa-capilar-900x550-1.jpg\",\"datePublished\":\"2024-04-09T07:57:15+00:00\",\"dateModified\":\"2024-12-19T10:20:31+00:00\",\"description\":\"Cl\u00ednica Tricolog\u00eda Laura Fern\u00e1ndez en Ibiza te ayudamos a recuperar la salud y belleza de tu cabello, mejorando tu autoestima y bienestar.\",\"breadcrumb\":{\"@id\":\"https:\\\/\\\/doctoralaurafernandez.com\\\/tricologia-en-ibiza\\\/#breadcrumb\"},\"inLanguage\":\"en-GB\",\"potentialAction\":[{\"@type\":\"ReadAction\",\"target\":[\"https:\\\/\\\/doctoralaurafernandez.com\\\/tricologia-en-ibiza\\\/\"]}]},{\"@type\":\"ImageObject\",\"inLanguage\":\"en-GB\",\"@id\":\"https:\\\/\\\/doctoralaurafernandez.com\\\/tricologia-en-ibiza\\\/#primaryimage\",\"url\":\"https:\\\/\\\/doctoralaurafernandez.com\\\/wp-content\\\/uploads\\\/2024\\\/04\\\/tricologa-capilar-900x550-1.jpg\",\"contentUrl\":\"https:\\\/\\\/doctoralaurafernandez.com\\\/wp-content\\\/uploads\\\/2024\\\/04\\\/tricologa-capilar-900x550-1.jpg\"},{\"@type\":\"BreadcrumbList\",\"@id\":\"https:\\\/\\\/doctoralaurafernandez.com\\\/tricologia-en-ibiza\\\/#breadcrumb\",\"itemListElement\":[{\"@type\":\"ListItem\",\"position\":1,\"name\":\"Portada\",\"item\":\"https:\\\/\\\/doctoralaurafernandez.com\\\/\"},{\"@type\":\"ListItem\",\"position\":2,\"name\":\"Tricolog\u00eda en Ibiza\"}]},{\"@type\":\"WebSite\",\"@id\":\"https:\\\/\\\/doctoralaurafernandez.com\\\/#website\",\"url\":\"https:\\\/\\\/doctoralaurafernandez.com\\\/\",\"name\":\"Dra. Laura Fern\u00e1ndez\",\"description\":\"Medicina Est\u00e9tica en Ibiza\",\"publisher\":{\"@id\":\"https:\\\/\\\/doctoralaurafernandez.com\\\/#organization\"},\"potentialAction\":[{\"@type\":\"SearchAction\",\"target\":{\"@type\":\"EntryPoint\",\"urlTemplate\":\"https:\\\/\\\/doctoralaurafernandez.com\\\/?s={search_term_string}\"},\"query-input\":{\"@type\":\"PropertyValueSpecification\",\"valueRequired\":true,\"valueName\":\"search_term_string\"}}],\"inLanguage\":\"en-GB\"},{\"@type\":\"Organization\",\"@id\":\"https:\\\/\\\/doctoralaurafernandez.com\\\/#organization\",\"name\":\"Dra. Laura Fern\u00e1ndez\",\"url\":\"https:\\\/\\\/doctoralaurafernandez.com\\\/\",\"logo\":{\"@type\":\"ImageObject\",\"inLanguage\":\"en-GB\",\"@id\":\"https:\\\/\\\/doctoralaurafernandez.com\\\/#\\\/schema\\\/logo\\\/image\\\/\",\"url\":\"https:\\\/\\\/doctoralaurafernandez.com\\\/wp-content\\\/uploads\\\/2024\\\/04\\\/cropped-Logo-Clinica-1.jpg\",\"contentUrl\":\"https:\\\/\\\/doctoralaurafernandez.com\\\/wp-content\\\/uploads\\\/2024\\\/04\\\/cropped-Logo-Clinica-1.jpg\",\"width\":512,\"height\":512,\"caption\":\"Dra. Laura Fern\u00e1ndez\"},\"image\":{\"@id\":\"https:\\\/\\\/doctoralaurafernandez.com\\\/#\\\/schema\\\/logo\\\/image\\\/\"},\"sameAs\":[\"https:\\\/\\\/www.facebook.com\\\/laura.clinicamedicinaestetica\",\"https:\\\/\\\/www.instagram.com\\\/dralaurafernandezibiza\\\/\"]}]}<\/script>\n<!-- \/ Yoast SEO plugin. -->","yoast_head_json":{"title":"Tricolog\u00eda en Ibiza | Dra Laura Fern\u00e1ndez Medicina Est\u00e9tica Ibiza","description":"Cl\u00ednica Tricolog\u00eda Laura Fern\u00e1ndez en Ibiza te ayudamos a recuperar la salud y belleza de tu cabello, mejorando tu autoestima y bienestar.","robots":{"index":"index","follow":"follow","max-snippet":"max-snippet:-1","max-image-preview":"max-image-preview:large","max-video-preview":"max-video-preview:-1"},"canonical":"https:\/\/doctoralaurafernandez.com\/en\/tricologia-en-ibiza\/","og_locale":"en_GB","og_type":"article","og_title":"Tricolog\u00eda en Ibiza | Dra Laura Fern\u00e1ndez Medicina Est\u00e9tica Ibiza","og_description":"Cl\u00ednica Tricolog\u00eda Laura Fern\u00e1ndez en Ibiza te ayudamos a recuperar la salud y belleza de tu cabello, mejorando tu autoestima y bienestar.","og_url":"https:\/\/doctoralaurafernandez.com\/en\/tricologia-en-ibiza\/","og_site_name":"Dra Laura Fern\u00e1ndez Medicina Est\u00e9tica Ibiza","article_publisher":"https:\/\/www.facebook.com\/laura.clinicamedicinaestetica","article_modified_time":"2024-12-19T10:20:31+00:00","og_image":[{"width":900,"height":550,"url":"https:\/\/doctoralaurafernandez.com\/wp-content\/uploads\/2024\/04\/tricologa-capilar-900x550-1.jpg","type":"image\/jpeg"}],"twitter_card":"summary_large_image","twitter_misc":{"Estimated reading time":"4 minutes"},"schema":{"@context":"https:\/\/schema.org","@graph":[{"@type":"WebPage","@id":"https:\/\/doctoralaurafernandez.com\/tricologia-en-ibiza\/","url":"https:\/\/doctoralaurafernandez.com\/tricologia-en-ibiza\/","name":"Tricolog\u00eda en Ibiza | Dra Laura Fern\u00e1ndez Medicina Est\u00e9tica Ibiza","isPartOf":{"@id":"https:\/\/doctoralaurafernandez.com\/#website"},"primaryImageOfPage":{"@id":"https:\/\/doctoralaurafernandez.com\/tricologia-en-ibiza\/#primaryimage"},"image":{"@id":"https:\/\/doctoralaurafernandez.com\/tricologia-en-ibiza\/#primaryimage"},"thumbnailUrl":"https:\/\/doctoralaurafernandez.com\/wp-content\/uploads\/2024\/04\/tricologa-capilar-900x550-1.jpg","datePublished":"2024-04-09T07:57:15+00:00","dateModified":"2024-12-19T10:20:31+00:00","description":"Cl\u00ednica Tricolog\u00eda Laura Fern\u00e1ndez en Ibiza te ayudamos a recuperar la salud y belleza de tu cabello, mejorando tu autoestima y bienestar.","breadcrumb":{"@id":"https:\/\/doctoralaurafernandez.com\/tricologia-en-ibiza\/#breadcrumb"},"inLanguage":"en-GB","potentialAction":[{"@type":"ReadAction","target":["https:\/\/doctoralaurafernandez.com\/tricologia-en-ibiza\/"]}]},{"@type":"ImageObject","inLanguage":"en-GB","@id":"https:\/\/doctoralaurafernandez.com\/tricologia-en-ibiza\/#primaryimage","url":"https:\/\/doctoralaurafernandez.com\/wp-content\/uploads\/2024\/04\/tricologa-capilar-900x550-1.jpg","contentUrl":"https:\/\/doctoralaurafernandez.com\/wp-content\/uploads\/2024\/04\/tricologa-capilar-900x550-1.jpg"},{"@type":"BreadcrumbList","@id":"https:\/\/doctoralaurafernandez.com\/tricologia-en-ibiza\/#breadcrumb","itemListElement":[{"@type":"ListItem","position":1,"name":"Portada","item":"https:\/\/doctoralaurafernandez.com\/"},{"@type":"ListItem","position":2,"name":"Tricolog\u00eda en Ibiza"}]},{"@type":"WebSite","@id":"https:\/\/doctoralaurafernandez.com\/#website","url":"https:\/\/doctoralaurafernandez.com\/","name":"Dra. Laura Fern\u00e1ndez","description":"Medicina Est\u00e9tica en Ibiza","publisher":{"@id":"https:\/\/doctoralaurafernandez.com\/#organization"},"potentialAction":[{"@type":"SearchAction","target":{"@type":"EntryPoint","urlTemplate":"https:\/\/doctoralaurafernandez.com\/?s={search_term_string}"},"query-input":{"@type":"PropertyValueSpecification","valueRequired":true,"valueName":"search_term_string"}}],"inLanguage":"en-GB"},{"@type":"Organization","@id":"https:\/\/doctoralaurafernandez.com\/#organization","name":"Dra. Laura Fern\u00e1ndez","url":"https:\/\/doctoralaurafernandez.com\/","logo":{"@type":"ImageObject","inLanguage":"en-GB","@id":"https:\/\/doctoralaurafernandez.com\/#\/schema\/logo\/image\/","url":"https:\/\/doctoralaurafernandez.com\/wp-content\/uploads\/2024\/04\/cropped-Logo-Clinica-1.jpg","contentUrl":"https:\/\/doctoralaurafernandez.com\/wp-content\/uploads\/2024\/04\/cropped-Logo-Clinica-1.jpg","width":512,"height":512,"caption":"Dra. Laura Fern\u00e1ndez"},"image":{"@id":"https:\/\/doctoralaurafernandez.com\/#\/schema\/logo\/image\/"},"sameAs":["https:\/\/www.facebook.com\/laura.clinicamedicinaestetica","https:\/\/www.instagram.com\/dralaurafernandezibiza\/"]}]}},"jetpack_sharing_enabled":true,"_links":{"self":[{"href":"https:\/\/doctoralaurafernandez.com\/en\/wp-json\/wp\/v2\/pages\/684","targetHints":{"allow":["GET"]}}],"collection":[{"href":"https:\/\/doctoralaurafernandez.com\/en\/wp-json\/wp\/v2\/pages"}],"about":[{"href":"https:\/\/doctoralaurafernandez.com\/en\/wp-json\/wp\/v2\/types\/page"}],"author":[{"embeddable":true,"href":"https:\/\/doctoralaurafernandez.com\/en\/wp-json\/wp\/v2\/users\/1"}],"replies":[{"embeddable":true,"href":"https:\/\/doctoralaurafernandez.com\/en\/wp-json\/wp\/v2\/comments?post=684"}],"version-history":[{"count":30,"href":"https:\/\/doctoralaurafernandez.com\/en\/wp-json\/wp\/v2\/pages\/684\/revisions"}],"predecessor-version":[{"id":2121,"href":"https:\/\/doctoralaurafernandez.com\/en\/wp-json\/wp\/v2\/pages\/684\/revisions\/2121"}],"wp:attachment":[{"href":"https:\/\/doctoralaurafernandez.com\/en\/wp-json\/wp\/v2\/media?parent=684"}],"curies":[{"name":"wp","href":"https:\/\/api.w.org\/{rel}","templated":true}]}}