{"id":685,"date":"2024-04-09T07:57:15","date_gmt":"2024-04-09T07:57:15","guid":{"rendered":"https:\/\/doctoralaurafernandez.com\/?page_id=685"},"modified":"2024-05-13T10:51:28","modified_gmt":"2024-05-13T10:51:28","slug":"test-epigeneticos-en-ibiza","status":"publish","type":"page","link":"https:\/\/doctoralaurafernandez.com\/en\/test-epigeneticos-en-ibiza\/","title":{"rendered":"Test Epigen\u00e9ticos en Ibiza"},"content":{"rendered":"<div class=\"wp-block-cover alignfull\" style=\"min-height:700px;aspect-ratio:unset;\"><span aria-hidden=\"true\" class=\"wp-block-cover__background has-neve-link-hover-color-background-color has-background-dim\"><\/span><img loading=\"lazy\" decoding=\"async\" width=\"1440\" height=\"860\" class=\"wp-block-cover__image-background wp-image-1720\" alt=\"\" src=\"http:\/\/doctoralaurafernandez.com\/wp-content\/uploads\/2024\/04\/Laura-Fernandez-2-1440x860-1.webp\" data-object-fit=\"cover\" srcset=\"https:\/\/doctoralaurafernandez.com\/wp-content\/uploads\/2024\/04\/Laura-Fernandez-2-1440x860-1.webp 1440w, https:\/\/doctoralaurafernandez.com\/wp-content\/uploads\/2024\/04\/Laura-Fernandez-2-1440x860-1-300x179.webp 300w, https:\/\/doctoralaurafernandez.com\/wp-content\/uploads\/2024\/04\/Laura-Fernandez-2-1440x860-1-1024x612.webp 1024w, https:\/\/doctoralaurafernandez.com\/wp-content\/uploads\/2024\/04\/Laura-Fernandez-2-1440x860-1-768x459.webp 768w, https:\/\/doctoralaurafernandez.com\/wp-content\/uploads\/2024\/04\/Laura-Fernandez-2-1440x860-1-18x12.webp 18w\" sizes=\"auto, (max-width: 1440px) 100vw, 1440px\" \/><div class=\"wp-block-cover__inner-container is-layout-constrained wp-block-cover-is-layout-constrained\">\n<h1 class=\"wp-block-heading has-text-align-center has-nv-site-bg-color has-text-color has-link-color wp-elements-8ffbcf32ae3cd29d190d78a0f856951f\">Test Epigen\u00e9ticos en Ibiza<\/h1>\n\n\n\n<p class=\"has-text-align-center has-nv-site-bg-color has-text-color has-link-color wp-elements-0ecb50a77144f7380bb3b151446974bb\">The Epigenetic Testing services are now available at Laura Fern\u00e1ndez Epigenetic Clinic in Ibiza. These cutting-edge analyses examine the state of your genes and how environmental and lifestyle factors influence them.<\/p>\n<\/div><\/div>\n\n\n\n<div class=\"wp-block-cover alignfull ticss-50ee8d02\" style=\"min-height:600px;aspect-ratio:unset;\"><span aria-hidden=\"true\" class=\"wp-block-cover__background has-nv-site-bg-background-color has-background-dim-100 has-background-dim\"><\/span><div class=\"wp-block-cover__inner-container is-layout-flow wp-block-cover-is-layout-flow\">\n<div class=\"wp-block-group\"><div class=\"wp-block-group__inner-container is-layout-flow wp-block-group-is-layout-flow\">\n<div style=\"height:80px\" aria-hidden=\"true\" class=\"wp-block-spacer\"><\/div>\n\n\n\n<div class=\"wp-block-columns is-layout-flex wp-container-core-columns-is-layout-9d6595d7 wp-block-columns-is-layout-flex\">\n<div class=\"wp-block-column is-layout-flow wp-block-column-is-layout-flow\" style=\"flex-basis:50%\">\n<figure class=\"wp-block-image size-full\"><img loading=\"lazy\" decoding=\"async\" width=\"1024\" height=\"515\" src=\"http:\/\/doctoralaurafernandez.com\/wp-content\/uploads\/2024\/04\/kwxew26iTCuZ6rJMi7RtpA.png\" alt=\"\" class=\"wp-image-1739\" style=\"aspect-ratio:3\/2;object-fit:cover\" srcset=\"https:\/\/doctoralaurafernandez.com\/wp-content\/uploads\/2024\/04\/kwxew26iTCuZ6rJMi7RtpA.png 1024w, https:\/\/doctoralaurafernandez.com\/wp-content\/uploads\/2024\/04\/kwxew26iTCuZ6rJMi7RtpA-300x151.png 300w, https:\/\/doctoralaurafernandez.com\/wp-content\/uploads\/2024\/04\/kwxew26iTCuZ6rJMi7RtpA-768x386.png 768w, https:\/\/doctoralaurafernandez.com\/wp-content\/uploads\/2024\/04\/kwxew26iTCuZ6rJMi7RtpA-18x9.png 18w\" sizes=\"auto, (max-width: 1024px) 100vw, 1024px\" \/><\/figure>\n\n\n\n<div style=\"height:40px\" aria-hidden=\"true\" class=\"wp-block-spacer\"><\/div>\n<\/div>\n\n\n\n<div class=\"wp-block-column is-vertically-aligned-center is-layout-flow wp-block-column-is-layout-flow\" style=\"flex-basis:50%\">\n<h2 class=\"wp-block-heading has-neve-link-hover-color-color has-text-color has-link-color wp-elements-07294d1fd053c898c741a13497d0f633\"><strong><strong>What benefits do we offer you?<\/strong><\/strong><\/h2>\n\n\n\n<ul class=\"has-neve-link-hover-color-color has-text-color has-link-color wp-block-list wp-elements-6fc0420800bb60625ef0169ff9ea08ce\">\n<li><strong>Valuable information about your health:<\/strong>&nbsp;Identify genetic predispositions to chronic diseases such as diabetes, obesity, hypertension, certain types of cancer, and more.<\/li>\n\n\n\n<li><strong>Preventive approach:<\/strong>&nbsp;Enables you to take timely measures to reduce the risk of developing diseases to which you are genetically predisposed.<\/li>\n\n\n\n<li><strong>Optimization of your health and well-being:<\/strong>&nbsp;Provides key information to design personalized plans for nutrition, exercise, and lifestyle habits that promote your overall health and well-being.<\/li>\n<\/ul>\n<\/div>\n<\/div>\n\n\n\n<div style=\"height:40px\" aria-hidden=\"true\" class=\"wp-block-spacer\"><\/div>\n<\/div><\/div>\n<\/div><\/div>\n\n\n\n<div class=\"wp-block-cover alignfull ticss-50ee8d02\" style=\"min-height:600px;aspect-ratio:unset;\"><span aria-hidden=\"true\" class=\"wp-block-cover__background has-nv-light-bg-background-color has-background-dim-100 has-background-dim\"><\/span><div class=\"wp-block-cover__inner-container is-layout-flow wp-block-cover-is-layout-flow\">\n<div class=\"wp-block-group\"><div class=\"wp-block-group__inner-container is-layout-flow wp-block-group-is-layout-flow\">\n<div style=\"height:80px\" aria-hidden=\"true\" class=\"wp-block-spacer\"><\/div>\n\n\n\n<div class=\"wp-block-columns is-layout-flex wp-container-core-columns-is-layout-9d6595d7 wp-block-columns-is-layout-flex\">\n<div class=\"wp-block-column is-vertically-aligned-center is-layout-flow wp-block-column-is-layout-flow\" style=\"flex-basis:50%\">\n<h2 class=\"wp-block-heading has-neve-link-hover-color-color has-text-color has-link-color wp-elements-da4813b288f97b09ee1f5ce8f91d839f\">\u00bfPor qu\u00e9 elegir Cl\u00ednica&nbsp;Test Epigen\u00e9ticos Laura Fern\u00e1ndez&nbsp;en Ibiza?<\/h2>\n\n\n\n<ul class=\"has-neve-link-hover-color-color has-text-color has-link-color wp-block-list wp-elements-4268433601b7415c309fc10bcaac2914\">\n<li>We have highly qualified professionals to interpret your results and design a personalized plan.<\/li>\n\n\n\n<li>We work with top-level laboratories that guarantee the accuracy and reliability of the tests.<\/li>\n\n\n\n<li>We offer a comprehensive service that combines Epigenetic Tests with other areas of aesthetic medicine for a preventive approach and health optimization.<\/li>\n\n\n\n<li>We are committed to providing you with confidential attention and accompanying you throughout the process.<\/li>\n<\/ul>\n<\/div>\n\n\n\n<div class=\"wp-block-column is-layout-flow wp-block-column-is-layout-flow\" style=\"flex-basis:50%\">\n<figure class=\"wp-block-image size-large\"><img loading=\"lazy\" decoding=\"async\" width=\"683\" height=\"1024\" src=\"http:\/\/doctoralaurafernandez.com\/wp-content\/uploads\/2024\/04\/DSC01180-683x1024.jpg\" alt=\"Cl\u00ednica Test Epigen\u00e9ticos Laura Fern\u00e1ndez en Ibiza\" class=\"wp-image-731\" style=\"aspect-ratio:1;object-fit:cover\" srcset=\"https:\/\/doctoralaurafernandez.com\/wp-content\/uploads\/2024\/04\/DSC01180-683x1024.jpg 683w, https:\/\/doctoralaurafernandez.com\/wp-content\/uploads\/2024\/04\/DSC01180-200x300.jpg 200w, https:\/\/doctoralaurafernandez.com\/wp-content\/uploads\/2024\/04\/DSC01180-768x1152.jpg 768w, https:\/\/doctoralaurafernandez.com\/wp-content\/uploads\/2024\/04\/DSC01180-1024x1536.jpg 1024w, https:\/\/doctoralaurafernandez.com\/wp-content\/uploads\/2024\/04\/DSC01180-1365x2048.jpg 1365w, https:\/\/doctoralaurafernandez.com\/wp-content\/uploads\/2024\/04\/DSC01180-8x12.jpg 8w, https:\/\/doctoralaurafernandez.com\/wp-content\/uploads\/2024\/04\/DSC01180-scaled.jpg 1707w\" sizes=\"auto, (max-width: 683px) 100vw, 683px\" \/><\/figure>\n\n\n\n<div style=\"height:40px\" aria-hidden=\"true\" class=\"wp-block-spacer\"><\/div>\n<\/div>\n<\/div>\n\n\n\n<div style=\"height:40px\" aria-hidden=\"true\" class=\"wp-block-spacer\"><\/div>\n<\/div><\/div>\n<\/div><\/div>\n\n\n\n<div class=\"wp-block-cover alignfull\" style=\"min-height:600px;aspect-ratio:unset;\"><span aria-hidden=\"true\" class=\"wp-block-cover__background has-nv-site-bg-background-color has-background-dim-100 has-background-dim\"><\/span><div class=\"wp-block-cover__inner-container is-layout-flow wp-block-cover-is-layout-flow\">\n<div class=\"wp-block-group\"><div class=\"wp-block-group__inner-container is-layout-flow wp-block-group-is-layout-flow\">\n<div style=\"height:80px\" aria-hidden=\"true\" class=\"wp-block-spacer\"><\/div>\n\n\n\n<div class=\"wp-block-columns is-layout-flex wp-container-core-columns-is-layout-9d6595d7 wp-block-columns-is-layout-flex\">\n<div class=\"wp-block-column is-layout-flow wp-block-column-is-layout-flow\" style=\"flex-basis:50%\">\n<figure class=\"wp-block-image size-full\"><img loading=\"lazy\" decoding=\"async\" width=\"900\" height=\"550\" src=\"http:\/\/doctoralaurafernandez.com\/wp-content\/uploads\/2024\/04\/tricologa-capilar-900x550-1.jpg\" alt=\"\" class=\"wp-image-1013\" style=\"aspect-ratio:1;object-fit:cover\" srcset=\"https:\/\/doctoralaurafernandez.com\/wp-content\/uploads\/2024\/04\/tricologa-capilar-900x550-1.jpg 900w, https:\/\/doctoralaurafernandez.com\/wp-content\/uploads\/2024\/04\/tricologa-capilar-900x550-1-300x183.jpg 300w, https:\/\/doctoralaurafernandez.com\/wp-content\/uploads\/2024\/04\/tricologa-capilar-900x550-1-768x469.jpg 768w, https:\/\/doctoralaurafernandez.com\/wp-content\/uploads\/2024\/04\/tricologa-capilar-900x550-1-18x12.jpg 18w\" sizes=\"auto, (max-width: 900px) 100vw, 900px\" \/><\/figure>\n\n\n\n<div style=\"height:40px\" aria-hidden=\"true\" class=\"wp-block-spacer\"><\/div>\n<\/div>\n\n\n\n<div class=\"wp-block-column is-vertically-aligned-center is-layout-flow wp-block-column-is-layout-flow\" style=\"flex-basis:50%\">\n<h2 class=\"wp-block-heading has-neve-link-hover-color-color has-text-color has-link-color wp-elements-97eb7d3d8319a1a0d25563aed79f0577\"><strong>How can we help you?<\/strong><\/h2>\n\n\n\n<ul class=\"has-neve-link-hover-color-color has-text-color has-link-color wp-block-list wp-elements-c22831993ab28c53590e26dcb5d5ad2d\">\n<li><strong>Chronic Disease Prevention:<\/strong><br>Reduce your risk of developing diseases such as diabetes, heart disease, and cancer through a healthy diet and lifestyle.<\/li>\n\n\n\n<li><strong>Personalized Nutrition based on your genetic predisposition:<\/strong><br>Discover which foods are best for you based on your DNA and family history.<\/li>\n\n\n\n<li><strong>Sports Performance Optimization:<\/strong><br>Achieve your athletic goals with a nutrition plan designed to enhance your energy, endurance, and recovery.<\/li>\n\n\n\n<li><strong>Healthy Aging:<\/strong><br>Envejece con gracia y vitalidad&nbsp;con una dieta rica en antioxidantes y otros nutrientes que combaten el envejecimiento.<\/li>\n\n\n\n<li><strong>Weight Management:<\/strong><br>Reach and maintain a healthy weight with a personalized nutrition plan tailored to your needs and preferences.<\/li>\n\n\n\n<li><strong>Detoxification and Cellular Cleansing:<\/strong><br>Eliminate toxins from your body and improve your overall health with a detoxification program.<\/li>\n<\/ul>\n<\/div>\n<\/div>\n\n\n\n<div style=\"height:40px\" aria-hidden=\"true\" class=\"wp-block-spacer\"><\/div>\n<\/div><\/div>\n<\/div><\/div>\n\n\n\n<div class=\"wp-block-cover alignfull\" style=\"min-height:300px;aspect-ratio:unset;\"><span aria-hidden=\"true\" class=\"wp-block-cover__background has-nv-dark-bg-background-color has-background-dim-100 has-background-dim\"><\/span><div class=\"wp-block-cover__inner-container is-layout-flow wp-block-cover-is-layout-flow\">\n<div style=\"height:140px\" aria-hidden=\"true\" class=\"wp-block-spacer\"><\/div>\n\n\n\n<h2 class=\"wp-block-heading has-text-align-center has-nv-text-dark-bg-color has-text-color translation-block\">Clinic Epigenetic Tests Laura Fern\u00e1ndez in Ibiza: Your natural beauty, in expert hands.<\/h2>\n\n\n\n<p class=\"has-text-align-center has-nv-site-bg-color has-text-color has-link-color wp-elements-803de5e49fed3f495bb6db392cf6a246\">Embark on a transformative journey towards your most radiant self at Dra. Laura Fern\u00e1ndez Clinic Epigenetic Tests in Ibiza, the premier aesthetic medicine clinic in Ibiza. Our team of highly skilled and experienced professionals is dedicated to providing you with personalized, cutting-edge treatments that enhance your natural beauty and restore your youthful glow.<\/p>\n\n\n\n<div class=\"wp-block-buttons is-content-justification-center is-layout-flex wp-container-core-buttons-is-layout-16018d1d wp-block-buttons-is-layout-flex\">\n<div class=\"wp-block-button is-style-secondary\"><a class=\"wp-block-button__link wp-element-button\" href=\"https:\/\/doctoralaurafernandez.com\/index.php\/contacto\/\">Contact with us<\/a><\/div>\n\n\n\n<div class=\"wp-block-button is-style-secondary\"><a class=\"wp-block-button__link wp-element-button\" href=\"http:\/\/doctoralaurafernanfez.com\">Go to General Aesthetic Medicine<\/a><\/div>\n<\/div>\n\n\n\n<div style=\"height:140px\" aria-hidden=\"true\" class=\"wp-block-spacer\"><\/div>\n<\/div><\/div>","protected":false},"excerpt":{"rendered":"","protected":false},"author":1,"featured_media":0,"parent":0,"menu_order":0,"comment_status":"closed","ping_status":"closed","template":"","meta":{"neve_meta_sidebar":"","neve_meta_container":"","neve_meta_enable_content_width":"","neve_meta_content_width":0,"neve_meta_title_alignment":"","neve_meta_author_avatar":"","neve_post_elements_order":"","neve_meta_disable_header":"","neve_meta_disable_footer":"","neve_meta_disable_title":"","_themeisle_gutenberg_block_has_review":false,"_joinchat":[],"footnotes":""},"class_list":["post-685","page","type-page","status-publish","hentry"],"yoast_head":"<!-- This site is optimized with the Yoast SEO plugin v27.4 - https:\/\/yoast.com\/product\/yoast-seo-wordpress\/ -->\n<title>Test Epigen\u00e9ticos en Ibiza | Dra Laura Fern\u00e1ndez Medicina Est\u00e9tica Ibiza<\/title>\n<meta name=\"description\" content=\"Cl\u00ednica\u00a0Test Epigen\u00e9ticos Laura Fern\u00e1ndez\u00a0en Ibiza te ayudamos a conocer tu cuerpo a un nivel m\u00e1s profundo y tomar decisiones para vivir una vida m\u00e1s sana y plena.\" \/>\n<meta name=\"robots\" content=\"index, follow, max-snippet:-1, max-image-preview:large, max-video-preview:-1\" \/>\n<link rel=\"canonical\" href=\"https:\/\/doctoralaurafernandez.com\/en\/test-epigeneticos-en-ibiza\/\" \/>\n<meta property=\"og:locale\" content=\"en_GB\" \/>\n<meta property=\"og:type\" content=\"article\" \/>\n<meta property=\"og:title\" content=\"Test Epigen\u00e9ticos en Ibiza | Dra Laura Fern\u00e1ndez Medicina Est\u00e9tica Ibiza\" \/>\n<meta property=\"og:description\" content=\"Cl\u00ednica\u00a0Test Epigen\u00e9ticos Laura Fern\u00e1ndez\u00a0en Ibiza te ayudamos a conocer tu cuerpo a un nivel m\u00e1s profundo y tomar decisiones para vivir una vida m\u00e1s sana y plena.\" \/>\n<meta property=\"og:url\" content=\"https:\/\/doctoralaurafernandez.com\/en\/test-epigeneticos-en-ibiza\/\" \/>\n<meta property=\"og:site_name\" content=\"Dra Laura Fern\u00e1ndez Medicina Est\u00e9tica Ibiza\" \/>\n<meta property=\"article:publisher\" content=\"https:\/\/www.facebook.com\/laura.clinicamedicinaestetica\" \/>\n<meta property=\"article:modified_time\" content=\"2024-05-13T10:51:28+00:00\" \/>\n<meta property=\"og:image\" content=\"http:\/\/doctoralaurafernandez.com\/wp-content\/uploads\/2024\/04\/Laura-Fernandez-2-1440x860-1.webp\" \/>\n<meta name=\"twitter:card\" content=\"summary_large_image\" \/>\n<meta name=\"twitter:label1\" content=\"Estimated reading time\" \/>\n\t<meta name=\"twitter:data1\" content=\"3 minutes\" \/>\n<script type=\"application\/ld+json\" class=\"yoast-schema-graph\">{\"@context\":\"https:\\\/\\\/schema.org\",\"@graph\":[{\"@type\":\"WebPage\",\"@id\":\"https:\\\/\\\/doctoralaurafernandez.com\\\/test-epigeneticos-en-ibiza\\\/\",\"url\":\"https:\\\/\\\/doctoralaurafernandez.com\\\/test-epigeneticos-en-ibiza\\\/\",\"name\":\"Test Epigen\u00e9ticos en Ibiza | Dra Laura Fern\u00e1ndez Medicina Est\u00e9tica Ibiza\",\"isPartOf\":{\"@id\":\"https:\\\/\\\/doctoralaurafernandez.com\\\/#website\"},\"primaryImageOfPage\":{\"@id\":\"https:\\\/\\\/doctoralaurafernandez.com\\\/test-epigeneticos-en-ibiza\\\/#primaryimage\"},\"image\":{\"@id\":\"https:\\\/\\\/doctoralaurafernandez.com\\\/test-epigeneticos-en-ibiza\\\/#primaryimage\"},\"thumbnailUrl\":\"http:\\\/\\\/doctoralaurafernandez.com\\\/wp-content\\\/uploads\\\/2024\\\/04\\\/Laura-Fernandez-2-1440x860-1.webp\",\"datePublished\":\"2024-04-09T07:57:15+00:00\",\"dateModified\":\"2024-05-13T10:51:28+00:00\",\"description\":\"Cl\u00ednica\u00a0Test Epigen\u00e9ticos Laura Fern\u00e1ndez\u00a0en Ibiza te ayudamos a conocer tu cuerpo a un nivel m\u00e1s profundo y tomar decisiones para vivir una vida m\u00e1s sana y plena.\",\"breadcrumb\":{\"@id\":\"https:\\\/\\\/doctoralaurafernandez.com\\\/test-epigeneticos-en-ibiza\\\/#breadcrumb\"},\"inLanguage\":\"en-GB\",\"potentialAction\":[{\"@type\":\"ReadAction\",\"target\":[\"https:\\\/\\\/doctoralaurafernandez.com\\\/test-epigeneticos-en-ibiza\\\/\"]}]},{\"@type\":\"ImageObject\",\"inLanguage\":\"en-GB\",\"@id\":\"https:\\\/\\\/doctoralaurafernandez.com\\\/test-epigeneticos-en-ibiza\\\/#primaryimage\",\"url\":\"http:\\\/\\\/doctoralaurafernandez.com\\\/wp-content\\\/uploads\\\/2024\\\/04\\\/Laura-Fernandez-2-1440x860-1.webp\",\"contentUrl\":\"http:\\\/\\\/doctoralaurafernandez.com\\\/wp-content\\\/uploads\\\/2024\\\/04\\\/Laura-Fernandez-2-1440x860-1.webp\"},{\"@type\":\"BreadcrumbList\",\"@id\":\"https:\\\/\\\/doctoralaurafernandez.com\\\/test-epigeneticos-en-ibiza\\\/#breadcrumb\",\"itemListElement\":[{\"@type\":\"ListItem\",\"position\":1,\"name\":\"Portada\",\"item\":\"https:\\\/\\\/doctoralaurafernandez.com\\\/\"},{\"@type\":\"ListItem\",\"position\":2,\"name\":\"Test Epigen\u00e9ticos en Ibiza\"}]},{\"@type\":\"WebSite\",\"@id\":\"https:\\\/\\\/doctoralaurafernandez.com\\\/#website\",\"url\":\"https:\\\/\\\/doctoralaurafernandez.com\\\/\",\"name\":\"Dra. Laura Fern\u00e1ndez\",\"description\":\"Medicina Est\u00e9tica en Ibiza\",\"publisher\":{\"@id\":\"https:\\\/\\\/doctoralaurafernandez.com\\\/#organization\"},\"potentialAction\":[{\"@type\":\"SearchAction\",\"target\":{\"@type\":\"EntryPoint\",\"urlTemplate\":\"https:\\\/\\\/doctoralaurafernandez.com\\\/?s={search_term_string}\"},\"query-input\":{\"@type\":\"PropertyValueSpecification\",\"valueRequired\":true,\"valueName\":\"search_term_string\"}}],\"inLanguage\":\"en-GB\"},{\"@type\":\"Organization\",\"@id\":\"https:\\\/\\\/doctoralaurafernandez.com\\\/#organization\",\"name\":\"Dra. Laura Fern\u00e1ndez\",\"url\":\"https:\\\/\\\/doctoralaurafernandez.com\\\/\",\"logo\":{\"@type\":\"ImageObject\",\"inLanguage\":\"en-GB\",\"@id\":\"https:\\\/\\\/doctoralaurafernandez.com\\\/#\\\/schema\\\/logo\\\/image\\\/\",\"url\":\"https:\\\/\\\/doctoralaurafernandez.com\\\/wp-content\\\/uploads\\\/2024\\\/04\\\/cropped-Logo-Clinica-1.jpg\",\"contentUrl\":\"https:\\\/\\\/doctoralaurafernandez.com\\\/wp-content\\\/uploads\\\/2024\\\/04\\\/cropped-Logo-Clinica-1.jpg\",\"width\":512,\"height\":512,\"caption\":\"Dra. Laura Fern\u00e1ndez\"},\"image\":{\"@id\":\"https:\\\/\\\/doctoralaurafernandez.com\\\/#\\\/schema\\\/logo\\\/image\\\/\"},\"sameAs\":[\"https:\\\/\\\/www.facebook.com\\\/laura.clinicamedicinaestetica\",\"https:\\\/\\\/www.instagram.com\\\/dralaurafernandezibiza\\\/\"]}]}<\/script>\n<!-- \/ Yoast SEO plugin. -->","yoast_head_json":{"title":"Test Epigen\u00e9ticos en Ibiza | Dra Laura Fern\u00e1ndez Medicina Est\u00e9tica Ibiza","description":"Cl\u00ednica\u00a0Test Epigen\u00e9ticos Laura Fern\u00e1ndez\u00a0en Ibiza te ayudamos a conocer tu cuerpo a un nivel m\u00e1s profundo y tomar decisiones para vivir una vida m\u00e1s sana y plena.","robots":{"index":"index","follow":"follow","max-snippet":"max-snippet:-1","max-image-preview":"max-image-preview:large","max-video-preview":"max-video-preview:-1"},"canonical":"https:\/\/doctoralaurafernandez.com\/en\/test-epigeneticos-en-ibiza\/","og_locale":"en_GB","og_type":"article","og_title":"Test Epigen\u00e9ticos en Ibiza | Dra Laura Fern\u00e1ndez Medicina Est\u00e9tica Ibiza","og_description":"Cl\u00ednica\u00a0Test Epigen\u00e9ticos Laura Fern\u00e1ndez\u00a0en Ibiza te ayudamos a conocer tu cuerpo a un nivel m\u00e1s profundo y tomar decisiones para vivir una vida m\u00e1s sana y plena.","og_url":"https:\/\/doctoralaurafernandez.com\/en\/test-epigeneticos-en-ibiza\/","og_site_name":"Dra Laura Fern\u00e1ndez Medicina Est\u00e9tica Ibiza","article_publisher":"https:\/\/www.facebook.com\/laura.clinicamedicinaestetica","article_modified_time":"2024-05-13T10:51:28+00:00","og_image":[{"url":"http:\/\/doctoralaurafernandez.com\/wp-content\/uploads\/2024\/04\/Laura-Fernandez-2-1440x860-1.webp","type":"","width":"","height":""}],"twitter_card":"summary_large_image","twitter_misc":{"Estimated reading time":"3 minutes"},"schema":{"@context":"https:\/\/schema.org","@graph":[{"@type":"WebPage","@id":"https:\/\/doctoralaurafernandez.com\/test-epigeneticos-en-ibiza\/","url":"https:\/\/doctoralaurafernandez.com\/test-epigeneticos-en-ibiza\/","name":"Test Epigen\u00e9ticos en Ibiza | Dra Laura Fern\u00e1ndez Medicina Est\u00e9tica Ibiza","isPartOf":{"@id":"https:\/\/doctoralaurafernandez.com\/#website"},"primaryImageOfPage":{"@id":"https:\/\/doctoralaurafernandez.com\/test-epigeneticos-en-ibiza\/#primaryimage"},"image":{"@id":"https:\/\/doctoralaurafernandez.com\/test-epigeneticos-en-ibiza\/#primaryimage"},"thumbnailUrl":"http:\/\/doctoralaurafernandez.com\/wp-content\/uploads\/2024\/04\/Laura-Fernandez-2-1440x860-1.webp","datePublished":"2024-04-09T07:57:15+00:00","dateModified":"2024-05-13T10:51:28+00:00","description":"Cl\u00ednica\u00a0Test Epigen\u00e9ticos Laura Fern\u00e1ndez\u00a0en Ibiza te ayudamos a conocer tu cuerpo a un nivel m\u00e1s profundo y tomar decisiones para vivir una vida m\u00e1s sana y plena.","breadcrumb":{"@id":"https:\/\/doctoralaurafernandez.com\/test-epigeneticos-en-ibiza\/#breadcrumb"},"inLanguage":"en-GB","potentialAction":[{"@type":"ReadAction","target":["https:\/\/doctoralaurafernandez.com\/test-epigeneticos-en-ibiza\/"]}]},{"@type":"ImageObject","inLanguage":"en-GB","@id":"https:\/\/doctoralaurafernandez.com\/test-epigeneticos-en-ibiza\/#primaryimage","url":"http:\/\/doctoralaurafernandez.com\/wp-content\/uploads\/2024\/04\/Laura-Fernandez-2-1440x860-1.webp","contentUrl":"http:\/\/doctoralaurafernandez.com\/wp-content\/uploads\/2024\/04\/Laura-Fernandez-2-1440x860-1.webp"},{"@type":"BreadcrumbList","@id":"https:\/\/doctoralaurafernandez.com\/test-epigeneticos-en-ibiza\/#breadcrumb","itemListElement":[{"@type":"ListItem","position":1,"name":"Portada","item":"https:\/\/doctoralaurafernandez.com\/"},{"@type":"ListItem","position":2,"name":"Test Epigen\u00e9ticos en Ibiza"}]},{"@type":"WebSite","@id":"https:\/\/doctoralaurafernandez.com\/#website","url":"https:\/\/doctoralaurafernandez.com\/","name":"Dra. Laura Fern\u00e1ndez","description":"Medicina Est\u00e9tica en Ibiza","publisher":{"@id":"https:\/\/doctoralaurafernandez.com\/#organization"},"potentialAction":[{"@type":"SearchAction","target":{"@type":"EntryPoint","urlTemplate":"https:\/\/doctoralaurafernandez.com\/?s={search_term_string}"},"query-input":{"@type":"PropertyValueSpecification","valueRequired":true,"valueName":"search_term_string"}}],"inLanguage":"en-GB"},{"@type":"Organization","@id":"https:\/\/doctoralaurafernandez.com\/#organization","name":"Dra. Laura Fern\u00e1ndez","url":"https:\/\/doctoralaurafernandez.com\/","logo":{"@type":"ImageObject","inLanguage":"en-GB","@id":"https:\/\/doctoralaurafernandez.com\/#\/schema\/logo\/image\/","url":"https:\/\/doctoralaurafernandez.com\/wp-content\/uploads\/2024\/04\/cropped-Logo-Clinica-1.jpg","contentUrl":"https:\/\/doctoralaurafernandez.com\/wp-content\/uploads\/2024\/04\/cropped-Logo-Clinica-1.jpg","width":512,"height":512,"caption":"Dra. Laura Fern\u00e1ndez"},"image":{"@id":"https:\/\/doctoralaurafernandez.com\/#\/schema\/logo\/image\/"},"sameAs":["https:\/\/www.facebook.com\/laura.clinicamedicinaestetica","https:\/\/www.instagram.com\/dralaurafernandezibiza\/"]}]}},"jetpack_sharing_enabled":true,"_links":{"self":[{"href":"https:\/\/doctoralaurafernandez.com\/en\/wp-json\/wp\/v2\/pages\/685","targetHints":{"allow":["GET"]}}],"collection":[{"href":"https:\/\/doctoralaurafernandez.com\/en\/wp-json\/wp\/v2\/pages"}],"about":[{"href":"https:\/\/doctoralaurafernandez.com\/en\/wp-json\/wp\/v2\/types\/page"}],"author":[{"embeddable":true,"href":"https:\/\/doctoralaurafernandez.com\/en\/wp-json\/wp\/v2\/users\/1"}],"replies":[{"embeddable":true,"href":"https:\/\/doctoralaurafernandez.com\/en\/wp-json\/wp\/v2\/comments?post=685"}],"version-history":[{"count":43,"href":"https:\/\/doctoralaurafernandez.com\/en\/wp-json\/wp\/v2\/pages\/685\/revisions"}],"predecessor-version":[{"id":1979,"href":"https:\/\/doctoralaurafernandez.com\/en\/wp-json\/wp\/v2\/pages\/685\/revisions\/1979"}],"wp:attachment":[{"href":"https:\/\/doctoralaurafernandez.com\/en\/wp-json\/wp\/v2\/media?parent=685"}],"curies":[{"name":"wp","href":"https:\/\/api.w.org\/{rel}","templated":true}]}}