{"id":687,"date":"2024-04-09T07:57:15","date_gmt":"2024-04-09T07:57:15","guid":{"rendered":"https:\/\/doctoralaurafernandez.com\/?page_id=687"},"modified":"2024-05-13T10:52:47","modified_gmt":"2024-05-13T10:52:47","slug":"drenaje-linfatico-en-ibiza","status":"publish","type":"page","link":"https:\/\/doctoralaurafernandez.com\/en\/drenaje-linfatico-en-ibiza\/","title":{"rendered":"Drenaje Linfa\u0301tico en Ibiza"},"content":{"rendered":"<div class=\"wp-block-cover alignfull\" style=\"min-height:700px;aspect-ratio:unset;\"><span aria-hidden=\"true\" class=\"wp-block-cover__background has-neve-link-hover-color-background-color has-background-dim\"><\/span><img loading=\"lazy\" decoding=\"async\" width=\"890\" height=\"620\" class=\"wp-block-cover__image-background wp-image-1040\" alt=\"\" src=\"https:\/\/doctoralaurafernandez.com\/wp-content\/uploads\/2024\/04\/shutterstock_1482443063.jpg\" data-object-fit=\"cover\" srcset=\"https:\/\/doctoralaurafernandez.com\/wp-content\/uploads\/2024\/04\/shutterstock_1482443063.jpg 890w, https:\/\/doctoralaurafernandez.com\/wp-content\/uploads\/2024\/04\/shutterstock_1482443063-300x209.jpg 300w, https:\/\/doctoralaurafernandez.com\/wp-content\/uploads\/2024\/04\/shutterstock_1482443063-768x535.jpg 768w, https:\/\/doctoralaurafernandez.com\/wp-content\/uploads\/2024\/04\/shutterstock_1482443063-18x12.jpg 18w\" sizes=\"auto, (max-width: 890px) 100vw, 890px\" \/><div class=\"wp-block-cover__inner-container is-layout-constrained wp-block-cover-is-layout-constrained\">\n<h1 class=\"wp-block-heading has-text-align-center\">Drenaje Linfa\u0301tico en Ibiza<\/h1>\n\n\n\n<p class=\"has-text-align-center has-nv-site-bg-color has-text-color has-link-color wp-elements-595d965ae082f6cba3b04a55036e322d\">Laura Fern\u00e1ndez Lymphatic Drainage Clinic in Ibiza offers Lymphatic Drainage as a gentle and effective manual therapy to stimulate the lymphatic system and enhance your overall health and well-being. A natural and effective therapy with multiple benefits for your body and mind, we help you improve your health and well-being.<\/p>\n<\/div><\/div>\n\n\n\n<div class=\"wp-block-cover alignfull ticss-d4054b65\" style=\"padding-right:0;padding-left:0;min-height:600px;aspect-ratio:unset;\"><span aria-hidden=\"true\" class=\"wp-block-cover__background has-nv-site-bg-background-color has-background-dim-100 has-background-dim\"><\/span><div class=\"wp-block-cover__inner-container is-layout-flow wp-block-cover-is-layout-flow\">\n<div class=\"wp-block-group\"><div class=\"wp-block-group__inner-container is-layout-flow wp-block-group-is-layout-flow\">\n<div style=\"height:80px\" aria-hidden=\"true\" class=\"wp-block-spacer\"><\/div>\n\n\n\n<div class=\"wp-block-columns is-layout-flex wp-container-core-columns-is-layout-9d6595d7 wp-block-columns-is-layout-flex\">\n<div class=\"wp-block-column is-vertically-aligned-center is-layout-flow wp-block-column-is-layout-flow\" style=\"flex-basis:50%\">\n<figure class=\"wp-block-image size-large\"><img loading=\"lazy\" decoding=\"async\" width=\"1024\" height=\"683\" src=\"http:\/\/doctoralaurafernandez.com\/wp-content\/uploads\/2024\/04\/DSC01299_11zon-1-1024x683.webp\" alt=\"\" class=\"wp-image-1638\" style=\"aspect-ratio:1;object-fit:cover\" srcset=\"https:\/\/doctoralaurafernandez.com\/wp-content\/uploads\/2024\/04\/DSC01299_11zon-1-1024x683.webp 1024w, https:\/\/doctoralaurafernandez.com\/wp-content\/uploads\/2024\/04\/DSC01299_11zon-1-300x200.webp 300w, https:\/\/doctoralaurafernandez.com\/wp-content\/uploads\/2024\/04\/DSC01299_11zon-1-768x512.webp 768w, https:\/\/doctoralaurafernandez.com\/wp-content\/uploads\/2024\/04\/DSC01299_11zon-1-1536x1024.webp 1536w, https:\/\/doctoralaurafernandez.com\/wp-content\/uploads\/2024\/04\/DSC01299_11zon-1-2048x1365.webp 2048w, https:\/\/doctoralaurafernandez.com\/wp-content\/uploads\/2024\/04\/DSC01299_11zon-1-18x12.webp 18w, https:\/\/doctoralaurafernandez.com\/wp-content\/uploads\/2024\/04\/DSC01299_11zon-1-930x620.webp 930w\" sizes=\"auto, (max-width: 1024px) 100vw, 1024px\" \/><\/figure>\n\n\n\n<div style=\"height:40px\" aria-hidden=\"true\" class=\"wp-block-spacer\"><\/div>\n<\/div>\n\n\n\n<div class=\"wp-block-column is-vertically-aligned-center is-layout-flow wp-block-column-is-layout-flow\" style=\"flex-basis:50%\">\n<h2 class=\"wp-block-heading has-neve-link-hover-color-color has-text-color has-link-color wp-elements-b3d39daabc4a38b6314d66cc522a41b4 translation-block\">What Sets Us Apart? in Laura Fern\u00e1ndez Lymphatic Drainage Clinic in Ibiza<\/h2>\n\n\n\n<ul class=\"has-neve-link-hover-color-color has-text-color has-link-color wp-block-list wp-elements-ae72927cc21db636568108b775fce86c\">\n<li><strong>Improves lymphatic circulation:<\/strong>&nbsp;Reduces fluid retention, eliminates toxins, and accumulated waste in the body.<\/li>\n\n\n\n<li><strong>Strengthens the immune system:<\/strong>&nbsp;Boosts the body's defenses and helps prevent illnesses.<\/li>\n\n\n\n<li><strong>Alleviates inflammation:<\/strong>&nbsp;Reduces swelling and improves the sensation of heaviness in legs, arms, and other areas of the body.<\/li>\n\n\n\n<li><strong>Promotes relaxation:<\/strong>&nbsp;Reduces stress, anxiety, and improves sleep quality.<\/li>\n\n\n\n<li><strong>Complements other treatments:<\/strong>&nbsp;Facilitates postoperative recovery, reduces cellulite, and enhances nutrient absorption in aesthetic treatments.<\/li>\n<\/ul>\n<\/div>\n<\/div>\n\n\n\n<div style=\"height:40px\" aria-hidden=\"true\" class=\"wp-block-spacer\"><\/div>\n<\/div><\/div>\n<\/div><\/div>\n\n\n\n<div class=\"wp-block-cover alignfull\" style=\"padding-right:0;padding-left:0;min-height:600px;aspect-ratio:unset;\"><span aria-hidden=\"true\" class=\"wp-block-cover__background has-nv-light-bg-background-color has-background-dim-100 has-background-dim\"><\/span><div class=\"wp-block-cover__inner-container is-layout-flow wp-block-cover-is-layout-flow\">\n<div class=\"wp-block-group\"><div class=\"wp-block-group__inner-container is-layout-flow wp-block-group-is-layout-flow\">\n<div style=\"height:80px\" aria-hidden=\"true\" class=\"wp-block-spacer\"><\/div>\n\n\n\n<div class=\"wp-block-columns is-layout-flex wp-container-core-columns-is-layout-9d6595d7 wp-block-columns-is-layout-flex\">\n<div class=\"wp-block-column is-vertically-aligned-center is-layout-flow wp-block-column-is-layout-flow\" style=\"flex-basis:50%\">\n<h2 class=\"wp-block-heading has-neve-link-hover-color-color has-text-color has-link-color wp-elements-e54c1027d2758ef961216ea9a4294715\"><strong>What benefits does lymphatic drainage provide?<\/strong><\/h2>\n\n\n\n<ul class=\"has-neve-link-hover-color-color has-text-color has-link-color wp-block-list wp-elements-ba0ad386b7a70fa2af1e52963a7563e1\">\n<li><strong>Reduction of swelling and edema:<\/strong>&nbsp;Lymphatic drainage helps drain excess fluid and toxins from the body, which can reduce swelling in the legs, arms, abdomen, and other areas.<\/li>\n\n\n\n<li><strong>Improved circulation:<\/strong>&nbsp;Lymphatic drainage helps stimulate lymphatic and blood circulation, which can improve tissue oxygenation and nutrition.<\/li>\n\n\n\n<li><strong>Boosted immune system:<\/strong>&nbsp;Lymphatic drainage helps eliminate toxins from the body, which can strengthen the immune system and reduce the risk of infections.<\/li>\n\n\n\n<li><strong>Pain relief:<\/strong>&nbsp;Lymphatic drainage can help alleviate pain caused by inflammation, arthritis, and other conditions.<\/li>\n\n\n\n<li><strong>Enhanced mood and relaxation:<\/strong>&nbsp;Lymphatic drainage can help reduce stress and anxiety, and promote relaxation and overall well-being.<\/li>\n<\/ul>\n<\/div>\n\n\n\n<div class=\"wp-block-column is-vertically-aligned-center is-layout-flow wp-block-column-is-layout-flow\" style=\"flex-basis:50%\">\n<figure class=\"wp-block-image size-large\"><img loading=\"lazy\" decoding=\"async\" width=\"683\" height=\"1024\" src=\"http:\/\/doctoralaurafernandez.com\/wp-content\/uploads\/2024\/04\/DSC01251-683x1024.jpg\" alt=\"Cl\u00ednica Dermatol\u00f3gica Medicina Est\u00e9tica en Ibiza  Laura Fern\u00e1ndez\" class=\"wp-image-740\" style=\"aspect-ratio:1;object-fit:cover\" srcset=\"https:\/\/doctoralaurafernandez.com\/wp-content\/uploads\/2024\/04\/DSC01251-683x1024.jpg 683w, https:\/\/doctoralaurafernandez.com\/wp-content\/uploads\/2024\/04\/DSC01251-200x300.jpg 200w, https:\/\/doctoralaurafernandez.com\/wp-content\/uploads\/2024\/04\/DSC01251-768x1152.jpg 768w, https:\/\/doctoralaurafernandez.com\/wp-content\/uploads\/2024\/04\/DSC01251-1024x1536.jpg 1024w, https:\/\/doctoralaurafernandez.com\/wp-content\/uploads\/2024\/04\/DSC01251-1365x2048.jpg 1365w, https:\/\/doctoralaurafernandez.com\/wp-content\/uploads\/2024\/04\/DSC01251-8x12.jpg 8w, https:\/\/doctoralaurafernandez.com\/wp-content\/uploads\/2024\/04\/DSC01251-scaled.jpg 1707w\" sizes=\"auto, (max-width: 683px) 100vw, 683px\" \/><\/figure>\n\n\n\n<div style=\"height:40px\" aria-hidden=\"true\" class=\"wp-block-spacer\"><\/div>\n<\/div>\n<\/div>\n\n\n\n<div style=\"height:40px\" aria-hidden=\"true\" class=\"wp-block-spacer\"><\/div>\n<\/div><\/div>\n<\/div><\/div>\n\n\n\n<div class=\"wp-block-cover alignfull\" style=\"padding-right:0;padding-left:0;min-height:600px;aspect-ratio:unset;\"><span aria-hidden=\"true\" class=\"wp-block-cover__background has-nv-text-dark-bg-background-color has-background-dim-100 has-background-dim\"><\/span><div class=\"wp-block-cover__inner-container is-layout-flow wp-block-cover-is-layout-flow\">\n<div class=\"wp-block-group\"><div class=\"wp-block-group__inner-container is-layout-flow wp-block-group-is-layout-flow\">\n<div style=\"height:80px\" aria-hidden=\"true\" class=\"wp-block-spacer\"><\/div>\n\n\n\n<div class=\"wp-block-columns is-layout-flex wp-container-core-columns-is-layout-9d6595d7 wp-block-columns-is-layout-flex\">\n<div class=\"wp-block-column is-layout-flow wp-block-column-is-layout-flow\" style=\"flex-basis:50%\">\n<figure class=\"wp-block-image size-full\"><img loading=\"lazy\" decoding=\"async\" width=\"890\" height=\"620\" src=\"http:\/\/doctoralaurafernandez.com\/wp-content\/uploads\/2024\/04\/shutterstock_1482443063.jpg\" alt=\"\" class=\"wp-image-1040\" style=\"aspect-ratio:3\/2;object-fit:cover\" srcset=\"https:\/\/doctoralaurafernandez.com\/wp-content\/uploads\/2024\/04\/shutterstock_1482443063.jpg 890w, https:\/\/doctoralaurafernandez.com\/wp-content\/uploads\/2024\/04\/shutterstock_1482443063-300x209.jpg 300w, https:\/\/doctoralaurafernandez.com\/wp-content\/uploads\/2024\/04\/shutterstock_1482443063-768x535.jpg 768w, https:\/\/doctoralaurafernandez.com\/wp-content\/uploads\/2024\/04\/shutterstock_1482443063-18x12.jpg 18w\" sizes=\"auto, (max-width: 890px) 100vw, 890px\" \/><\/figure>\n\n\n\n<div style=\"height:40px\" aria-hidden=\"true\" class=\"wp-block-spacer\"><\/div>\n<\/div>\n\n\n\n<div class=\"wp-block-column is-vertically-aligned-center is-layout-flow wp-block-column-is-layout-flow\" style=\"flex-basis:50%\">\n<h2 class=\"wp-block-heading has-neve-link-hover-color-color has-text-color has-link-color wp-elements-7fa59e8684b969d010214172d4cf4ebe translation-block\">What Sets Us Apart? in Laura Fern\u00e1ndez Lymphatic Drainage Clinic in Ibiza<\/h2>\n\n\n\n<ul class=\"has-neve-link-hover-color-color has-text-color has-link-color wp-block-list wp-elements-3b1c47c807d8a0938137c559dab2dd9e\">\n<li>We have a team of highly qualified physiotherapists with extensive experience in Manual Lymphatic Drainage technique.<\/li>\n\n\n\n<li>We provide you with a warm and comfortable environment for you to enjoy a relaxing and therapeutic experience.<\/li>\n\n\n\n<li>We tailor the treatment to your specific needs and goals.<\/li>\n\n\n\n<li>We are committed to providing you with exceptional customer service.<\/li>\n<\/ul>\n<\/div>\n<\/div>\n\n\n\n<div style=\"height:40px\" aria-hidden=\"true\" class=\"wp-block-spacer\"><\/div>\n<\/div><\/div>\n<\/div><\/div>\n\n\n\n<div class=\"wp-block-cover alignfull\" style=\"padding-right:10rem;padding-left:10rem;min-height:300px;aspect-ratio:unset;\"><span aria-hidden=\"true\" class=\"wp-block-cover__background has-nv-dark-bg-background-color has-background-dim-100 has-background-dim\"><\/span><div class=\"wp-block-cover__inner-container is-layout-flow wp-block-cover-is-layout-flow\">\n<div style=\"height:140px\" aria-hidden=\"true\" class=\"wp-block-spacer\"><\/div>\n\n\n\n<h2 class=\"wp-block-heading has-text-align-center has-nv-text-dark-bg-color has-text-color\"><strong>Dra. Laura Fern\u00e1ndez Clinic Lymphatic Drainage in Ibiza: Your Natural Beauty, in Expert Hands<\/strong><\/h2>\n\n\n\n<p class=\"has-text-align-center\">Rejuvenate your skin, eliminate imperfections, and enhance your natural beauty with the best treatments and professionals.<br>Request your appointment today and discover how Manual Lymphatic Drainage can help you feel better and improve your quality of life.<\/p>\n\n\n\n<div class=\"wp-block-buttons is-content-justification-center is-layout-flex wp-container-core-buttons-is-layout-16018d1d wp-block-buttons-is-layout-flex\">\n<div class=\"wp-block-button is-style-secondary\"><a class=\"wp-block-button__link wp-element-button\" href=\"https:\/\/doctoralaurafernandez.com\/index.php\/contacto\/\">Contact with us<\/a><\/div>\n\n\n\n<div class=\"wp-block-button is-style-secondary\"><a class=\"wp-block-button__link wp-element-button\" href=\"http:\/\/doctoralaurafernanfez.com\">Go to General Aesthetic Medicine<\/a><\/div>\n<\/div>\n\n\n\n<div style=\"height:140px\" aria-hidden=\"true\" class=\"wp-block-spacer\"><\/div>\n<\/div><\/div>","protected":false},"excerpt":{"rendered":"","protected":false},"author":1,"featured_media":0,"parent":0,"menu_order":0,"comment_status":"closed","ping_status":"closed","template":"","meta":{"neve_meta_sidebar":"","neve_meta_container":"","neve_meta_enable_content_width":"","neve_meta_content_width":0,"neve_meta_title_alignment":"","neve_meta_author_avatar":"","neve_post_elements_order":"","neve_meta_disable_header":"","neve_meta_disable_footer":"","neve_meta_disable_title":"","_themeisle_gutenberg_block_has_review":false,"_joinchat":[],"footnotes":""},"class_list":["post-687","page","type-page","status-publish","hentry"],"yoast_head":"<!-- This site is optimized with the Yoast SEO plugin v27.6 - https:\/\/yoast.com\/product\/yoast-seo-wordpress\/ -->\n<title>Drenaje Linfa\u0301tico en Ibiza | Dra Laura Fern\u00e1ndez Medicina Est\u00e9tica Ibiza<\/title>\n<meta name=\"description\" content=\"Cl\u00ednica de \u00a0Drenaje Linfa\u0301tico Laura Fern\u00e1ndez\u00a0en Ibiza te ayudamos a mejorar tu salud y bienestar a trav\u00e9s del Drenaje Linf\u00e1tico.\" \/>\n<meta name=\"robots\" content=\"index, follow, max-snippet:-1, max-image-preview:large, max-video-preview:-1\" \/>\n<link rel=\"canonical\" href=\"https:\/\/doctoralaurafernandez.com\/en\/drenaje-linfatico-en-ibiza\/\" \/>\n<meta property=\"og:locale\" content=\"en_GB\" \/>\n<meta property=\"og:type\" content=\"article\" \/>\n<meta property=\"og:title\" content=\"Drenaje Linfa\u0301tico en Ibiza | Dra Laura Fern\u00e1ndez Medicina Est\u00e9tica Ibiza\" \/>\n<meta property=\"og:description\" content=\"Cl\u00ednica de \u00a0Drenaje Linfa\u0301tico Laura Fern\u00e1ndez\u00a0en Ibiza te ayudamos a mejorar tu salud y bienestar a trav\u00e9s del Drenaje Linf\u00e1tico.\" \/>\n<meta property=\"og:url\" content=\"https:\/\/doctoralaurafernandez.com\/en\/drenaje-linfatico-en-ibiza\/\" \/>\n<meta property=\"og:site_name\" content=\"Dra Laura Fern\u00e1ndez Medicina Est\u00e9tica Ibiza\" \/>\n<meta property=\"article:publisher\" content=\"https:\/\/www.facebook.com\/laura.clinicamedicinaestetica\" \/>\n<meta property=\"article:modified_time\" content=\"2024-05-13T10:52:47+00:00\" \/>\n<meta property=\"og:image\" content=\"https:\/\/doctoralaurafernandez.com\/wp-content\/uploads\/2024\/04\/shutterstock_1482443063.jpg\" \/>\n<meta name=\"twitter:card\" content=\"summary_large_image\" \/>\n<script type=\"application\/ld+json\" class=\"yoast-schema-graph\">{\"@context\":\"https:\\\/\\\/schema.org\",\"@graph\":[{\"@type\":\"WebPage\",\"@id\":\"https:\\\/\\\/doctoralaurafernandez.com\\\/drenaje-linfatico-en-ibiza\\\/\",\"url\":\"https:\\\/\\\/doctoralaurafernandez.com\\\/drenaje-linfatico-en-ibiza\\\/\",\"name\":\"Drenaje Linfa\u0301tico en Ibiza | Dra Laura Fern\u00e1ndez Medicina Est\u00e9tica Ibiza\",\"isPartOf\":{\"@id\":\"https:\\\/\\\/doctoralaurafernandez.com\\\/#website\"},\"primaryImageOfPage\":{\"@id\":\"https:\\\/\\\/doctoralaurafernandez.com\\\/drenaje-linfatico-en-ibiza\\\/#primaryimage\"},\"image\":{\"@id\":\"https:\\\/\\\/doctoralaurafernandez.com\\\/drenaje-linfatico-en-ibiza\\\/#primaryimage\"},\"thumbnailUrl\":\"https:\\\/\\\/doctoralaurafernandez.com\\\/wp-content\\\/uploads\\\/2024\\\/04\\\/shutterstock_1482443063.jpg\",\"datePublished\":\"2024-04-09T07:57:15+00:00\",\"dateModified\":\"2024-05-13T10:52:47+00:00\",\"description\":\"Cl\u00ednica de \u00a0Drenaje Linfa\u0301tico Laura Fern\u00e1ndez\u00a0en Ibiza te ayudamos a mejorar tu salud y bienestar a trav\u00e9s del Drenaje Linf\u00e1tico.\",\"breadcrumb\":{\"@id\":\"https:\\\/\\\/doctoralaurafernandez.com\\\/drenaje-linfatico-en-ibiza\\\/#breadcrumb\"},\"inLanguage\":\"en-GB\",\"potentialAction\":[{\"@type\":\"ReadAction\",\"target\":[\"https:\\\/\\\/doctoralaurafernandez.com\\\/drenaje-linfatico-en-ibiza\\\/\"]}]},{\"@type\":\"ImageObject\",\"inLanguage\":\"en-GB\",\"@id\":\"https:\\\/\\\/doctoralaurafernandez.com\\\/drenaje-linfatico-en-ibiza\\\/#primaryimage\",\"url\":\"https:\\\/\\\/doctoralaurafernandez.com\\\/wp-content\\\/uploads\\\/2024\\\/04\\\/shutterstock_1482443063.jpg\",\"contentUrl\":\"https:\\\/\\\/doctoralaurafernandez.com\\\/wp-content\\\/uploads\\\/2024\\\/04\\\/shutterstock_1482443063.jpg\"},{\"@type\":\"BreadcrumbList\",\"@id\":\"https:\\\/\\\/doctoralaurafernandez.com\\\/drenaje-linfatico-en-ibiza\\\/#breadcrumb\",\"itemListElement\":[{\"@type\":\"ListItem\",\"position\":1,\"name\":\"Portada\",\"item\":\"https:\\\/\\\/doctoralaurafernandez.com\\\/\"},{\"@type\":\"ListItem\",\"position\":2,\"name\":\"Drenaje Linfa\u0301tico en Ibiza\"}]},{\"@type\":\"WebSite\",\"@id\":\"https:\\\/\\\/doctoralaurafernandez.com\\\/#website\",\"url\":\"https:\\\/\\\/doctoralaurafernandez.com\\\/\",\"name\":\"Dra. Laura Fern\u00e1ndez\",\"description\":\"Medicina Est\u00e9tica en Ibiza\",\"publisher\":{\"@id\":\"https:\\\/\\\/doctoralaurafernandez.com\\\/#organization\"},\"potentialAction\":[{\"@type\":\"SearchAction\",\"target\":{\"@type\":\"EntryPoint\",\"urlTemplate\":\"https:\\\/\\\/doctoralaurafernandez.com\\\/?s={search_term_string}\"},\"query-input\":{\"@type\":\"PropertyValueSpecification\",\"valueRequired\":true,\"valueName\":\"search_term_string\"}}],\"inLanguage\":\"en-GB\"},{\"@type\":\"Organization\",\"@id\":\"https:\\\/\\\/doctoralaurafernandez.com\\\/#organization\",\"name\":\"Dra. Laura Fern\u00e1ndez\",\"url\":\"https:\\\/\\\/doctoralaurafernandez.com\\\/\",\"logo\":{\"@type\":\"ImageObject\",\"inLanguage\":\"en-GB\",\"@id\":\"https:\\\/\\\/doctoralaurafernandez.com\\\/#\\\/schema\\\/logo\\\/image\\\/\",\"url\":\"https:\\\/\\\/doctoralaurafernandez.com\\\/wp-content\\\/uploads\\\/2024\\\/04\\\/cropped-Logo-Clinica-1.jpg\",\"contentUrl\":\"https:\\\/\\\/doctoralaurafernandez.com\\\/wp-content\\\/uploads\\\/2024\\\/04\\\/cropped-Logo-Clinica-1.jpg\",\"width\":512,\"height\":512,\"caption\":\"Dra. Laura Fern\u00e1ndez\"},\"image\":{\"@id\":\"https:\\\/\\\/doctoralaurafernandez.com\\\/#\\\/schema\\\/logo\\\/image\\\/\"},\"sameAs\":[\"https:\\\/\\\/www.facebook.com\\\/laura.clinicamedicinaestetica\",\"https:\\\/\\\/www.instagram.com\\\/dralaurafernandezibiza\\\/\"]}]}<\/script>\n<!-- \/ Yoast SEO plugin. -->","yoast_head_json":{"title":"Drenaje Linfa\u0301tico en Ibiza | Dra Laura Fern\u00e1ndez Medicina Est\u00e9tica Ibiza","description":"Cl\u00ednica de \u00a0Drenaje Linfa\u0301tico Laura Fern\u00e1ndez\u00a0en Ibiza te ayudamos a mejorar tu salud y bienestar a trav\u00e9s del Drenaje Linf\u00e1tico.","robots":{"index":"index","follow":"follow","max-snippet":"max-snippet:-1","max-image-preview":"max-image-preview:large","max-video-preview":"max-video-preview:-1"},"canonical":"https:\/\/doctoralaurafernandez.com\/en\/drenaje-linfatico-en-ibiza\/","og_locale":"en_GB","og_type":"article","og_title":"Drenaje Linfa\u0301tico en Ibiza | Dra Laura Fern\u00e1ndez Medicina Est\u00e9tica Ibiza","og_description":"Cl\u00ednica de \u00a0Drenaje Linfa\u0301tico Laura Fern\u00e1ndez\u00a0en Ibiza te ayudamos a mejorar tu salud y bienestar a trav\u00e9s del Drenaje Linf\u00e1tico.","og_url":"https:\/\/doctoralaurafernandez.com\/en\/drenaje-linfatico-en-ibiza\/","og_site_name":"Dra Laura Fern\u00e1ndez Medicina Est\u00e9tica Ibiza","article_publisher":"https:\/\/www.facebook.com\/laura.clinicamedicinaestetica","article_modified_time":"2024-05-13T10:52:47+00:00","og_image":[{"url":"https:\/\/doctoralaurafernandez.com\/wp-content\/uploads\/2024\/04\/shutterstock_1482443063.jpg","type":"","width":"","height":""}],"twitter_card":"summary_large_image","schema":{"@context":"https:\/\/schema.org","@graph":[{"@type":"WebPage","@id":"https:\/\/doctoralaurafernandez.com\/drenaje-linfatico-en-ibiza\/","url":"https:\/\/doctoralaurafernandez.com\/drenaje-linfatico-en-ibiza\/","name":"Drenaje Linfa\u0301tico en Ibiza | Dra Laura Fern\u00e1ndez Medicina Est\u00e9tica Ibiza","isPartOf":{"@id":"https:\/\/doctoralaurafernandez.com\/#website"},"primaryImageOfPage":{"@id":"https:\/\/doctoralaurafernandez.com\/drenaje-linfatico-en-ibiza\/#primaryimage"},"image":{"@id":"https:\/\/doctoralaurafernandez.com\/drenaje-linfatico-en-ibiza\/#primaryimage"},"thumbnailUrl":"https:\/\/doctoralaurafernandez.com\/wp-content\/uploads\/2024\/04\/shutterstock_1482443063.jpg","datePublished":"2024-04-09T07:57:15+00:00","dateModified":"2024-05-13T10:52:47+00:00","description":"Cl\u00ednica de \u00a0Drenaje Linfa\u0301tico Laura Fern\u00e1ndez\u00a0en Ibiza te ayudamos a mejorar tu salud y bienestar a trav\u00e9s del Drenaje Linf\u00e1tico.","breadcrumb":{"@id":"https:\/\/doctoralaurafernandez.com\/drenaje-linfatico-en-ibiza\/#breadcrumb"},"inLanguage":"en-GB","potentialAction":[{"@type":"ReadAction","target":["https:\/\/doctoralaurafernandez.com\/drenaje-linfatico-en-ibiza\/"]}]},{"@type":"ImageObject","inLanguage":"en-GB","@id":"https:\/\/doctoralaurafernandez.com\/drenaje-linfatico-en-ibiza\/#primaryimage","url":"https:\/\/doctoralaurafernandez.com\/wp-content\/uploads\/2024\/04\/shutterstock_1482443063.jpg","contentUrl":"https:\/\/doctoralaurafernandez.com\/wp-content\/uploads\/2024\/04\/shutterstock_1482443063.jpg"},{"@type":"BreadcrumbList","@id":"https:\/\/doctoralaurafernandez.com\/drenaje-linfatico-en-ibiza\/#breadcrumb","itemListElement":[{"@type":"ListItem","position":1,"name":"Portada","item":"https:\/\/doctoralaurafernandez.com\/"},{"@type":"ListItem","position":2,"name":"Drenaje Linfa\u0301tico en Ibiza"}]},{"@type":"WebSite","@id":"https:\/\/doctoralaurafernandez.com\/#website","url":"https:\/\/doctoralaurafernandez.com\/","name":"Dra. Laura Fern\u00e1ndez","description":"Medicina Est\u00e9tica en Ibiza","publisher":{"@id":"https:\/\/doctoralaurafernandez.com\/#organization"},"potentialAction":[{"@type":"SearchAction","target":{"@type":"EntryPoint","urlTemplate":"https:\/\/doctoralaurafernandez.com\/?s={search_term_string}"},"query-input":{"@type":"PropertyValueSpecification","valueRequired":true,"valueName":"search_term_string"}}],"inLanguage":"en-GB"},{"@type":"Organization","@id":"https:\/\/doctoralaurafernandez.com\/#organization","name":"Dra. Laura Fern\u00e1ndez","url":"https:\/\/doctoralaurafernandez.com\/","logo":{"@type":"ImageObject","inLanguage":"en-GB","@id":"https:\/\/doctoralaurafernandez.com\/#\/schema\/logo\/image\/","url":"https:\/\/doctoralaurafernandez.com\/wp-content\/uploads\/2024\/04\/cropped-Logo-Clinica-1.jpg","contentUrl":"https:\/\/doctoralaurafernandez.com\/wp-content\/uploads\/2024\/04\/cropped-Logo-Clinica-1.jpg","width":512,"height":512,"caption":"Dra. Laura Fern\u00e1ndez"},"image":{"@id":"https:\/\/doctoralaurafernandez.com\/#\/schema\/logo\/image\/"},"sameAs":["https:\/\/www.facebook.com\/laura.clinicamedicinaestetica","https:\/\/www.instagram.com\/dralaurafernandezibiza\/"]}]}},"jetpack_sharing_enabled":true,"_links":{"self":[{"href":"https:\/\/doctoralaurafernandez.com\/en\/wp-json\/wp\/v2\/pages\/687","targetHints":{"allow":["GET"]}}],"collection":[{"href":"https:\/\/doctoralaurafernandez.com\/en\/wp-json\/wp\/v2\/pages"}],"about":[{"href":"https:\/\/doctoralaurafernandez.com\/en\/wp-json\/wp\/v2\/types\/page"}],"author":[{"embeddable":true,"href":"https:\/\/doctoralaurafernandez.com\/en\/wp-json\/wp\/v2\/users\/1"}],"replies":[{"embeddable":true,"href":"https:\/\/doctoralaurafernandez.com\/en\/wp-json\/wp\/v2\/comments?post=687"}],"version-history":[{"count":51,"href":"https:\/\/doctoralaurafernandez.com\/en\/wp-json\/wp\/v2\/pages\/687\/revisions"}],"predecessor-version":[{"id":1981,"href":"https:\/\/doctoralaurafernandez.com\/en\/wp-json\/wp\/v2\/pages\/687\/revisions\/1981"}],"wp:attachment":[{"href":"https:\/\/doctoralaurafernandez.com\/en\/wp-json\/wp\/v2\/media?parent=687"}],"curies":[{"name":"wp","href":"https:\/\/api.w.org\/{rel}","templated":true}]}}