{"id":75,"date":"2020-01-27T08:29:32","date_gmt":"2020-01-27T08:29:32","guid":{"rendered":"https:\/\/demosites.io\/web-agency-gb\/?page_id=75"},"modified":"2024-11-25T13:39:32","modified_gmt":"2024-11-25T13:39:32","slug":"contacto","status":"publish","type":"page","link":"https:\/\/doctoralaurafernandez.com\/en\/contacto\/","title":{"rendered":"Contacto Cl\u00ednica Est\u00e9tica Laura Fern\u00e1ndez en Ibiza"},"content":{"rendered":"<div class=\"wp-block-cover alignfull\" style=\"min-height:700px;aspect-ratio:unset;\"><span aria-hidden=\"true\" class=\"wp-block-cover__background has-neve-link-hover-color-background-color has-background-dim-60 has-background-dim\"><\/span><img loading=\"lazy\" decoding=\"async\" width=\"1280\" height=\"720\" class=\"wp-block-cover__image-background wp-image-1121\" alt=\"\" src=\"http:\/\/doctoralaurafernandez.com\/wp-content\/uploads\/2024\/04\/CByo3JerTUWV2Qjwe8N9Sg.png\" data-object-fit=\"cover\" srcset=\"https:\/\/doctoralaurafernandez.com\/wp-content\/uploads\/2024\/04\/CByo3JerTUWV2Qjwe8N9Sg.png 1280w, https:\/\/doctoralaurafernandez.com\/wp-content\/uploads\/2024\/04\/CByo3JerTUWV2Qjwe8N9Sg-300x169.png 300w, https:\/\/doctoralaurafernandez.com\/wp-content\/uploads\/2024\/04\/CByo3JerTUWV2Qjwe8N9Sg-1024x576.png 1024w, https:\/\/doctoralaurafernandez.com\/wp-content\/uploads\/2024\/04\/CByo3JerTUWV2Qjwe8N9Sg-768x432.png 768w, https:\/\/doctoralaurafernandez.com\/wp-content\/uploads\/2024\/04\/CByo3JerTUWV2Qjwe8N9Sg-18x10.png 18w\" sizes=\"auto, (max-width: 1280px) 100vw, 1280px\" \/><div class=\"wp-block-cover__inner-container is-layout-flow wp-block-cover-is-layout-flow\">\n<h1 class=\"wp-block-heading has-text-align-center has-nv-site-bg-color has-text-color has-link-color wp-elements-6ec5d92d980564e9a474fd8e8817ec66\">Contact with us<\/h1>\n\n\n\n<p class=\"has-text-align-center has-nv-site-bg-color has-text-color has-link-color wp-elements-bdaa753ed892b4983104b196fe46556a\">\u00bfQuieres mejorar tu imagen y bienestar? En la Cl\u00ednica de Medicina Est\u00e9tica Laura Fern\u00e1ndez en Ibiza te ofrecemos una amplia gama de tratamientos personalizados para ayudarte a conseguir tus objetivos. <br>We have a team of highly qualified professionals with extensive experience in aesthetic medicine who will provide you with personalized care and advice to find the treatment that best suits your needs. <br>Utilizamos las t\u00e9cnicas m\u00e1s avanzadas y la tecnolog\u00eda m\u00e1s innovadora para ofrecerte resultados naturales y duraderos. En Cl\u00ednica de Medicina Est\u00e9tica Laura Fern\u00e1ndez, la belleza natural es nuestra filosof\u00eda. Trabajamos para realzar tus rasgos \u00fanicos y potenciar tu belleza interior.<\/p>\n<\/div><\/div>\n\n\n\n<div class=\"wp-block-cover alignfull is-light\" style=\"min-height:420px;aspect-ratio:unset;\"><span aria-hidden=\"true\" class=\"wp-block-cover__background has-nv-light-bg-background-color has-background-dim-0 has-background-dim\"><\/span><div class=\"wp-block-cover__inner-container is-layout-flow wp-block-cover-is-layout-flow\">\n<div style=\"height:80px\" aria-hidden=\"true\" class=\"wp-block-spacer\"><\/div>\n\n\n\n<p class=\"has-text-align-center has-neve-link-hover-color-color has-text-color has-link-color wp-elements-e7d3b7c4d9315cc2cbbc1f4d7f154c6f\"><strong>En Cl\u00ednica de Medicina Est\u00e9tica<\/strong> <strong>Laura Fern\u00e1ndez, tu belleza es nuestra prioridad.<\/strong> We invite you to discover a world of possibilities to enhance your natural beauty and feel confident.<\/p>\n\n\n\n<div class=\"wp-block-columns is-layout-flex wp-container-core-columns-is-layout-9d6595d7 wp-block-columns-is-layout-flex\">\n<div class=\"wp-block-column ticss-4ce656f1 has-nv-site-bg-background-color has-background is-layout-flow wp-block-column-is-layout-flow\">\n<div class=\"wp-block-group has-nv-site-bg-background-color has-background\" style=\"padding-right:var(--wp--preset--spacing--80);padding-left:var(--wp--preset--spacing--80)\"><div class=\"wp-block-group__inner-container is-layout-flow wp-block-group-is-layout-flow\">\n<div style=\"height:24px\" aria-hidden=\"true\" class=\"wp-block-spacer\"><\/div>\n\n\n<div class=\"wp-block-image icon-style is-style-default\">\n<figure class=\"aligncenter size-large\"><img loading=\"lazy\" decoding=\"async\" width=\"63\" height=\"63\" src=\"http:\/\/doctoralaurafernandez.com\/wp-content\/uploads\/2021\/06\/phone-sm.png\" alt=\"contacto cl\u00ednica est\u00e9tica Laura Fern\u00e1ndez\" class=\"wp-image-304\"\/><\/figure>\n<\/div>\n\n\n<div style=\"height:24px\" aria-hidden=\"true\" class=\"wp-block-spacer\"><\/div>\n\n\n\n<h3 class=\"wp-block-heading has-text-align-center has-neve-text-color-color has-text-color\">Phone<\/h3>\n\n\n\n<p class=\"has-text-align-left\">Phone: <strong><a href=\"Tel: +34971931177\">+34 971 93 11 77<\/a><\/strong><br><br>WhatsApp: <a href=\"https:\/\/api.whatsapp.com\/send?phone=34699244186&amp;text=hola,%20quiero%20informaci%C3%B3n?\"><strong>699 24 41 86<\/strong><\/a><\/p>\n\n\n\n<div style=\"height:24px\" aria-hidden=\"true\" class=\"wp-block-spacer\"><\/div>\n<\/div><\/div>\n<\/div>\n\n\n\n<div class=\"wp-block-column ticss-f6fc7494 is-layout-flow wp-block-column-is-layout-flow\">\n<div class=\"wp-block-group has-nv-site-bg-background-color has-background\"><div class=\"wp-block-group__inner-container is-layout-flow wp-block-group-is-layout-flow\">\n<div style=\"height:24px\" aria-hidden=\"true\" class=\"wp-block-spacer\"><\/div>\n\n\n<div class=\"wp-block-image icon-style is-style-default\">\n<figure class=\"aligncenter size-large\"><img loading=\"lazy\" decoding=\"async\" width=\"65\" height=\"65\" src=\"http:\/\/doctoralaurafernandez.com\/wp-content\/uploads\/2021\/06\/email-sm.png\" alt=\"contacto cl\u00ednica est\u00e9tica Laura Fern\u00e1ndez\" class=\"wp-image-306\"\/><\/figure>\n<\/div>\n\n\n<div style=\"height:24px\" aria-hidden=\"true\" class=\"wp-block-spacer\"><\/div>\n\n\n\n<h3 class=\"wp-block-heading has-text-align-center has-neve-text-color-color has-text-color\">Email<\/h3>\n\n\n\n<p class=\"has-text-align-center has-neve-text-color-color has-text-color\"><a href=\"mailto:info@clinicalf.com\">info@clinicalf.com<\/a><\/p>\n\n\n\n<div style=\"height:24px\" aria-hidden=\"true\" class=\"wp-block-spacer\"><\/div>\n<\/div><\/div>\n<\/div>\n\n\n\n<div class=\"wp-block-column ticss-a5b4df29 is-layout-flow wp-block-column-is-layout-flow\">\n<div class=\"wp-block-group has-nv-site-bg-background-color has-background\"><div class=\"wp-block-group__inner-container is-layout-flow wp-block-group-is-layout-flow\">\n<div style=\"height:24px\" aria-hidden=\"true\" class=\"wp-block-spacer\"><\/div>\n\n\n<div class=\"wp-block-image icon-style is-style-default\">\n<figure class=\"aligncenter size-full is-resized\"><img loading=\"lazy\" decoding=\"async\" width=\"128\" height=\"128\" src=\"http:\/\/doctoralaurafernandez.com\/wp-content\/uploads\/2024\/04\/ubicacion.png\" alt=\"ubicaci\u00f3n contacto cl\u00ednica est\u00e9tica Laura Fern\u00e1ndez\" class=\"wp-image-1119\" style=\"object-fit:cover;width:72px;height:72px\" srcset=\"https:\/\/doctoralaurafernandez.com\/wp-content\/uploads\/2024\/04\/ubicacion.png 128w, https:\/\/doctoralaurafernandez.com\/wp-content\/uploads\/2024\/04\/ubicacion-12x12.png 12w\" sizes=\"auto, (max-width: 128px) 100vw, 128px\" \/><\/figure>\n<\/div>\n\n\n<div style=\"height:24px\" aria-hidden=\"true\" class=\"wp-block-spacer\"><\/div>\n\n\n\n<h3 class=\"wp-block-heading has-text-align-center has-neve-text-color-color has-text-color\">Location<\/h3>\n\n\n\n<p class=\"has-text-align-left has-neve-text-color-color has-text-color\"><strong>Location<\/strong> Edificio Las Terrazas de Botafoch, Passeig Joan Carles I, 39, local 12, 07800 Ibiza, Balearic Islands<\/p>\n\n\n\n<ul class=\"wp-block-list ticss-ed4118cd\">\n<li class=\"ticss-e450cfd3\"><strong>Schedule M-Th:<\/strong> 09.00h &#8212; 20h<\/li>\n\n\n\n<li class=\"ticss-e450cfd3\"><strong>Friday Schedule:<\/strong> 09.00h &#8212; 18h<\/li>\n<\/ul>\n\n\n\n<div style=\"height:24px\" aria-hidden=\"true\" class=\"wp-block-spacer\"><\/div>\n<\/div><\/div>\n<\/div>\n<\/div>\n\n\n\n<div style=\"height:30px\" aria-hidden=\"true\" class=\"wp-block-spacer\"><\/div>\n<\/div><\/div>\n\n\n\n<div class=\"wp-block-cover alignfull\" style=\"min-height:600px;aspect-ratio:unset;\"><span aria-hidden=\"true\" class=\"wp-block-cover__background has-nv-light-bg-background-color has-background-dim-100 has-background-dim\"><\/span><div class=\"wp-block-cover__inner-container is-layout-flow wp-block-cover-is-layout-flow\">\n<div class=\"wp-block-group\"><div class=\"wp-block-group__inner-container is-layout-flow wp-block-group-is-layout-flow\">\n<div style=\"height:80px\" aria-hidden=\"true\" class=\"wp-block-spacer\"><\/div>\n\n\n\n<div class=\"wp-block-columns is-layout-flex wp-container-core-columns-is-layout-9d6595d7 wp-block-columns-is-layout-flex\">\n<div class=\"wp-block-column is-layout-flow wp-block-column-is-layout-flow\" style=\"flex-basis:50%\">\n<h2 class=\"wp-block-heading has-neve-link-hover-color-color has-text-color\"><strong>\u00bfQuieres mejorar tu salud, bienestar y belleza en <strong> Cl\u00ednica de Medicina Est\u00e9tica Fern\u00e1ndez en Ibiza<\/strong>?<\/strong><\/h2>\n\n\n\n<figure class=\"wp-block-image size-full is-style-default wp-duotone-unset-1\"><a href=\"https:\/\/www.google.com\/maps\/place\/Cl\u00ednica+Dra.+Laura+Fern\u00e1ndez\/@38.9133551,1.4452834,1728m\/data=!3m1!1e3!4m6!3m5!1s0x129941ff0acf9403:0x2c304e4ee901204f!8m2!3d38.9133287!4d1.4492934!16s%2Fg%2F11frrxrv2b?entry=ttu\"><img loading=\"lazy\" decoding=\"async\" width=\"912\" height=\"524\" src=\"http:\/\/doctoralaurafernandez.com\/wp-content\/uploads\/2024\/04\/imagen_2024-04-09_104253219.png\" alt=\"mapa Cl\u00ednica Medicina Est\u00e9tica Ibiza\" class=\"wp-image-717\" srcset=\"https:\/\/doctoralaurafernandez.com\/wp-content\/uploads\/2024\/04\/imagen_2024-04-09_104253219.png 912w, https:\/\/doctoralaurafernandez.com\/wp-content\/uploads\/2024\/04\/imagen_2024-04-09_104253219-300x172.png 300w, https:\/\/doctoralaurafernandez.com\/wp-content\/uploads\/2024\/04\/imagen_2024-04-09_104253219-768x441.png 768w, https:\/\/doctoralaurafernandez.com\/wp-content\/uploads\/2024\/04\/imagen_2024-04-09_104253219-18x10.png 18w\" sizes=\"auto, (max-width: 912px) 100vw, 912px\" \/><\/a><\/figure>\n\n\n\n<p class=\"has-neve-link-hover-color-color has-text-color has-link-color wp-elements-e4fa06457661e11716ba77576c793fd2 translation-block\">We're here to help you achieve your beauty and wellness goals. <br>We have a team of highly qualified and experienced professionals who will provide you with personalized and attentive care.<\/p>\n<\/div>\n\n\n\n<div class=\"wp-block-column is-vertically-aligned-center is-layout-flow wp-block-column-is-layout-flow\" style=\"flex-basis:50%\">\n<div class=\"wp-block-contact-form-7-contact-form-selector ticss-cb1b45b5\">\n<div class=\"wpcf7 no-js\" id=\"wpcf7-f532-o1\" lang=\"es-ES\" dir=\"ltr\" data-wpcf7-id=\"532\">\n<div class=\"screen-reader-response\"><p role=\"status\" aria-live=\"polite\" aria-atomic=\"true\"><\/p> <ul><\/ul><\/div>\n<form action=\"\/en\/wp-json\/wp\/v2\/pages\/75#wpcf7-f532-o1\" method=\"post\" class=\"wpcf7-form init\" aria-label=\"Formulario de contacto\" novalidate=\"novalidate\" data-status=\"init\" data-trp-original-action=\"\/en\/wp-json\/wp\/v2\/pages\/75#wpcf7-f532-o1\">\n<fieldset class=\"hidden-fields-container\"><input type=\"hidden\" name=\"_wpcf7\" value=\"532\" \/><input type=\"hidden\" name=\"_wpcf7_version\" value=\"6.1.5\" \/><input type=\"hidden\" name=\"_wpcf7_locale\" value=\"es_ES\" \/><input type=\"hidden\" name=\"_wpcf7_unit_tag\" value=\"wpcf7-f532-o1\" \/><input type=\"hidden\" name=\"_wpcf7_container_post\" value=\"0\" \/><input type=\"hidden\" name=\"_wpcf7_posted_data_hash\" value=\"\" \/>\n<\/fieldset>\n<p><label> Your Name<br \/>\n<span class=\"wpcf7-form-control-wrap\" data-name=\"your-name\"><input size=\"40\" maxlength=\"400\" class=\"wpcf7-form-control wpcf7-text wpcf7-validates-as-required\" autocomplete=\"name\" aria-required=\"true\" aria-invalid=\"false\" value=\"\" type=\"text\" name=\"your-name\" \/><\/span> <\/label>\n<\/p>\n<p><label> Your email<br \/>\n<span class=\"wpcf7-form-control-wrap\" data-name=\"your-email\"><input size=\"40\" maxlength=\"400\" class=\"wpcf7-form-control wpcf7-email wpcf7-validates-as-required wpcf7-text wpcf7-validates-as-email\" autocomplete=\"email\" aria-required=\"true\" aria-invalid=\"false\" value=\"\" type=\"email\" name=\"your-email\" \/><\/span> <\/label>\n<\/p>\n<p><label> Anti-spam question 5+5<br \/>\n<span class=\"wpcf7-form-control-wrap\" data-name=\"your-subject\"><input size=\"40\" maxlength=\"400\" class=\"wpcf7-form-control wpcf7-text wpcf7-validates-as-required\" aria-required=\"true\" aria-invalid=\"false\" value=\"\" type=\"text\" name=\"your-subject\" \/><\/span> <\/label>\n<\/p>\n<p><label> Your message (optional)<br \/>\n<span class=\"wpcf7-form-control-wrap\" data-name=\"your-message\"><textarea cols=\"40\" rows=\"10\" maxlength=\"2000\" class=\"wpcf7-form-control wpcf7-textarea\" aria-invalid=\"false\" name=\"your-message\"><\/textarea><\/span> <\/label><br \/>\n<label><br \/>\n<span class=\"wpcf7-form-control-wrap\" data-name=\"PoliticaPivacidad\"><span class=\"wpcf7-form-control wpcf7-checkbox wpcf7-exclusive-checkbox\"><span class=\"wpcf7-list-item first last\"><label><input type=\"checkbox\" name=\"PoliticaPivacidad\" value=\"He le\u00eddo y acepto la\" \/><span class=\"wpcf7-list-item-label\">I have read and accept the<\/span><\/label><\/span><\/span><\/span> <a href=\"https:\/\/doctoralaurafernandez.com\/index.php\/privacy-policy\/\">Privacy Policy.<\/a><\/label>\n<\/p>\n<p><input class=\"wpcf7-form-control wpcf7-submit has-spinner\" type=\"submit\" value=\"Submit\" \/>\n<\/p><div class=\"wpcf7-response-output\" aria-hidden=\"true\"><\/div>\n<input type=\"hidden\" name=\"trp-form-language\" value=\"en\"\/><\/form>\n<\/div>\n<\/div>\n<\/div>\n<\/div>\n\n\n\n<p class=\"has-text-align-center has-neve-link-hover-color-color has-text-color has-link-color wp-elements-1a263c50309cb7704e07e10ad95e6f36\"><strong>We're waiting for you!<\/strong><\/p>\n\n\n\n<div class=\"wp-block-buttons is-content-justification-center is-layout-flex wp-container-core-buttons-is-layout-16018d1d wp-block-buttons-is-layout-flex\">\n<div class=\"wp-block-button is-style-secondary\"><a class=\"wp-block-button__link wp-element-button\" href=\"http:\/\/doctoralaurafernanfez.com\">Go to General Aesthetic Medicine<\/a><\/div>\n<\/div>\n\n\n\n<div style=\"height:40px\" aria-hidden=\"true\" class=\"wp-block-spacer\"><\/div>\n<\/div><\/div>\n<\/div><\/div>","protected":false},"excerpt":{"rendered":"","protected":false},"author":1,"featured_media":0,"parent":0,"menu_order":0,"comment_status":"closed","ping_status":"closed","template":"","meta":{"neve_meta_sidebar":"default","neve_meta_container":"","neve_meta_enable_content_width":"on","neve_meta_content_width":100,"neve_meta_title_alignment":"","neve_meta_author_avatar":"","neve_post_elements_order":"","neve_meta_disable_header":"","neve_meta_disable_footer":"","neve_meta_disable_title":"on","_themeisle_gutenberg_block_has_review":false,"_joinchat":[],"footnotes":""},"class_list":["post-75","page","type-page","status-publish","hentry"],"yoast_head":"<!-- This site is optimized with the Yoast SEO plugin v27.6 - https:\/\/yoast.com\/product\/yoast-seo-wordpress\/ -->\n<title>Contacto Cl\u00ednica Est\u00e9tica Laura Fern\u00e1ndez en Ibiza | Dra Laura Fern\u00e1ndez Medicina Est\u00e9tica Ibiza<\/title>\n<meta name=\"description\" content=\"Descubre la Cl\u00ednica Est\u00e9tica Laura Fern\u00e1ndez en Ibiza. \u00a1Belleza natural en Ibiza! Tratamientos personalizados. Agenda tu cita gratuita.\" \/>\n<meta name=\"robots\" content=\"index, follow, max-snippet:-1, max-image-preview:large, max-video-preview:-1\" \/>\n<link rel=\"canonical\" href=\"https:\/\/doctoralaurafernandez.com\/en\/contacto\/\" \/>\n<meta property=\"og:locale\" content=\"en_GB\" \/>\n<meta property=\"og:type\" content=\"article\" \/>\n<meta property=\"og:title\" content=\"Contacto Cl\u00ednica Est\u00e9tica Laura Fern\u00e1ndez en Ibiza | Dra Laura Fern\u00e1ndez Medicina Est\u00e9tica Ibiza\" \/>\n<meta property=\"og:description\" content=\"Descubre la Cl\u00ednica Est\u00e9tica Laura Fern\u00e1ndez en Ibiza. \u00a1Belleza natural en Ibiza! Tratamientos personalizados. Agenda tu cita gratuita.\" \/>\n<meta property=\"og:url\" content=\"https:\/\/doctoralaurafernandez.com\/en\/contacto\/\" \/>\n<meta property=\"og:site_name\" content=\"Dra Laura Fern\u00e1ndez Medicina Est\u00e9tica Ibiza\" \/>\n<meta property=\"article:publisher\" content=\"https:\/\/www.facebook.com\/laura.clinicamedicinaestetica\" \/>\n<meta property=\"article:modified_time\" content=\"2024-11-25T13:39:32+00:00\" \/>\n<meta property=\"og:image\" content=\"http:\/\/doctoralaurafernandez.com\/wp-content\/uploads\/2024\/04\/CByo3JerTUWV2Qjwe8N9Sg.png\" \/>\n<meta name=\"twitter:card\" content=\"summary_large_image\" \/>\n<meta name=\"twitter:label1\" content=\"Estimated reading time\" \/>\n\t<meta name=\"twitter:data1\" content=\"3 minutes\" \/>\n<script type=\"application\/ld+json\" class=\"yoast-schema-graph\">{\"@context\":\"https:\\\/\\\/schema.org\",\"@graph\":[{\"@type\":\"WebPage\",\"@id\":\"https:\\\/\\\/doctoralaurafernandez.com\\\/contacto\\\/\",\"url\":\"https:\\\/\\\/doctoralaurafernandez.com\\\/contacto\\\/\",\"name\":\"Contacto Cl\u00ednica Est\u00e9tica Laura Fern\u00e1ndez en Ibiza | Dra Laura Fern\u00e1ndez Medicina Est\u00e9tica Ibiza\",\"isPartOf\":{\"@id\":\"https:\\\/\\\/doctoralaurafernandez.com\\\/#website\"},\"primaryImageOfPage\":{\"@id\":\"https:\\\/\\\/doctoralaurafernandez.com\\\/contacto\\\/#primaryimage\"},\"image\":{\"@id\":\"https:\\\/\\\/doctoralaurafernandez.com\\\/contacto\\\/#primaryimage\"},\"thumbnailUrl\":\"http:\\\/\\\/doctoralaurafernandez.com\\\/wp-content\\\/uploads\\\/2024\\\/04\\\/CByo3JerTUWV2Qjwe8N9Sg.png\",\"datePublished\":\"2020-01-27T08:29:32+00:00\",\"dateModified\":\"2024-11-25T13:39:32+00:00\",\"description\":\"Descubre la Cl\u00ednica Est\u00e9tica Laura Fern\u00e1ndez en Ibiza. \u00a1Belleza natural en Ibiza! Tratamientos personalizados. Agenda tu cita gratuita.\",\"breadcrumb\":{\"@id\":\"https:\\\/\\\/doctoralaurafernandez.com\\\/contacto\\\/#breadcrumb\"},\"inLanguage\":\"en-GB\",\"potentialAction\":[{\"@type\":\"ReadAction\",\"target\":[\"https:\\\/\\\/doctoralaurafernandez.com\\\/contacto\\\/\"]}]},{\"@type\":\"ImageObject\",\"inLanguage\":\"en-GB\",\"@id\":\"https:\\\/\\\/doctoralaurafernandez.com\\\/contacto\\\/#primaryimage\",\"url\":\"http:\\\/\\\/doctoralaurafernandez.com\\\/wp-content\\\/uploads\\\/2024\\\/04\\\/CByo3JerTUWV2Qjwe8N9Sg.png\",\"contentUrl\":\"http:\\\/\\\/doctoralaurafernandez.com\\\/wp-content\\\/uploads\\\/2024\\\/04\\\/CByo3JerTUWV2Qjwe8N9Sg.png\"},{\"@type\":\"BreadcrumbList\",\"@id\":\"https:\\\/\\\/doctoralaurafernandez.com\\\/contacto\\\/#breadcrumb\",\"itemListElement\":[{\"@type\":\"ListItem\",\"position\":1,\"name\":\"Portada\",\"item\":\"https:\\\/\\\/doctoralaurafernandez.com\\\/\"},{\"@type\":\"ListItem\",\"position\":2,\"name\":\"Contacto Cl\u00ednica Est\u00e9tica Laura Fern\u00e1ndez en Ibiza\"}]},{\"@type\":\"WebSite\",\"@id\":\"https:\\\/\\\/doctoralaurafernandez.com\\\/#website\",\"url\":\"https:\\\/\\\/doctoralaurafernandez.com\\\/\",\"name\":\"Dra. Laura Fern\u00e1ndez\",\"description\":\"Medicina Est\u00e9tica en Ibiza\",\"publisher\":{\"@id\":\"https:\\\/\\\/doctoralaurafernandez.com\\\/#organization\"},\"potentialAction\":[{\"@type\":\"SearchAction\",\"target\":{\"@type\":\"EntryPoint\",\"urlTemplate\":\"https:\\\/\\\/doctoralaurafernandez.com\\\/?s={search_term_string}\"},\"query-input\":{\"@type\":\"PropertyValueSpecification\",\"valueRequired\":true,\"valueName\":\"search_term_string\"}}],\"inLanguage\":\"en-GB\"},{\"@type\":\"Organization\",\"@id\":\"https:\\\/\\\/doctoralaurafernandez.com\\\/#organization\",\"name\":\"Dra. Laura Fern\u00e1ndez\",\"url\":\"https:\\\/\\\/doctoralaurafernandez.com\\\/\",\"logo\":{\"@type\":\"ImageObject\",\"inLanguage\":\"en-GB\",\"@id\":\"https:\\\/\\\/doctoralaurafernandez.com\\\/#\\\/schema\\\/logo\\\/image\\\/\",\"url\":\"https:\\\/\\\/doctoralaurafernandez.com\\\/wp-content\\\/uploads\\\/2024\\\/04\\\/cropped-Logo-Clinica-1.jpg\",\"contentUrl\":\"https:\\\/\\\/doctoralaurafernandez.com\\\/wp-content\\\/uploads\\\/2024\\\/04\\\/cropped-Logo-Clinica-1.jpg\",\"width\":512,\"height\":512,\"caption\":\"Dra. Laura Fern\u00e1ndez\"},\"image\":{\"@id\":\"https:\\\/\\\/doctoralaurafernandez.com\\\/#\\\/schema\\\/logo\\\/image\\\/\"},\"sameAs\":[\"https:\\\/\\\/www.facebook.com\\\/laura.clinicamedicinaestetica\",\"https:\\\/\\\/www.instagram.com\\\/dralaurafernandezibiza\\\/\"]}]}<\/script>\n<!-- \/ Yoast SEO plugin. -->","yoast_head_json":{"title":"Contacto Cl\u00ednica Est\u00e9tica Laura Fern\u00e1ndez en Ibiza | Dra Laura Fern\u00e1ndez Medicina Est\u00e9tica Ibiza","description":"Descubre la Cl\u00ednica Est\u00e9tica Laura Fern\u00e1ndez en Ibiza. \u00a1Belleza natural en Ibiza! Tratamientos personalizados. Agenda tu cita gratuita.","robots":{"index":"index","follow":"follow","max-snippet":"max-snippet:-1","max-image-preview":"max-image-preview:large","max-video-preview":"max-video-preview:-1"},"canonical":"https:\/\/doctoralaurafernandez.com\/en\/contacto\/","og_locale":"en_GB","og_type":"article","og_title":"Contacto Cl\u00ednica Est\u00e9tica Laura Fern\u00e1ndez en Ibiza | Dra Laura Fern\u00e1ndez Medicina Est\u00e9tica Ibiza","og_description":"Descubre la Cl\u00ednica Est\u00e9tica Laura Fern\u00e1ndez en Ibiza. \u00a1Belleza natural en Ibiza! Tratamientos personalizados. Agenda tu cita gratuita.","og_url":"https:\/\/doctoralaurafernandez.com\/en\/contacto\/","og_site_name":"Dra Laura Fern\u00e1ndez Medicina Est\u00e9tica Ibiza","article_publisher":"https:\/\/www.facebook.com\/laura.clinicamedicinaestetica","article_modified_time":"2024-11-25T13:39:32+00:00","og_image":[{"url":"http:\/\/doctoralaurafernandez.com\/wp-content\/uploads\/2024\/04\/CByo3JerTUWV2Qjwe8N9Sg.png","type":"","width":"","height":""}],"twitter_card":"summary_large_image","twitter_misc":{"Estimated reading time":"3 minutes"},"schema":{"@context":"https:\/\/schema.org","@graph":[{"@type":"WebPage","@id":"https:\/\/doctoralaurafernandez.com\/contacto\/","url":"https:\/\/doctoralaurafernandez.com\/contacto\/","name":"Contacto Cl\u00ednica Est\u00e9tica Laura Fern\u00e1ndez en Ibiza | Dra Laura Fern\u00e1ndez Medicina Est\u00e9tica Ibiza","isPartOf":{"@id":"https:\/\/doctoralaurafernandez.com\/#website"},"primaryImageOfPage":{"@id":"https:\/\/doctoralaurafernandez.com\/contacto\/#primaryimage"},"image":{"@id":"https:\/\/doctoralaurafernandez.com\/contacto\/#primaryimage"},"thumbnailUrl":"http:\/\/doctoralaurafernandez.com\/wp-content\/uploads\/2024\/04\/CByo3JerTUWV2Qjwe8N9Sg.png","datePublished":"2020-01-27T08:29:32+00:00","dateModified":"2024-11-25T13:39:32+00:00","description":"Descubre la Cl\u00ednica Est\u00e9tica Laura Fern\u00e1ndez en Ibiza. \u00a1Belleza natural en Ibiza! Tratamientos personalizados. Agenda tu cita gratuita.","breadcrumb":{"@id":"https:\/\/doctoralaurafernandez.com\/contacto\/#breadcrumb"},"inLanguage":"en-GB","potentialAction":[{"@type":"ReadAction","target":["https:\/\/doctoralaurafernandez.com\/contacto\/"]}]},{"@type":"ImageObject","inLanguage":"en-GB","@id":"https:\/\/doctoralaurafernandez.com\/contacto\/#primaryimage","url":"http:\/\/doctoralaurafernandez.com\/wp-content\/uploads\/2024\/04\/CByo3JerTUWV2Qjwe8N9Sg.png","contentUrl":"http:\/\/doctoralaurafernandez.com\/wp-content\/uploads\/2024\/04\/CByo3JerTUWV2Qjwe8N9Sg.png"},{"@type":"BreadcrumbList","@id":"https:\/\/doctoralaurafernandez.com\/contacto\/#breadcrumb","itemListElement":[{"@type":"ListItem","position":1,"name":"Portada","item":"https:\/\/doctoralaurafernandez.com\/"},{"@type":"ListItem","position":2,"name":"Contacto Cl\u00ednica Est\u00e9tica Laura Fern\u00e1ndez en Ibiza"}]},{"@type":"WebSite","@id":"https:\/\/doctoralaurafernandez.com\/#website","url":"https:\/\/doctoralaurafernandez.com\/","name":"Dra. Laura Fern\u00e1ndez","description":"Medicina Est\u00e9tica en Ibiza","publisher":{"@id":"https:\/\/doctoralaurafernandez.com\/#organization"},"potentialAction":[{"@type":"SearchAction","target":{"@type":"EntryPoint","urlTemplate":"https:\/\/doctoralaurafernandez.com\/?s={search_term_string}"},"query-input":{"@type":"PropertyValueSpecification","valueRequired":true,"valueName":"search_term_string"}}],"inLanguage":"en-GB"},{"@type":"Organization","@id":"https:\/\/doctoralaurafernandez.com\/#organization","name":"Dra. Laura Fern\u00e1ndez","url":"https:\/\/doctoralaurafernandez.com\/","logo":{"@type":"ImageObject","inLanguage":"en-GB","@id":"https:\/\/doctoralaurafernandez.com\/#\/schema\/logo\/image\/","url":"https:\/\/doctoralaurafernandez.com\/wp-content\/uploads\/2024\/04\/cropped-Logo-Clinica-1.jpg","contentUrl":"https:\/\/doctoralaurafernandez.com\/wp-content\/uploads\/2024\/04\/cropped-Logo-Clinica-1.jpg","width":512,"height":512,"caption":"Dra. Laura Fern\u00e1ndez"},"image":{"@id":"https:\/\/doctoralaurafernandez.com\/#\/schema\/logo\/image\/"},"sameAs":["https:\/\/www.facebook.com\/laura.clinicamedicinaestetica","https:\/\/www.instagram.com\/dralaurafernandezibiza\/"]}]}},"jetpack_sharing_enabled":true,"_links":{"self":[{"href":"https:\/\/doctoralaurafernandez.com\/en\/wp-json\/wp\/v2\/pages\/75","targetHints":{"allow":["GET"]}}],"collection":[{"href":"https:\/\/doctoralaurafernandez.com\/en\/wp-json\/wp\/v2\/pages"}],"about":[{"href":"https:\/\/doctoralaurafernandez.com\/en\/wp-json\/wp\/v2\/types\/page"}],"author":[{"embeddable":true,"href":"https:\/\/doctoralaurafernandez.com\/en\/wp-json\/wp\/v2\/users\/1"}],"replies":[{"embeddable":true,"href":"https:\/\/doctoralaurafernandez.com\/en\/wp-json\/wp\/v2\/comments?post=75"}],"version-history":[{"count":90,"href":"https:\/\/doctoralaurafernandez.com\/en\/wp-json\/wp\/v2\/pages\/75\/revisions"}],"predecessor-version":[{"id":2103,"href":"https:\/\/doctoralaurafernandez.com\/en\/wp-json\/wp\/v2\/pages\/75\/revisions\/2103"}],"wp:attachment":[{"href":"https:\/\/doctoralaurafernandez.com\/en\/wp-json\/wp\/v2\/media?parent=75"}],"curies":[{"name":"wp","href":"https:\/\/api.w.org\/{rel}","templated":true}]}}